{"id":982,"date":"2022-05-27T22:22:43","date_gmt":"2022-05-27T20:22:43","guid":{"rendered":"http:\/\/shetlandsdesbordes.fr\/?page_id=982"},"modified":"2024-11-04T20:00:44","modified_gmt":"2024-11-04T19:00:44","slug":"jedi-de-meravilheta","status":"publish","type":"page","link":"https:\/\/shetlandsdesbordes.fr\/?page_id=982","title":{"rendered":"Jedi de Meravilheta"},"content":{"rendered":"\n<p><\/p>\n\n\n\n<p>Magnifique \u00e9talon noir n\u00e9 le 9 mai 2019. Il toise 106 cm<br>X Amos de Cabue et Dolomite M\u00e9ravilheta X Volemes des Isles. c&rsquo;est l&rsquo;\u00e9levage de M\u00e9ravilheta qui nous a confi\u00e9 ce tr\u00e8s beau poney \u00e0 l&rsquo;\u00e2ge de 3 ans, et nous les remercions chaleureusement !<\/p>\n\n\n\n<p>Son p\u00e8re Amos de Cabue est champion de France FSP des \u00e9talons et r\u00e9serve champion supr\u00eame en 2017. <\/p>\n\n\n\n<p>Jedi s&rsquo;est d\u00e9j\u00e0 tr\u00e8s bien illustr\u00e9 en concours de mod\u00e8les et allures : <br>il est champion des m\u00e2les de 3 ans au concours de Ligni\u00e8res, avec la mention TRES PROMETTEUR, et remporte le championnat junior des m\u00e2les.<br>il est vice-champion de France des m\u00e2les de 3 ans \u00e0 Lamotte Beuvron.<br>il est 3\u00e8me\/7 au concours r\u00e9gional \u00e0 Ligni\u00e8res en 2024, avec la mention EXCELLENT<\/p>\n\n\n\n<p><\/p>\n\n\n\n<figure class=\"wp-block-image size-large\"><img loading=\"lazy\" decoding=\"async\" width=\"1024\" height=\"683\" src=\"http:\/\/shetlandsdesbordes.fr\/wp-content\/uploads\/2023\/01\/A7E52512-C403-4458-BED6-0E5A8C1AFFD5_1_201_a-1024x683.jpeg\" alt=\"\" class=\"wp-image-1134\"\/><figcaption class=\"wp-element-caption\">Jedi champion r\u00e9gional des m\u00e2les de 3 ans \u00e0 Ligni\u00e8res <\/figcaption><\/figure>\n\n\n\n<figure class=\"wp-block-image size-large\"><img loading=\"lazy\" decoding=\"async\" width=\"683\" height=\"1024\" src=\"http:\/\/shetlandsdesbordes.fr\/wp-content\/uploads\/2023\/01\/CDD154FD-B79C-40EA-B69B-D31EC64D8BD8_1_105_c-683x1024.jpeg\" alt=\"\" class=\"wp-image-1129\"\/><figcaption class=\"wp-element-caption\">Jedi champion r\u00e9gional des m\u00e2les de 3 ans \u00e0 Ligni\u00e8res<\/figcaption><\/figure>\n\n\n\n<figure class=\"wp-block-image size-full\"><img loading=\"lazy\" decoding=\"async\" width=\"716\" height=\"793\" src=\"http:\/\/shetlandsdesbordes.fr\/wp-content\/uploads\/2022\/10\/82617268-A65D-4191-947B-B0461727AFAA_1_201_a-1.jpeg\" alt=\"\" class=\"wp-image-1011\" srcset=\"https:\/\/shetlandsdesbordes.fr\/wp-content\/uploads\/2022\/10\/82617268-A65D-4191-947B-B0461727AFAA_1_201_a-1.jpeg 716w, https:\/\/shetlandsdesbordes.fr\/wp-content\/uploads\/2022\/10\/82617268-A65D-4191-947B-B0461727AFAA_1_201_a-1-271x300.jpeg 271w\" sizes=\"(max-width: 716px) 100vw, 716px\" \/><figcaption class=\"wp-element-caption\">Jedi aux championnats de France \u00e0 Lamotte Beuvron en 2022<\/figcaption><\/figure>\n\n\n\n<p><\/p>\n\n\n\n<figure class=\"wp-block-image size-large\"><img loading=\"lazy\" decoding=\"async\" width=\"682\" height=\"1024\" src=\"http:\/\/shetlandsdesbordes.fr\/wp-content\/uploads\/2022\/10\/65E0B430-A7BB-491C-9C22-C458267525AC_1_105_c-682x1024.jpeg\" alt=\"\" class=\"wp-image-1009\" srcset=\"https:\/\/shetlandsdesbordes.fr\/wp-content\/uploads\/2022\/10\/65E0B430-A7BB-491C-9C22-C458267525AC_1_105_c-682x1024.jpeg 682w, https:\/\/shetlandsdesbordes.fr\/wp-content\/uploads\/2022\/10\/65E0B430-A7BB-491C-9C22-C458267525AC_1_105_c-200x300.jpeg 200w, https:\/\/shetlandsdesbordes.fr\/wp-content\/uploads\/2022\/10\/65E0B430-A7BB-491C-9C22-C458267525AC_1_105_c.jpeg 723w\" sizes=\"(max-width: 682px) 100vw, 682px\" \/><figcaption class=\"wp-element-caption\">Jedi vice-champion de France des m\u00e2les de 3 ans <\/figcaption><\/figure>\n\n\n\n<figure class=\"wp-block-image size-full\"><img loading=\"lazy\" decoding=\"async\" width=\"600\" height=\"570\" src=\"http:\/\/shetlandsdesbordes.fr\/wp-content\/uploads\/2024\/10\/Jedi-459182920_1053896449449979_7004874404223517644_n.jpg\" alt=\"\" class=\"wp-image-1652\" srcset=\"https:\/\/shetlandsdesbordes.fr\/wp-content\/uploads\/2024\/10\/Jedi-459182920_1053896449449979_7004874404223517644_n.jpg 600w, https:\/\/shetlandsdesbordes.fr\/wp-content\/uploads\/2024\/10\/Jedi-459182920_1053896449449979_7004874404223517644_n-300x285.jpg 300w\" sizes=\"(max-width: 600px) 100vw, 600px\" \/><\/figure>\n\n\n\n<p>Jedi \u00e0 5 ans \u00e0 Ligni\u00e8res en 2024<\/p>\n\n\n\n<figure class=\"wp-block-image size-full\"><img loading=\"lazy\" decoding=\"async\" width=\"600\" height=\"637\" src=\"http:\/\/shetlandsdesbordes.fr\/wp-content\/uploads\/2024\/10\/Jedi-458496527_1006359934571214_5462903128696363701_n.jpg\" alt=\"\" class=\"wp-image-1648\" srcset=\"https:\/\/shetlandsdesbordes.fr\/wp-content\/uploads\/2024\/10\/Jedi-458496527_1006359934571214_5462903128696363701_n.jpg 600w, https:\/\/shetlandsdesbordes.fr\/wp-content\/uploads\/2024\/10\/Jedi-458496527_1006359934571214_5462903128696363701_n-283x300.jpg 283w\" sizes=\"(max-width: 600px) 100vw, 600px\" \/><\/figure>\n\n\n\n<p>Jedi \u00e0 5 ans \u00e0 Ligni\u00e8res en 2024<\/p>\n\n\n\n<figure class=\"wp-block-image size-full\"><img loading=\"lazy\" decoding=\"async\" width=\"500\" height=\"640\" src=\"http:\/\/shetlandsdesbordes.fr\/wp-content\/uploads\/2024\/10\/Jedi-458802615_1681321292417221_3011673930858470468_n.jpg\" alt=\"\" class=\"wp-image-1651\" srcset=\"https:\/\/shetlandsdesbordes.fr\/wp-content\/uploads\/2024\/10\/Jedi-458802615_1681321292417221_3011673930858470468_n.jpg 500w, https:\/\/shetlandsdesbordes.fr\/wp-content\/uploads\/2024\/10\/Jedi-458802615_1681321292417221_3011673930858470468_n-234x300.jpg 234w\" sizes=\"(max-width: 500px) 100vw, 500px\" \/><\/figure>\n\n\n\n<p>Jedi \u00e0 5 ans \u00e0 Ligni\u00e8res en 2024<\/p>\n\n\n\n<p><\/p>\n","protected":false},"excerpt":{"rendered":"<p>Magnifique \u00e9talon noir n\u00e9 le 9 mai 2019. Il toise 106 cmX Amos de Cabue et Dolomite M\u00e9ravilheta X Volemes des Isles. c&rsquo;est l&rsquo;\u00e9levage de M\u00e9ravilheta qui nous a confi\u00e9 ce tr\u00e8s beau poney \u00e0 l&rsquo;\u00e2ge de 3 ans, et <a class=\"more-link\" href=\"https:\/\/shetlandsdesbordes.fr\/?page_id=982\">Lire plus &#8230;<\/a><\/p>\n","protected":false},"author":1,"featured_media":0,"parent":22,"menu_order":0,"comment_status":"closed","ping_status":"closed","template":"","meta":{"footnotes":""},"_links":{"self":[{"href":"https:\/\/shetlandsdesbordes.fr\/index.php?rest_route=\/wp\/v2\/pages\/982"}],"collection":[{"href":"https:\/\/shetlandsdesbordes.fr\/index.php?rest_route=\/wp\/v2\/pages"}],"about":[{"href":"https:\/\/shetlandsdesbordes.fr\/index.php?rest_route=\/wp\/v2\/types\/page"}],"author":[{"embeddable":true,"href":"https:\/\/shetlandsdesbordes.fr\/index.php?rest_route=\/wp\/v2\/users\/1"}],"replies":[{"embeddable":true,"href":"https:\/\/shetlandsdesbordes.fr\/index.php?rest_route=%2Fwp%2Fv2%2Fcomments&post=982"}],"version-history":[{"count":8,"href":"https:\/\/shetlandsdesbordes.fr\/index.php?rest_route=\/wp\/v2\/pages\/982\/revisions"}],"predecessor-version":[{"id":1687,"href":"https:\/\/shetlandsdesbordes.fr\/index.php?rest_route=\/wp\/v2\/pages\/982\/revisions\/1687"}],"up":[{"embeddable":true,"href":"https:\/\/shetlandsdesbordes.fr\/index.php?rest_route=\/wp\/v2\/pages\/22"}],"wp:attachment":[{"href":"https:\/\/shetlandsdesbordes.fr\/index.php?rest_route=%2Fwp%2Fv2%2Fmedia&parent=982"}],"curies":[{"name":"wp","href":"https:\/\/api.w.org\/{rel}","templated":true}]}}