{"id":978,"date":"2022-05-27T22:15:57","date_gmt":"2022-05-27T20:15:57","guid":{"rendered":"http:\/\/shetlandsdesbordes.fr\/?page_id=978"},"modified":"2026-04-05T23:04:48","modified_gmt":"2026-04-05T21:04:48","slug":"melodie-des-bordes","status":"publish","type":"page","link":"https:\/\/shetlandsdesbordes.fr\/?page_id=978","title":{"rendered":"M\u00e9lodie des Bordes"},"content":{"rendered":"\n<p><\/p>\n\n\n\n<p>Majestueuse pouliche noire, par Sharptor Lithium Red et Elloween des Bordes (Paladin des Bordes).<\/p>\n\n\n\n<p>M\u00e9lodie est n\u00e9e tr\u00e8s grande, elle est vraiment sublime, avec beaucoup de chic !<\/p>\n\n\n\n<p>Elle est qualifi\u00e9e PROMETTEUSE \u00e0 1an \u00e0 Ligni\u00e8res, et de nouveau \u00e0 Ligni\u00e8res PROMETTEUSE \u00e0 2 ans, avec une belle 4\u00e8me place\/17 ! Elle est 4\u00e8me des juments noires de 3 ans \u00e0 l&rsquo;internatonal shetland pony show de 2025. <br>M\u00e9lodie est d\u00e9bourr\u00e9e sous la selle, elle a un tr\u00e8s joli geste \u00e0 l&rsquo;obstacle !<\/p>\n\n\n\n<figure class=\"wp-block-image size-large\"><img loading=\"lazy\" decoding=\"async\" width=\"1024\" height=\"657\" src=\"http:\/\/shetlandsdesbordes.fr\/wp-content\/uploads\/2022\/11\/DSC00834-1024x657.jpg\" alt=\"\" class=\"wp-image-1099\"\/><figcaption class=\"wp-element-caption\">M\u00e9lodie \u00e0 2 mois<\/figcaption><\/figure>\n\n\n\n<figure class=\"wp-block-image size-large\"><img loading=\"lazy\" decoding=\"async\" width=\"1024\" height=\"702\" src=\"http:\/\/shetlandsdesbordes.fr\/wp-content\/uploads\/2022\/11\/DSC00861-1024x702.jpg\" alt=\"\" class=\"wp-image-1102\"\/><figcaption class=\"wp-element-caption\">M\u00e9lodie \u00e0 3 mois<\/figcaption><\/figure>\n\n\n\n<figure class=\"wp-block-image size-large\"><img loading=\"lazy\" decoding=\"async\" width=\"673\" height=\"950\" src=\"https:\/\/shetlandsdesbordes.fr\/wp-content\/uploads\/2026\/02\/Melodie-Screenshot-2024-10-22-at-19-16-04-Joomeo-Espace-ludmilla.drouot-673x950.jpeg\" alt=\"\" class=\"wp-image-1803\" srcset=\"https:\/\/shetlandsdesbordes.fr\/wp-content\/uploads\/2026\/02\/Melodie-Screenshot-2024-10-22-at-19-16-04-Joomeo-Espace-ludmilla.drouot-673x950.jpeg 673w, https:\/\/shetlandsdesbordes.fr\/wp-content\/uploads\/2026\/02\/Melodie-Screenshot-2024-10-22-at-19-16-04-Joomeo-Espace-ludmilla.drouot-213x300.jpeg 213w, https:\/\/shetlandsdesbordes.fr\/wp-content\/uploads\/2026\/02\/Melodie-Screenshot-2024-10-22-at-19-16-04-Joomeo-Espace-ludmilla.drouot-768x1084.jpeg 768w, https:\/\/shetlandsdesbordes.fr\/wp-content\/uploads\/2026\/02\/Melodie-Screenshot-2024-10-22-at-19-16-04-Joomeo-Espace-ludmilla.drouot.jpeg 839w\" sizes=\"(max-width: 673px) 100vw, 673px\" \/><figcaption class=\"wp-element-caption\">M\u00e9lodie \u00e0 2 ans<\/figcaption><\/figure>\n\n\n<div class=\"wp-block-image\">\n<figure class=\"aligncenter size-full\"><img loading=\"lazy\" decoding=\"async\" width=\"274\" height=\"332\" src=\"https:\/\/shetlandsdesbordes.fr\/wp-content\/uploads\/2026\/02\/JR1_0270.jpg\" alt=\"\" class=\"wp-image-1802\" srcset=\"https:\/\/shetlandsdesbordes.fr\/wp-content\/uploads\/2026\/02\/JR1_0270.jpg 274w, https:\/\/shetlandsdesbordes.fr\/wp-content\/uploads\/2026\/02\/JR1_0270-248x300.jpg 248w\" sizes=\"(max-width: 274px) 100vw, 274px\" \/><figcaption class=\"wp-element-caption\">M\u00e9lodie \u00e0 3 ans<\/figcaption><\/figure><\/div>\n\n\n<p><\/p>\n","protected":false},"excerpt":{"rendered":"<p>Majestueuse pouliche noire, par Sharptor Lithium Red et Elloween des Bordes (Paladin des Bordes). M\u00e9lodie est n\u00e9e tr\u00e8s grande, elle est vraiment sublime, avec beaucoup de chic ! Elle est qualifi\u00e9e PROMETTEUSE \u00e0 1an \u00e0 Ligni\u00e8res, et de nouveau \u00e0 <a class=\"more-link\" href=\"https:\/\/shetlandsdesbordes.fr\/?page_id=978\">Lire plus &#8230;<\/a><\/p>\n","protected":false},"author":1,"featured_media":0,"parent":0,"menu_order":0,"comment_status":"closed","ping_status":"closed","template":"","meta":{"footnotes":""},"_links":{"self":[{"href":"https:\/\/shetlandsdesbordes.fr\/index.php?rest_route=\/wp\/v2\/pages\/978"}],"collection":[{"href":"https:\/\/shetlandsdesbordes.fr\/index.php?rest_route=\/wp\/v2\/pages"}],"about":[{"href":"https:\/\/shetlandsdesbordes.fr\/index.php?rest_route=\/wp\/v2\/types\/page"}],"author":[{"embeddable":true,"href":"https:\/\/shetlandsdesbordes.fr\/index.php?rest_route=\/wp\/v2\/users\/1"}],"replies":[{"embeddable":true,"href":"https:\/\/shetlandsdesbordes.fr\/index.php?rest_route=%2Fwp%2Fv2%2Fcomments&post=978"}],"version-history":[{"count":8,"href":"https:\/\/shetlandsdesbordes.fr\/index.php?rest_route=\/wp\/v2\/pages\/978\/revisions"}],"predecessor-version":[{"id":1838,"href":"https:\/\/shetlandsdesbordes.fr\/index.php?rest_route=\/wp\/v2\/pages\/978\/revisions\/1838"}],"wp:attachment":[{"href":"https:\/\/shetlandsdesbordes.fr\/index.php?rest_route=%2Fwp%2Fv2%2Fmedia&parent=978"}],"curies":[{"name":"wp","href":"https:\/\/api.w.org\/{rel}","templated":true}]}}