{"id":976,"date":"2022-05-27T22:14:39","date_gmt":"2022-05-27T20:14:39","guid":{"rendered":"http:\/\/shetlandsdesbordes.fr\/?page_id=976"},"modified":"2026-03-11T20:33:28","modified_gmt":"2026-03-11T19:33:28","slug":"marjolaine-des-bordes","status":"publish","type":"page","link":"https:\/\/shetlandsdesbordes.fr\/?page_id=976","title":{"rendered":"Marjolaine des Bordes"},"content":{"rendered":"\n<p><\/p>\n\n\n\n<p>Sublime pouliche alezane. C&rsquo;est la fille de Artiste de Bellefiole et Idylle des Bordes (Sharptor Lithium Red)<\/p>\n\n\n\n<p>Elle est vraiment adorable et vient sans cesse nous r\u00e9clamer des c\u00e2lins !<\/p>\n\n\n\n<p>Marjolaine est qualifi\u00e9e PROMETTEUSE \u00e0 1 an et termine 9\u00e8me\/14 d&rsquo;une magnifique section des pouliches de 1 an aux championnats de France<br>Elle est de nouveau qualifi\u00e9e PROMETTEUR \u00e0 2 ans et se classe 3\u00e8me lors du concours r\u00e9gional de Langon.<br>Marjolaine est partie avec Olympe dans un \u00e9levage en Bourgogne, bonne continuation \u00e0 ces belles juments !<br><\/p>\n\n\n\n<figure class=\"wp-block-image size-large\"><img loading=\"lazy\" decoding=\"async\" width=\"1024\" height=\"682\" src=\"http:\/\/shetlandsdesbordes.fr\/wp-content\/uploads\/2022\/10\/DSC00725-1024x682.jpg\" alt=\"\" class=\"wp-image-1026\"\/><figcaption class=\"wp-element-caption\">Marjolaine \u00e0 la naissance<\/figcaption><\/figure>\n\n\n\n<figure class=\"wp-block-image size-large\"><img loading=\"lazy\" decoding=\"async\" width=\"1024\" height=\"626\" src=\"http:\/\/shetlandsdesbordes.fr\/wp-content\/uploads\/2022\/11\/DSC00880-1024x626.jpg\" alt=\"\" class=\"wp-image-1104\"\/><figcaption class=\"wp-element-caption\">Marjolaine \u00e0 3 mois<\/figcaption><\/figure>\n\n\n\n<figure class=\"wp-block-image size-large\"><img loading=\"lazy\" decoding=\"async\" width=\"950\" height=\"633\" src=\"https:\/\/shetlandsdesbordes.fr\/wp-content\/uploads\/2024\/04\/marjo-2-950x633.jpg\" alt=\"\" class=\"wp-image-1554\" srcset=\"https:\/\/shetlandsdesbordes.fr\/wp-content\/uploads\/2024\/04\/marjo-2-950x633.jpg 950w, https:\/\/shetlandsdesbordes.fr\/wp-content\/uploads\/2024\/04\/marjo-2-300x200.jpg 300w, https:\/\/shetlandsdesbordes.fr\/wp-content\/uploads\/2024\/04\/marjo-2-768x512.jpg 768w, https:\/\/shetlandsdesbordes.fr\/wp-content\/uploads\/2024\/04\/marjo-2-1536x1024.jpg 1536w, https:\/\/shetlandsdesbordes.fr\/wp-content\/uploads\/2024\/04\/marjo-2-2048x1365.jpg 2048w\" sizes=\"(max-width: 950px) 100vw, 950px\" \/><\/figure>\n\n\n\n<p>Marjolaine \u00e0 1 an <\/p>\n","protected":false},"excerpt":{"rendered":"<p>Sublime pouliche alezane. C&rsquo;est la fille de Artiste de Bellefiole et Idylle des Bordes (Sharptor Lithium Red) Elle est vraiment adorable et vient sans cesse nous r\u00e9clamer des c\u00e2lins ! Marjolaine est qualifi\u00e9e PROMETTEUSE \u00e0 1 an et termine 9\u00e8me\/14 <a class=\"more-link\" href=\"https:\/\/shetlandsdesbordes.fr\/?page_id=976\">Lire plus &#8230;<\/a><\/p>\n","protected":false},"author":1,"featured_media":0,"parent":27,"menu_order":0,"comment_status":"closed","ping_status":"closed","template":"","meta":{"footnotes":""},"_links":{"self":[{"href":"https:\/\/shetlandsdesbordes.fr\/index.php?rest_route=\/wp\/v2\/pages\/976"}],"collection":[{"href":"https:\/\/shetlandsdesbordes.fr\/index.php?rest_route=\/wp\/v2\/pages"}],"about":[{"href":"https:\/\/shetlandsdesbordes.fr\/index.php?rest_route=\/wp\/v2\/types\/page"}],"author":[{"embeddable":true,"href":"https:\/\/shetlandsdesbordes.fr\/index.php?rest_route=\/wp\/v2\/users\/1"}],"replies":[{"embeddable":true,"href":"https:\/\/shetlandsdesbordes.fr\/index.php?rest_route=%2Fwp%2Fv2%2Fcomments&post=976"}],"version-history":[{"count":12,"href":"https:\/\/shetlandsdesbordes.fr\/index.php?rest_route=\/wp\/v2\/pages\/976\/revisions"}],"predecessor-version":[{"id":1810,"href":"https:\/\/shetlandsdesbordes.fr\/index.php?rest_route=\/wp\/v2\/pages\/976\/revisions\/1810"}],"up":[{"embeddable":true,"href":"https:\/\/shetlandsdesbordes.fr\/index.php?rest_route=\/wp\/v2\/pages\/27"}],"wp:attachment":[{"href":"https:\/\/shetlandsdesbordes.fr\/index.php?rest_route=%2Fwp%2Fv2%2Fmedia&parent=976"}],"curies":[{"name":"wp","href":"https:\/\/api.w.org\/{rel}","templated":true}]}}