{"id":974,"date":"2022-05-27T22:13:36","date_gmt":"2022-05-27T20:13:36","guid":{"rendered":"http:\/\/shetlandsdesbordes.fr\/?page_id=974"},"modified":"2026-04-05T23:05:50","modified_gmt":"2026-04-05T21:05:50","slug":"mojito-des-bordes","status":"publish","type":"page","link":"https:\/\/shetlandsdesbordes.fr\/?page_id=974","title":{"rendered":"Mojito des Bordes"},"content":{"rendered":"\n<p><\/p>\n\n\n\n<p>Mojito est un adorable et magnifique hongre bai. Grand m\u00e8re et m\u00e8re sont \u00e9galement n\u00e9es \u00e0 l&rsquo;\u00e9levage. C&rsquo;est le premier Bai de l&rsquo;\u00e9levage.<\/p>\n\n\n\n<p>Il est le fils de Chivas des Blanches et de Ileflottante des Bordes (Sharptor Lithium Red)<\/p>\n\n\n\n<p>Il est champion des foals au concours AFPS de Saint-R\u00e9my en 2022.<br>Mojito est un poney vraiment adorable, il se laisse licoler sans probl\u00e8me, donne les pieds et embarque en camion avec facilit\u00e9. il a un super mental !<br>il toise 99 cm. Mojito est d\u00e9bourr\u00e9, c&rsquo;est un poney tr\u00e8s calme, id\u00e9al pour des enfants<br>Son p\u00e8re Chivas des Blanches est un \u00e9talon class\u00e9 TRES EXCELLENT, il est champion supr\u00eame r\u00e9gional en 2022, vice-champion supr\u00eame driven aux championnats de France en 2021.<\/p>\n\n\n\n<figure class=\"wp-block-image size-large\"><img loading=\"lazy\" decoding=\"async\" width=\"1024\" height=\"682\" src=\"http:\/\/shetlandsdesbordes.fr\/wp-content\/uploads\/2022\/10\/DSC00754-1024x682.jpg\" alt=\"\" class=\"wp-image-1023\"\/><figcaption class=\"wp-element-caption\">Mojito \u00e0 la naissance<\/figcaption><\/figure>\n\n\n\n<figure class=\"wp-block-image size-large\"><img loading=\"lazy\" decoding=\"async\" width=\"950\" height=\"764\" src=\"http:\/\/shetlandsdesbordes.fr\/wp-content\/uploads\/2023\/04\/IMG_8236-950x764.jpeg\" alt=\"\" class=\"wp-image-1403\"\/><figcaption class=\"wp-element-caption\">Mojito \u00e0 10 mois<\/figcaption><\/figure>\n\n\n\n<p><\/p>\n\n\n\n<p><\/p>\n\n\n\n<figure class=\"wp-block-image size-large\"><img loading=\"lazy\" decoding=\"async\" width=\"950\" height=\"713\" src=\"http:\/\/shetlandsdesbordes.fr\/wp-content\/uploads\/2023\/04\/IMG_8074-950x713.jpeg\" alt=\"\" class=\"wp-image-1404\"\/><figcaption class=\"wp-element-caption\">Mojito \u00e0 1 an<\/figcaption><\/figure>\n\n\n\n<p><\/p>\n\n\n\n<figure class=\"wp-block-image size-full is-resized\"><img loading=\"lazy\" decoding=\"async\" width=\"213\" height=\"320\" src=\"https:\/\/shetlandsdesbordes.fr\/wp-content\/uploads\/2024\/10\/Screenshot-2024-09-22-at-23-33-44-14-Facebook-Petite-1.jpeg\" alt=\"\" class=\"wp-image-1626\" style=\"width:537px;height:auto\" srcset=\"https:\/\/shetlandsdesbordes.fr\/wp-content\/uploads\/2024\/10\/Screenshot-2024-09-22-at-23-33-44-14-Facebook-Petite-1.jpeg 213w, https:\/\/shetlandsdesbordes.fr\/wp-content\/uploads\/2024\/10\/Screenshot-2024-09-22-at-23-33-44-14-Facebook-Petite-1-200x300.jpeg 200w\" sizes=\"(max-width: 213px) 100vw, 213px\" \/><figcaption class=\"wp-element-caption\">Son p\u00e8re le magnifique Chivas des Blanches<\/figcaption><\/figure>\n\n\n<div class=\"wp-block-image\">\n<figure class=\"alignright size-full is-resized\"><img loading=\"lazy\" decoding=\"async\" width=\"213\" height=\"320\" src=\"https:\/\/shetlandsdesbordes.fr\/wp-content\/uploads\/2024\/10\/Screenshot-2024-09-22-at-23-33-52-14-Facebook-Petite.jpeg\" alt=\"\" class=\"wp-image-1627\" style=\"width:545px;height:auto\" srcset=\"https:\/\/shetlandsdesbordes.fr\/wp-content\/uploads\/2024\/10\/Screenshot-2024-09-22-at-23-33-52-14-Facebook-Petite.jpeg 213w, https:\/\/shetlandsdesbordes.fr\/wp-content\/uploads\/2024\/10\/Screenshot-2024-09-22-at-23-33-52-14-Facebook-Petite-200x300.jpeg 200w\" sizes=\"(max-width: 213px) 100vw, 213px\" \/><\/figure><\/div>\n\n\n<p>Son p\u00e8re le magnifique Chivas des Blanches<\/p>\n\n\n\n<p><\/p>\n\n\n<div class=\"wp-block-image\">\n<figure class=\"aligncenter size-large\"><img loading=\"lazy\" decoding=\"async\" width=\"648\" height=\"950\" src=\"https:\/\/shetlandsdesbordes.fr\/wp-content\/uploads\/2026\/02\/IMG_5117-648x950.jpeg\" alt=\"\" class=\"wp-image-1806\" srcset=\"https:\/\/shetlandsdesbordes.fr\/wp-content\/uploads\/2026\/02\/IMG_5117-648x950.jpeg 648w, https:\/\/shetlandsdesbordes.fr\/wp-content\/uploads\/2026\/02\/IMG_5117-205x300.jpeg 205w, https:\/\/shetlandsdesbordes.fr\/wp-content\/uploads\/2026\/02\/IMG_5117.jpeg 653w\" sizes=\"(max-width: 648px) 100vw, 648px\" \/><figcaption class=\"wp-element-caption\">Mojito \u00e0 3 ans<\/figcaption><\/figure><\/div>","protected":false},"excerpt":{"rendered":"<p>Mojito est un adorable et magnifique hongre bai. Grand m\u00e8re et m\u00e8re sont \u00e9galement n\u00e9es \u00e0 l&rsquo;\u00e9levage. C&rsquo;est le premier Bai de l&rsquo;\u00e9levage. Il est le fils de Chivas des Blanches et de Ileflottante des Bordes (Sharptor Lithium Red) Il <a class=\"more-link\" href=\"https:\/\/shetlandsdesbordes.fr\/?page_id=974\">Lire plus &#8230;<\/a><\/p>\n","protected":false},"author":1,"featured_media":0,"parent":0,"menu_order":0,"comment_status":"closed","ping_status":"closed","template":"","meta":{"footnotes":""},"_links":{"self":[{"href":"https:\/\/shetlandsdesbordes.fr\/index.php?rest_route=\/wp\/v2\/pages\/974"}],"collection":[{"href":"https:\/\/shetlandsdesbordes.fr\/index.php?rest_route=\/wp\/v2\/pages"}],"about":[{"href":"https:\/\/shetlandsdesbordes.fr\/index.php?rest_route=\/wp\/v2\/types\/page"}],"author":[{"embeddable":true,"href":"https:\/\/shetlandsdesbordes.fr\/index.php?rest_route=\/wp\/v2\/users\/1"}],"replies":[{"embeddable":true,"href":"https:\/\/shetlandsdesbordes.fr\/index.php?rest_route=%2Fwp%2Fv2%2Fcomments&post=974"}],"version-history":[{"count":11,"href":"https:\/\/shetlandsdesbordes.fr\/index.php?rest_route=\/wp\/v2\/pages\/974\/revisions"}],"predecessor-version":[{"id":1839,"href":"https:\/\/shetlandsdesbordes.fr\/index.php?rest_route=\/wp\/v2\/pages\/974\/revisions\/1839"}],"wp:attachment":[{"href":"https:\/\/shetlandsdesbordes.fr\/index.php?rest_route=%2Fwp%2Fv2%2Fmedia&parent=974"}],"curies":[{"name":"wp","href":"https:\/\/api.w.org\/{rel}","templated":true}]}}