{"id":972,"date":"2022-05-27T22:10:42","date_gmt":"2022-05-27T20:10:42","guid":{"rendered":"http:\/\/shetlandsdesbordes.fr\/?page_id=972"},"modified":"2026-03-30T18:35:36","modified_gmt":"2026-03-30T16:35:36","slug":"merlin-des-bordes","status":"publish","type":"page","link":"https:\/\/shetlandsdesbordes.fr\/?page_id=972","title":{"rendered":"Merlin des Bordes"},"content":{"rendered":"\n<p><\/p>\n\n\n\n<p>Merlin des Bordes est un hongre alezan de taille standard, par Sharptor Lithium Red et Utopie Commanderie (Max de Bois Guilbert).<\/p>\n\n\n\n<p>C&rsquo;est un super poney qui se laisse c\u00e2liner et licoler tr\u00e8s facilement. Il donne les pieds et monte en camion sans probl\u00e8me, il est tr\u00e8s ob\u00e9issant. <br>Ses 2 parents sont m\u00e9dailles d&rsquo;or et champions de France FSP. il est le propre fr\u00e8re de Gavroche des Bordes, vice-champion de France FSP des m\u00e2les de 2 ans, poney d\u00e9bourr\u00e9 tr\u00e8s qualiteux au saut et qui fait la joie de sa nouvelle famille !<br>Merlin apprend tr\u00e8s vite et son d\u00e9bourrage a \u00e9t\u00e9 d&rsquo;une facilit\u00e9 rare ! C&rsquo;est un poney id\u00e9al pour des enfants, il a un beau cout de saut.<\/p>\n\n\n\n<p>Merlin est parti avec Kimono dans un poney-club en r\u00e9gion parisienne, nous lui souhaitons une belle carri\u00e8re sportive !<\/p>\n\n\n\n<figure class=\"wp-block-image size-large is-resized\"><img decoding=\"async\" src=\"http:\/\/shetlandsdesbordes.fr\/wp-content\/uploads\/2023\/04\/DSC00526-edited-scaled.jpg\" alt=\"\" class=\"wp-image-1397\" style=\"width:605px\"\/><figcaption class=\"wp-element-caption\">Merlin \u00e0 la naissance<\/figcaption><\/figure>\n\n\n\n<p><\/p>\n\n\n\n<figure class=\"wp-block-image size-large is-resized\"><img loading=\"lazy\" decoding=\"async\" width=\"950\" height=\"690\" src=\"http:\/\/shetlandsdesbordes.fr\/wp-content\/uploads\/2023\/04\/IMG_8104-950x690.jpeg\" alt=\"\" class=\"wp-image-1396\" style=\"width:606px;height:440px\"\/><figcaption class=\"wp-element-caption\">Merlin \u00e0 1 an<\/figcaption><\/figure>\n\n\n\n<p><\/p>\n\n\n\n<figure class=\"wp-block-image size-large\"><img loading=\"lazy\" decoding=\"async\" width=\"950\" height=\"834\" src=\"http:\/\/shetlandsdesbordes.fr\/wp-content\/uploads\/2023\/06\/IMG_8602-950x834.jpeg\" alt=\"\" class=\"wp-image-1434\"\/><figcaption class=\"wp-element-caption\">merlin \u00e0 1 an et demi<\/figcaption><\/figure>\n\n\n\n<p><\/p>\n\n\n","protected":false},"excerpt":{"rendered":"<p>Merlin des Bordes est un hongre alezan de taille standard, par Sharptor Lithium Red et Utopie Commanderie (Max de Bois Guilbert). C&rsquo;est un super poney qui se laisse c\u00e2liner et licoler tr\u00e8s facilement. Il donne les pieds et monte en <a class=\"more-link\" href=\"https:\/\/shetlandsdesbordes.fr\/?page_id=972\">Lire plus &#8230;<\/a><\/p>\n","protected":false},"author":1,"featured_media":0,"parent":0,"menu_order":0,"comment_status":"closed","ping_status":"closed","template":"","meta":{"footnotes":""},"_links":{"self":[{"href":"https:\/\/shetlandsdesbordes.fr\/index.php?rest_route=\/wp\/v2\/pages\/972"}],"collection":[{"href":"https:\/\/shetlandsdesbordes.fr\/index.php?rest_route=\/wp\/v2\/pages"}],"about":[{"href":"https:\/\/shetlandsdesbordes.fr\/index.php?rest_route=\/wp\/v2\/types\/page"}],"author":[{"embeddable":true,"href":"https:\/\/shetlandsdesbordes.fr\/index.php?rest_route=\/wp\/v2\/users\/1"}],"replies":[{"embeddable":true,"href":"https:\/\/shetlandsdesbordes.fr\/index.php?rest_route=%2Fwp%2Fv2%2Fcomments&post=972"}],"version-history":[{"count":9,"href":"https:\/\/shetlandsdesbordes.fr\/index.php?rest_route=\/wp\/v2\/pages\/972\/revisions"}],"predecessor-version":[{"id":1824,"href":"https:\/\/shetlandsdesbordes.fr\/index.php?rest_route=\/wp\/v2\/pages\/972\/revisions\/1824"}],"wp:attachment":[{"href":"https:\/\/shetlandsdesbordes.fr\/index.php?rest_route=%2Fwp%2Fv2%2Fmedia&parent=972"}],"curies":[{"name":"wp","href":"https:\/\/api.w.org\/{rel}","templated":true}]}}