{"id":962,"date":"2022-05-27T20:07:19","date_gmt":"2022-05-27T18:07:19","guid":{"rendered":"http:\/\/shetlandsdesbordes.fr\/?page_id=962"},"modified":"2022-10-17T17:35:22","modified_gmt":"2022-10-17T15:35:22","slug":"lorelei-des-bordes","status":"publish","type":"page","link":"https:\/\/shetlandsdesbordes.fr\/?page_id=962","title":{"rendered":"Lorelei des Bordes"},"content":{"rendered":"\n<p><\/p>\n\n\n\n<p>Lorelei \u00e9tait une magnifique femelle noire n\u00e9e en 2021. Malheureusement, elle est d\u00e9c\u00e9d\u00e9e \u00e0 l&rsquo;\u00e2ge de 4 mois.<\/p>\n\n\n\n\n\n<figure class=\"wp-block-image size-large\"><img loading=\"lazy\" decoding=\"async\" width=\"1024\" height=\"768\" src=\"http:\/\/shetlandsdesbordes.fr\/wp-content\/uploads\/2022\/10\/Lorelei-naissance-50-1024x768.jpg\" alt=\"\" class=\"wp-image-1020\"\/><figcaption>Lorelei \u00e0 la naissance<\/figcaption><\/figure>\n","protected":false},"excerpt":{"rendered":"<p>Lorelei \u00e9tait une magnifique femelle noire n\u00e9e en 2021. Malheureusement, elle est d\u00e9c\u00e9d\u00e9e \u00e0 l&rsquo;\u00e2ge de 4 mois.<\/p>\n","protected":false},"author":1,"featured_media":0,"parent":0,"menu_order":0,"comment_status":"closed","ping_status":"closed","template":"","meta":{"footnotes":""},"_links":{"self":[{"href":"https:\/\/shetlandsdesbordes.fr\/index.php?rest_route=\/wp\/v2\/pages\/962"}],"collection":[{"href":"https:\/\/shetlandsdesbordes.fr\/index.php?rest_route=\/wp\/v2\/pages"}],"about":[{"href":"https:\/\/shetlandsdesbordes.fr\/index.php?rest_route=\/wp\/v2\/types\/page"}],"author":[{"embeddable":true,"href":"https:\/\/shetlandsdesbordes.fr\/index.php?rest_route=\/wp\/v2\/users\/1"}],"replies":[{"embeddable":true,"href":"https:\/\/shetlandsdesbordes.fr\/index.php?rest_route=%2Fwp%2Fv2%2Fcomments&post=962"}],"version-history":[{"count":2,"href":"https:\/\/shetlandsdesbordes.fr\/index.php?rest_route=\/wp\/v2\/pages\/962\/revisions"}],"predecessor-version":[{"id":1021,"href":"https:\/\/shetlandsdesbordes.fr\/index.php?rest_route=\/wp\/v2\/pages\/962\/revisions\/1021"}],"wp:attachment":[{"href":"https:\/\/shetlandsdesbordes.fr\/index.php?rest_route=%2Fwp%2Fv2%2Fmedia&parent=962"}],"curies":[{"name":"wp","href":"https:\/\/api.w.org\/{rel}","templated":true}]}}