{"id":956,"date":"2022-05-27T19:54:39","date_gmt":"2022-05-27T17:54:39","guid":{"rendered":"http:\/\/shetlandsdesbordes.fr\/?page_id=956"},"modified":"2026-03-11T20:31:34","modified_gmt":"2026-03-11T19:31:34","slug":"lancelot-des-bordes","status":"publish","type":"page","link":"https:\/\/shetlandsdesbordes.fr\/?page_id=956","title":{"rendered":"Lancelot des Bordes"},"content":{"rendered":"\n<p><\/p>\n\n\n\n<p>Hongre palomino n\u00e9 le 11\/05\/2021. C&rsquo;est le fils de Paladin des Bordes et de Fleur Bleue des Bordes (Sharptor Lithium Red).<\/p>\n\n\n\n<p>Lancelot est un grand poney, hors taille puisqu&rsquo;il toise 110 cm. il est tr\u00e8s porteur et costaud. Lancelot est d\u00e9bourr\u00e9 sous la selle.<br>Lancelot est parti dans le un club familial dans le sud ouest, nous lui souhaitons une bonne continuation !<\/p>\n\n\n\n<p><\/p>\n\n\n\n<figure class=\"wp-block-image size-large is-resized\"><img loading=\"lazy\" decoding=\"async\" width=\"768\" height=\"1024\" src=\"http:\/\/shetlandsdesbordes.fr\/wp-content\/uploads\/2022\/05\/Lancelot-5-jours-15-768x1024.jpg\" alt=\"\" class=\"wp-image-958\" style=\"width:540px;height:720px\"\/><\/figure>\n\n\n\n<figure class=\"wp-block-image size-large\"><img loading=\"lazy\" decoding=\"async\" width=\"994\" height=\"1024\" src=\"http:\/\/shetlandsdesbordes.fr\/wp-content\/uploads\/2022\/05\/Lancelot-naissance-15-994x1024.jpg\" alt=\"\" class=\"wp-image-959\"\/><\/figure>\n\n\n\n<figure class=\"wp-block-image size-large\"><img loading=\"lazy\" decoding=\"async\" width=\"1024\" height=\"956\" src=\"http:\/\/shetlandsdesbordes.fr\/wp-content\/uploads\/2021\/04\/Kimono-mars-2021-2-1024x956.jpg\" alt=\"\" class=\"wp-image-871\"\/><figcaption class=\"wp-element-caption\">Lancelot \u00e0 2 ans<\/figcaption><\/figure>\n\n\n\n<p><\/p>\n\n\n\n<figure class=\"wp-block-image size-large\"><img loading=\"lazy\" decoding=\"async\" width=\"690\" height=\"1024\" src=\"http:\/\/shetlandsdesbordes.fr\/wp-content\/uploads\/2021\/04\/Kimono-mars-2021-8-690x1024.jpg\" alt=\"Kimono \u00e0 1 an\" class=\"wp-image-864\"\/><figcaption class=\"wp-element-caption\">Lancelot \u00e0 2 ans<\/figcaption><\/figure>\n\n\n\n<figure class=\"wp-block-image size-full\"><img loading=\"lazy\" decoding=\"async\" width=\"231\" height=\"304\" src=\"https:\/\/shetlandsdesbordes.fr\/wp-content\/uploads\/2026\/02\/Esme-14.jpg\" alt=\"\" class=\"wp-image-1797\" srcset=\"https:\/\/shetlandsdesbordes.fr\/wp-content\/uploads\/2026\/02\/Esme-14.jpg 231w, https:\/\/shetlandsdesbordes.fr\/wp-content\/uploads\/2026\/02\/Esme-14-228x300.jpg 228w\" sizes=\"(max-width: 231px) 100vw, 231px\" \/><\/figure>\n","protected":false},"excerpt":{"rendered":"<p>Hongre palomino n\u00e9 le 11\/05\/2021. C&rsquo;est le fils de Paladin des Bordes et de Fleur Bleue des Bordes (Sharptor Lithium Red). Lancelot est un grand poney, hors taille puisqu&rsquo;il toise 110 cm. il est tr\u00e8s porteur et costaud. Lancelot est <a class=\"more-link\" href=\"https:\/\/shetlandsdesbordes.fr\/?page_id=956\">Lire plus &#8230;<\/a><\/p>\n","protected":false},"author":1,"featured_media":0,"parent":31,"menu_order":0,"comment_status":"closed","ping_status":"closed","template":"","meta":{"footnotes":""},"_links":{"self":[{"href":"https:\/\/shetlandsdesbordes.fr\/index.php?rest_route=\/wp\/v2\/pages\/956"}],"collection":[{"href":"https:\/\/shetlandsdesbordes.fr\/index.php?rest_route=\/wp\/v2\/pages"}],"about":[{"href":"https:\/\/shetlandsdesbordes.fr\/index.php?rest_route=\/wp\/v2\/types\/page"}],"author":[{"embeddable":true,"href":"https:\/\/shetlandsdesbordes.fr\/index.php?rest_route=\/wp\/v2\/users\/1"}],"replies":[{"embeddable":true,"href":"https:\/\/shetlandsdesbordes.fr\/index.php?rest_route=%2Fwp%2Fv2%2Fcomments&post=956"}],"version-history":[{"count":6,"href":"https:\/\/shetlandsdesbordes.fr\/index.php?rest_route=\/wp\/v2\/pages\/956\/revisions"}],"predecessor-version":[{"id":1809,"href":"https:\/\/shetlandsdesbordes.fr\/index.php?rest_route=\/wp\/v2\/pages\/956\/revisions\/1809"}],"up":[{"embeddable":true,"href":"https:\/\/shetlandsdesbordes.fr\/index.php?rest_route=\/wp\/v2\/pages\/31"}],"wp:attachment":[{"href":"https:\/\/shetlandsdesbordes.fr\/index.php?rest_route=%2Fwp%2Fv2%2Fmedia&parent=956"}],"curies":[{"name":"wp","href":"https:\/\/api.w.org\/{rel}","templated":true}]}}