{"id":80,"date":"2018-10-22T22:23:44","date_gmt":"2018-10-22T20:23:44","guid":{"rendered":"http:\/\/shetlandsdesbordes.fr\/?page_id=80"},"modified":"2022-11-14T22:21:44","modified_gmt":"2022-11-14T21:21:44","slug":"bibilolo-de-villeneuve","status":"publish","type":"page","link":"https:\/\/shetlandsdesbordes.fr\/?page_id=80","title":{"rendered":"Bibilolo de Villeneuve"},"content":{"rendered":"<p>Ce magnifique \u00e9talon agr\u00e9\u00e9 HN de classe 1, qui a produit plus de 100 poulains, est tr\u00e8s athl\u00e9tique. Il a concouru dans plusieurs championnats d&rsquo;attelage, y compris au salon du cheval en 1998. Il est \u00e9galement qualifi\u00e9 BON.<\/p>\n<div id=\"album_introduction\" class=\"introduction\">\n<p>Pour un entier il est adorable et fait la joie de nombreux enfants, qui peuvent le monter sans probl\u00e8me. Il a une magnifique crini\u00e8re tr\u00e8s fournie qui participe \u00e0 la renomm\u00e9e du poney shetland !<\/p>\n<p>Plusieurs de ses fils sont \u00e9talons, dont Paladin et Diabolo qu&rsquo;on a gard\u00e9 \u00e0 l&rsquo;\u00e9levage. Plusieurs de ses filles sont r\u00e9guli\u00e8rement class\u00e9es en concours mod\u00e8les et allures, son dernier poulain, Causette est vice-championne de France des foals en 2012 ! Il est aussi le p\u00e8re d&rsquo;Iris des pr\u00e9s de la chauss\u00e9e, indic\u00e9e 113 en CCE et 84 en CSO, et de Tic-tac des Bordes, indic\u00e9 131 en CSO et \u00e9talon performer qui est double sans-faute dans la finale A1 par \u00e9quipe \u00e0 Lamotte Beuvron en 2013 et 2014.<\/p>\n<p>Bibilolo nous a quitt\u00e9 d\u00e9but ao\u00fbt 2017, \u00e0 l&rsquo;\u00e2ge de 31 ans, il restera dans nos m\u00e9moires, il est le p\u00e8re de nombreux de nos poneys, plus de 50 !<\/p>\n<p>&nbsp;<\/p>\n<p><img loading=\"lazy\" decoding=\"async\" class=\"size-medium wp-image-81 aligncenter\" src=\"http:\/\/shetlandsdesbordes.fr\/wp-content\/uploads\/2018\/10\/bibilolo-edited-3-jpg-300x262.jpg\" alt=\"\" width=\"300\" height=\"262\"><\/p>\n<\/div>\n<p>&nbsp;<\/p>\n<p><img loading=\"lazy\" decoding=\"async\" class=\"size-full wp-image-111 aligncenter\" src=\"http:\/\/shetlandsdesbordes.fr\/wp-content\/uploads\/2018\/10\/bibilolo-tete-13867.jpg\" alt=\"\" width=\"300\" height=\"400\"><\/p>\n<p>&nbsp;<\/p>\n<p><img loading=\"lazy\" decoding=\"async\" class=\"size-large wp-image-106 aligncenter\" src=\"http:\/\/shetlandsdesbordes.fr\/wp-content\/uploads\/2018\/10\/bibilolo-tete-1024x768.jpg\" alt=\"\" width=\"540\" height=\"405\"><\/p>\n<p>&nbsp;<\/p>\n<p><img loading=\"lazy\" decoding=\"async\" class=\"size-full wp-image-121 aligncenter\" src=\"http:\/\/shetlandsdesbordes.fr\/wp-content\/uploads\/2018\/10\/bibilolo-2-jpg3867.jpg\" alt=\"\" width=\"587\" height=\"400\" srcset=\"https:\/\/shetlandsdesbordes.fr\/wp-content\/uploads\/2018\/10\/bibilolo-2-jpg3867.jpg 587w, https:\/\/shetlandsdesbordes.fr\/wp-content\/uploads\/2018\/10\/bibilolo-2-jpg3867-300x204.jpg 300w\" sizes=\"(max-width: 587px) 100vw, 587px\" \/><\/p>\n<p>&nbsp;<\/p>\n","protected":false},"excerpt":{"rendered":"<p>Ce magnifique \u00e9talon agr\u00e9\u00e9 HN de classe 1, qui a produit plus de 100 poulains, est tr\u00e8s athl\u00e9tique. Il a concouru dans plusieurs championnats d&rsquo;attelage, y compris au salon du cheval en 1998. Il est \u00e9galement qualifi\u00e9 BON. Pour un <a class=\"more-link\" href=\"https:\/\/shetlandsdesbordes.fr\/?page_id=80\">Lire plus &#8230;<\/a><\/p>\n","protected":false},"author":1,"featured_media":0,"parent":22,"menu_order":0,"comment_status":"closed","ping_status":"closed","template":"","meta":{"footnotes":""},"_links":{"self":[{"href":"https:\/\/shetlandsdesbordes.fr\/index.php?rest_route=\/wp\/v2\/pages\/80"}],"collection":[{"href":"https:\/\/shetlandsdesbordes.fr\/index.php?rest_route=\/wp\/v2\/pages"}],"about":[{"href":"https:\/\/shetlandsdesbordes.fr\/index.php?rest_route=\/wp\/v2\/types\/page"}],"author":[{"embeddable":true,"href":"https:\/\/shetlandsdesbordes.fr\/index.php?rest_route=\/wp\/v2\/users\/1"}],"replies":[{"embeddable":true,"href":"https:\/\/shetlandsdesbordes.fr\/index.php?rest_route=%2Fwp%2Fv2%2Fcomments&post=80"}],"version-history":[{"count":5,"href":"https:\/\/shetlandsdesbordes.fr\/index.php?rest_route=\/wp\/v2\/pages\/80\/revisions"}],"predecessor-version":[{"id":675,"href":"https:\/\/shetlandsdesbordes.fr\/index.php?rest_route=\/wp\/v2\/pages\/80\/revisions\/675"}],"up":[{"embeddable":true,"href":"https:\/\/shetlandsdesbordes.fr\/index.php?rest_route=\/wp\/v2\/pages\/22"}],"wp:attachment":[{"href":"https:\/\/shetlandsdesbordes.fr\/index.php?rest_route=%2Fwp%2Fv2%2Fmedia&parent=80"}],"curies":[{"name":"wp","href":"https:\/\/api.w.org\/{rel}","templated":true}]}}