{"id":8,"date":"2018-10-22T19:02:16","date_gmt":"2018-10-22T17:02:16","guid":{"rendered":"http:\/\/shetlandsdesbordes.fr\/?page_id=8"},"modified":"2026-02-12T00:23:20","modified_gmt":"2026-02-11T23:23:20","slug":"lequipe","status":"publish","type":"page","link":"https:\/\/shetlandsdesbordes.fr\/?page_id=8","title":{"rendered":"L&rsquo;\u00e9quipe"},"content":{"rendered":"\n<p>L&rsquo;\u00e9levage des Bordes existe depuis l&rsquo;an 2000. il a \u00e9t\u00e9 cr\u00e9e par Bernard D\u00e9molles, salari\u00e9 de la Mutualit\u00e9 Sociale Agricole \u00e0 la retraite, cavalier de loisirs. Il est second\u00e9e par sa fille, Aline D\u00e9molles, conseill\u00e8re principale d&rsquo;\u00e9ducation dans un coll\u00e8ge \u00e0 5 km de l&rsquo;\u00e9levage, titulaire du galop 7 et ancienne cavali\u00e8re de CSO. Aline monte r\u00e9guli\u00e8rement ses 2 poneys, un poney fran\u00e7ais de selle et un connemara. Elle sort \u00e9galement en concours de dressage.<br>Depuis 2020, la belle-fille d&rsquo;Aline, Lor\u00e8ne, jeune cavali\u00e8re, nous aide dans la pr\u00e9paration des poneys, et monte r\u00e9guli\u00e8rement son fid\u00e8le Flambeau B des Bordes, qu&rsquo;elle sort en concours de mod\u00e8les et allures et en CSO. Lor\u00e8ne monte une fois par semaine dans un poney-club, elle est titulaire du galop 5. Elle est trop grande pour sortir les shetland en CSO, elle fait des longues r\u00eanes dor\u00e9navant<\/p>\n\n\n\n<figure class=\"wp-block-image size-large is-resized\"><img decoding=\"async\" src=\"http:\/\/shetlandsdesbordes.fr\/wp-content\/uploads\/2023\/01\/DSC00084-edited-scaled.jpg\" alt=\"\" class=\"wp-image-1312\" style=\"width:918px;height:auto\"\/><\/figure>\n","protected":false},"excerpt":{"rendered":"<p>L&rsquo;\u00e9levage des Bordes existe depuis l&rsquo;an 2000. il a \u00e9t\u00e9 cr\u00e9e par Bernard D\u00e9molles, salari\u00e9 de la Mutualit\u00e9 Sociale Agricole \u00e0 la retraite, cavalier de loisirs. Il est second\u00e9e par sa fille, Aline D\u00e9molles, conseill\u00e8re principale d&rsquo;\u00e9ducation dans un coll\u00e8ge <a class=\"more-link\" href=\"https:\/\/shetlandsdesbordes.fr\/?page_id=8\">Lire plus &#8230;<\/a><\/p>\n","protected":false},"author":1,"featured_media":0,"parent":0,"menu_order":0,"comment_status":"closed","ping_status":"closed","template":"","meta":{"footnotes":""},"_links":{"self":[{"href":"https:\/\/shetlandsdesbordes.fr\/index.php?rest_route=\/wp\/v2\/pages\/8"}],"collection":[{"href":"https:\/\/shetlandsdesbordes.fr\/index.php?rest_route=\/wp\/v2\/pages"}],"about":[{"href":"https:\/\/shetlandsdesbordes.fr\/index.php?rest_route=\/wp\/v2\/types\/page"}],"author":[{"embeddable":true,"href":"https:\/\/shetlandsdesbordes.fr\/index.php?rest_route=\/wp\/v2\/users\/1"}],"replies":[{"embeddable":true,"href":"https:\/\/shetlandsdesbordes.fr\/index.php?rest_route=%2Fwp%2Fv2%2Fcomments&post=8"}],"version-history":[{"count":10,"href":"https:\/\/shetlandsdesbordes.fr\/index.php?rest_route=\/wp\/v2\/pages\/8\/revisions"}],"predecessor-version":[{"id":1774,"href":"https:\/\/shetlandsdesbordes.fr\/index.php?rest_route=\/wp\/v2\/pages\/8\/revisions\/1774"}],"wp:attachment":[{"href":"https:\/\/shetlandsdesbordes.fr\/index.php?rest_route=%2Fwp%2Fv2%2Fmedia&parent=8"}],"curies":[{"name":"wp","href":"https:\/\/api.w.org\/{rel}","templated":true}]}}