{"id":61,"date":"2018-10-22T19:39:15","date_gmt":"2018-10-22T17:39:15","guid":{"rendered":"http:\/\/shetlandsdesbordes.fr\/?page_id=61"},"modified":"2026-03-30T18:41:31","modified_gmt":"2026-03-30T16:41:31","slug":"lelevage","status":"publish","type":"page","link":"https:\/\/shetlandsdesbordes.fr\/?page_id=61","title":{"rendered":"L&rsquo;\u00e9levage"},"content":{"rendered":"<p>L<strong>&lsquo;\u00e9levage des Bordes<\/strong>\u00a0est bas\u00e9 en r\u00e9gion centre, au coeur du Berry. N&rsquo;h\u00e9sitez pas \u00e0 nous rendre visite !!<\/p>\n<p>Une partie de notre \u00e9levage est \u00e0 <strong>Buxi\u00e8res d&rsquo;Aillac<\/strong> o\u00f9 nous avons commenc\u00e9, et nous avons achet\u00e9 une ferme dans le village voisin \u00e0 5 km \u00e0 <strong>Lys Saint<\/strong> <strong>Georges<\/strong>. Il y a dans ce dernier endroit 5 hectares de p\u00e2tures, ainsi que plusieurs \u00e9curies. Il y a \u00e0 Buxi\u00e8res d&rsquo;Aillac 1 hectare de p\u00e2tures, une \u00e9curie \u00e0 laquelle nous avons construit 2 grands boxes, il y a aussi un rond de longe et une carri\u00e8re en sable 20X40. Cela nous permet de d\u00e9bourrer et dresser nos \u00a0poneys en toute s\u00e9curit\u00e9.<\/p>\n<p>Nous \u00e9levons des poneys de race shetland, de <strong>taille standard<\/strong>, depuis 2000. Tous nos poneys sont pleins papiers, avec de <strong>tr\u00e8s bonnes origines<\/strong> (anglaises, fran\u00e7aises et hollandaises). Notre \u00e9levage\u00a0 a vu na\u00eetre plus de 100 poulains. Plusieurs de nos poneys ont \u00e9t\u00e9 prim\u00e9s lors de diff\u00e9rents concours d&rsquo;\u00e9levage de mod\u00e8les et allures (Haras Nationaux IFCE\/AECVL, France-Shetland Passion, AFPS-GEPS), et certain-es sont <strong>champion-nes de France !<\/strong><\/p>\n<p>Nous sommes \u00e9galement signataires de la charte de l&rsquo;\u00e9leveur, \u00e9dit\u00e9e par l&rsquo;association France-Shetland Passion, visible sur ce lien:\u00a0\u00a0\u00a0\u00a0\u00a0\u00a0\u00a0\u00a0\u00a0\u00a0\u00a0\u00a0\u00a0\u00a0\u00a0\u00a0\u00a0 http:\/\/www.franceshetlandpassion.com\/contacter_france_shetland_passion_charte_eleveur.htm.<\/p>\n<p><em><strong>ROBES<\/strong>: alezan, palomino, noir, gris, isabelle.<\/em><\/p>\n<p><strong>Nous avons 6 JUMENTS reproductrices (dont certaines championnes de France et vice-championnes) et 3 ETALONS. Nous gardons quelques jeunes poneys pour assurer la rel\u00e8ve. <\/strong><\/p>\n<p>Nous vendons nos poneys du sevrage \u00e0 l&rsquo;\u00e2ge adulte. Ils sont tous n\u00e9s chez nous, sont puc\u00e9s, vaccin\u00e9s (grippe-t\u00e9tanos + rhinopneumonie) et vermifug\u00e9s, licol\u00e9s, par\u00e9s r\u00e9guli\u00e8rement et manipul\u00e9s, m\u00eame les plus jeunes. C&rsquo;est essentiel pour nous d&rsquo;\u00e9duquer tous nos poneys d\u00e8s leur naissance. Nous travaillons avec une clinique v\u00e9t\u00e9rinaire sp\u00e9cialis\u00e9e \u00e9quine depuis de nombreuses ann\u00e9es.<\/p>\n<\/p>\n<p><em>N&rsquo;h\u00e9sitez pas \u00e0 nous suivre :<br \/><u>page Facebook <\/u>: <a href=\"https:\/\/www.facebook.com\/ElevageDesBordes\/\">\u00e9levage des Bordes<\/a><br \/><u>Twitter :<\/u> <a href=\"https:\/\/twitter.com\/shetlandberry\">shetlands des borde<\/a><\/em><\/p>\n\n\n<figure class=\"wp-block-image size-large\"><img loading=\"lazy\" decoding=\"async\" width=\"1024\" height=\"599\" src=\"http:\/\/shetlandsdesbordes.fr\/wp-content\/uploads\/2020\/07\/la-preugne-des-bordes.2-1024x599.jpg\" alt=\"\" class=\"wp-image-724\"\/><\/figure>\n\n\n\n<figure class=\"wp-block-image size-large\"><img loading=\"lazy\" decoding=\"async\" width=\"1024\" height=\"599\" src=\"http:\/\/shetlandsdesbordes.fr\/wp-content\/uploads\/2020\/07\/le-plessis-1024x599.jpg\" alt=\"\" class=\"wp-image-725\"\/><\/figure>\n\n\n\n<figure class=\"wp-block-image size-large\"><img loading=\"lazy\" decoding=\"async\" width=\"1024\" height=\"671\" src=\"http:\/\/shetlandsdesbordes.fr\/wp-content\/uploads\/2020\/07\/P\u00e9pito-1024x671.jpg\" alt=\"\" class=\"wp-image-726\"\/><figcaption class=\"wp-element-caption\">la carri\u00e8re en sable<br><\/figcaption><\/figure>\n\n\n\n<figure class=\"wp-block-image size-large\"><img loading=\"lazy\" decoding=\"async\" width=\"1024\" height=\"522\" src=\"http:\/\/shetlandsdesbordes.fr\/wp-content\/uploads\/2020\/07\/juments-et-poulains-1024x522.jpg\" alt=\"\" class=\"wp-image-727\"\/><figcaption class=\"wp-element-caption\">les 2 boxes et l&rsquo;\u00e9curie \u00e0 Buxi\u00e8res d&rsquo;Aillac<br><\/figcaption><\/figure>\n\n\n\n<figure class=\"wp-block-image size-large\"><img loading=\"lazy\" decoding=\"async\" width=\"1024\" height=\"803\" src=\"http:\/\/shetlandsdesbordes.fr\/wp-content\/uploads\/2020\/07\/fox-2019-28-1024x803.jpg\" alt=\"\" class=\"wp-image-729\"\/><figcaption class=\"wp-element-caption\">les 2 boxes \u00e0 Buxi\u00e8res<br><\/figcaption><\/figure>\n\n\n\n<figure class=\"wp-block-image size-large\"><img loading=\"lazy\" decoding=\"async\" width=\"1024\" height=\"682\" src=\"http:\/\/shetlandsdesbordes.fr\/wp-content\/uploads\/2020\/07\/DSC08148-1024x682.jpg\" alt=\"\" class=\"wp-image-730\"\/><figcaption class=\"wp-element-caption\">la sellerie<br><\/figcaption><\/figure>\n","protected":false},"excerpt":{"rendered":"<p>L&lsquo;\u00e9levage des Bordes\u00a0est bas\u00e9 en r\u00e9gion centre, au coeur du Berry. N&rsquo;h\u00e9sitez pas \u00e0 nous rendre visite !! Une partie de notre \u00e9levage est \u00e0 Buxi\u00e8res d&rsquo;Aillac o\u00f9 nous avons commenc\u00e9, et nous avons achet\u00e9 une ferme dans le village <a class=\"more-link\" href=\"https:\/\/shetlandsdesbordes.fr\/?page_id=61\">Lire plus &#8230;<\/a><\/p>\n","protected":false},"author":1,"featured_media":0,"parent":0,"menu_order":0,"comment_status":"closed","ping_status":"closed","template":"","meta":{"footnotes":""},"_links":{"self":[{"href":"https:\/\/shetlandsdesbordes.fr\/index.php?rest_route=\/wp\/v2\/pages\/61"}],"collection":[{"href":"https:\/\/shetlandsdesbordes.fr\/index.php?rest_route=\/wp\/v2\/pages"}],"about":[{"href":"https:\/\/shetlandsdesbordes.fr\/index.php?rest_route=\/wp\/v2\/types\/page"}],"author":[{"embeddable":true,"href":"https:\/\/shetlandsdesbordes.fr\/index.php?rest_route=\/wp\/v2\/users\/1"}],"replies":[{"embeddable":true,"href":"https:\/\/shetlandsdesbordes.fr\/index.php?rest_route=%2Fwp%2Fv2%2Fcomments&post=61"}],"version-history":[{"count":11,"href":"https:\/\/shetlandsdesbordes.fr\/index.php?rest_route=\/wp\/v2\/pages\/61\/revisions"}],"predecessor-version":[{"id":1830,"href":"https:\/\/shetlandsdesbordes.fr\/index.php?rest_route=\/wp\/v2\/pages\/61\/revisions\/1830"}],"wp:attachment":[{"href":"https:\/\/shetlandsdesbordes.fr\/index.php?rest_route=%2Fwp%2Fv2%2Fmedia&parent=61"}],"curies":[{"name":"wp","href":"https:\/\/api.w.org\/{rel}","templated":true}]}}