{"id":586,"date":"2019-06-10T11:32:19","date_gmt":"2019-06-10T09:32:19","guid":{"rendered":"http:\/\/shetlandsdesbordes.fr\/?page_id=586"},"modified":"2021-10-30T21:37:10","modified_gmt":"2021-10-30T19:37:10","slug":"jolie-mome-des-bordes","status":"publish","type":"page","link":"https:\/\/shetlandsdesbordes.fr\/?page_id=586","title":{"rendered":"Jolie M\u00f4me des Bordes"},"content":{"rendered":"\n<p>Jolie M\u00f4me des Bordes est une magnifique femelle alezane n\u00e9e en 2019.<\/p>\n\n\n\n<p>C&rsquo;est une fille de Sharptor Lithium Red et de Utopie Commanderie (Max de Bois Guilbert) <br><br>Jolie M\u00f4me est une jument adorable, elle vient nous voir au pr\u00e9, se laisse licoler, panser, donne les pieds sans probl\u00e8me. Elle se d\u00e9place tr\u00e8s bien. Elle est vice-championne de France FSP des foals en 2019, elle a obtenu la note de 16,40\/20 \u00e0 la finale r\u00e9gionale IFCE en 2019.<br>Jolie m\u00f4me est partie chez notre ost\u00e9opathe \u00e9quin, \u00e0 quelques kilom\u00e8tres de l&rsquo;\u00e9levage. <\/p>\n\n\n\n<p><\/p>\n\n\n\n<figure class=\"wp-block-image size-large\"><img loading=\"lazy\" decoding=\"async\" width=\"1024\" height=\"683\" src=\"http:\/\/shetlandsdesbordes.fr\/wp-content\/uploads\/2020\/05\/jolie-mome-utopie-juin-19-1-1024x683.jpg\" alt=\"\" class=\"wp-image-602\"\/><figcaption>\u00e0 la naissance<br><\/figcaption><\/figure>\n\n\n\n<figure class=\"wp-block-image size-large\"><img loading=\"lazy\" decoding=\"async\" width=\"744\" height=\"1024\" src=\"http:\/\/shetlandsdesbordes.fr\/wp-content\/uploads\/2020\/05\/20190825_155729-Copie-744x1024.jpg\" alt=\"\" class=\"wp-image-604\"\/><\/figure>\n\n\n\n<p>vice-championne de France des foals !<\/p>\n","protected":false},"excerpt":{"rendered":"<p>Jolie M\u00f4me des Bordes est une magnifique femelle alezane n\u00e9e en 2019. C&rsquo;est une fille de Sharptor Lithium Red et de Utopie Commanderie (Max de Bois Guilbert) Jolie M\u00f4me est une jument adorable, elle vient nous voir au pr\u00e9, se <a class=\"more-link\" href=\"https:\/\/shetlandsdesbordes.fr\/?page_id=586\">Lire plus &#8230;<\/a><\/p>\n","protected":false},"author":1,"featured_media":0,"parent":31,"menu_order":0,"comment_status":"closed","ping_status":"closed","template":"","meta":{"footnotes":""},"_links":{"self":[{"href":"https:\/\/shetlandsdesbordes.fr\/index.php?rest_route=\/wp\/v2\/pages\/586"}],"collection":[{"href":"https:\/\/shetlandsdesbordes.fr\/index.php?rest_route=\/wp\/v2\/pages"}],"about":[{"href":"https:\/\/shetlandsdesbordes.fr\/index.php?rest_route=\/wp\/v2\/types\/page"}],"author":[{"embeddable":true,"href":"https:\/\/shetlandsdesbordes.fr\/index.php?rest_route=\/wp\/v2\/users\/1"}],"replies":[{"embeddable":true,"href":"https:\/\/shetlandsdesbordes.fr\/index.php?rest_route=%2Fwp%2Fv2%2Fcomments&post=586"}],"version-history":[{"count":4,"href":"https:\/\/shetlandsdesbordes.fr\/index.php?rest_route=\/wp\/v2\/pages\/586\/revisions"}],"predecessor-version":[{"id":905,"href":"https:\/\/shetlandsdesbordes.fr\/index.php?rest_route=\/wp\/v2\/pages\/586\/revisions\/905"}],"up":[{"embeddable":true,"href":"https:\/\/shetlandsdesbordes.fr\/index.php?rest_route=\/wp\/v2\/pages\/31"}],"wp:attachment":[{"href":"https:\/\/shetlandsdesbordes.fr\/index.php?rest_route=%2Fwp%2Fv2%2Fmedia&parent=586"}],"curies":[{"name":"wp","href":"https:\/\/api.w.org\/{rel}","templated":true}]}}