{"id":584,"date":"2019-06-10T11:26:56","date_gmt":"2019-06-10T09:26:56","guid":{"rendered":"http:\/\/shetlandsdesbordes.fr\/?page_id=584"},"modified":"2021-04-19T17:41:32","modified_gmt":"2021-04-19T15:41:32","slug":"jolijumper-des-bordes","status":"publish","type":"page","link":"https:\/\/shetlandsdesbordes.fr\/?page_id=584","title":{"rendered":"Joli jumper des Bordes"},"content":{"rendered":"\n<p>Joli Jumper est un m\u00e2le noir n\u00e9 en 2019. <br><br>Il a d&rsquo;excellentes origines 100% anglaises : son p\u00e8re est Sharptor Lithium Red et sa m\u00e8re Linka de Cottard est n\u00e9e en France mais ses 2 parents sont anglais (Hose Personality et Merry Miracle of Netherley). <br>Joli Jumper est un tr\u00e8s beau mod\u00e8le, il sera de taille standard, a de tr\u00e8s belles allures. <\/p>\n\n\n\n<p>Joli jumper a obtenu en tant que foal la tr\u00e8s bonne note de 16,75\/20 \u00e0 la finale r\u00e9gionale des poulini\u00e8res suit\u00e9es IFCE\/AECVL \u00e0 Ligni\u00e8res. <\/p>\n\n\n\n<p><br>Joli Jumper est parti avec Jusd&rsquo;pom \u00e0 l\u2019\u00e9levage de la Barre, dans l\u2019Indre, rejoindre Babouchka des Bordes.<\/p>\n\n\n\n<figure class=\"wp-block-image size-large\"><img loading=\"lazy\" decoding=\"async\" width=\"1024\" height=\"978\" src=\"http:\/\/shetlandsdesbordes.fr\/wp-content\/uploads\/2020\/07\/jolijumper-naissance-14-1024x978.jpg\" alt=\"\" class=\"wp-image-796\"\/><figcaption>Joli Jumper \u00e0 la naissance<br><\/figcaption><\/figure>\n\n\n\n<figure class=\"wp-block-image size-large is-resized\"><img loading=\"lazy\" decoding=\"async\" src=\"http:\/\/shetlandsdesbordes.fr\/wp-content\/uploads\/2020\/07\/ligni\u00e8res-2019-3-Copie-1.jpg\" alt=\"\" class=\"wp-image-797\" width=\"369\" height=\"506\" srcset=\"https:\/\/shetlandsdesbordes.fr\/wp-content\/uploads\/2020\/07\/ligni\u00e8res-2019-3-Copie-1.jpg 340w, https:\/\/shetlandsdesbordes.fr\/wp-content\/uploads\/2020\/07\/ligni\u00e8res-2019-3-Copie-1-219x300.jpg 219w\" sizes=\"(max-width: 369px) 100vw, 369px\" \/><figcaption>Joli Jumper \u00e0 3 mois<br><\/figcaption><\/figure>\n\n\n\n<figure class=\"wp-block-image size-large is-resized\"><img loading=\"lazy\" decoding=\"async\" src=\"http:\/\/shetlandsdesbordes.fr\/wp-content\/uploads\/2020\/07\/ligni\u00e8res-2019-5-1.jpg\" alt=\"\" class=\"wp-image-798\" width=\"518\" height=\"414\" srcset=\"https:\/\/shetlandsdesbordes.fr\/wp-content\/uploads\/2020\/07\/ligni\u00e8res-2019-5-1.jpg 457w, https:\/\/shetlandsdesbordes.fr\/wp-content\/uploads\/2020\/07\/ligni\u00e8res-2019-5-1-300x240.jpg 300w\" sizes=\"(max-width: 518px) 100vw, 518px\" \/><figcaption>Joli Jumper \u00e0 3 mois<br><\/figcaption><\/figure>\n\n\n\n<figure class=\"wp-block-image size-large\"><img loading=\"lazy\" decoding=\"async\" width=\"1024\" height=\"839\" src=\"http:\/\/shetlandsdesbordes.fr\/wp-content\/uploads\/2020\/07\/joli-jumper-mai-2020-2-1024x839.jpg\" alt=\"\" class=\"wp-image-799\"\/><figcaption>Joli Jumper \u00e0 1 an<br><\/figcaption><\/figure>\n\n\n\n<figure class=\"wp-block-image size-large\"><img loading=\"lazy\" decoding=\"async\" width=\"1024\" height=\"854\" src=\"http:\/\/shetlandsdesbordes.fr\/wp-content\/uploads\/2020\/07\/joli-jumper-mai-2020-10-1024x854.jpg\" alt=\"\" class=\"wp-image-800\"\/><figcaption>Joli Jumper \u00e0 1 an<br><\/figcaption><\/figure>\n\n\n","protected":false},"excerpt":{"rendered":"<p>Joli Jumper est un m\u00e2le noir n\u00e9 en 2019. Il a d&rsquo;excellentes origines 100% anglaises : son p\u00e8re est Sharptor Lithium Red et sa m\u00e8re Linka de Cottard est n\u00e9e en France mais ses 2 parents sont anglais (Hose Personality <a class=\"more-link\" href=\"https:\/\/shetlandsdesbordes.fr\/?page_id=584\">Lire plus &#8230;<\/a><\/p>\n","protected":false},"author":1,"featured_media":0,"parent":31,"menu_order":0,"comment_status":"closed","ping_status":"closed","template":"","meta":{"footnotes":""},"_links":{"self":[{"href":"https:\/\/shetlandsdesbordes.fr\/index.php?rest_route=\/wp\/v2\/pages\/584"}],"collection":[{"href":"https:\/\/shetlandsdesbordes.fr\/index.php?rest_route=\/wp\/v2\/pages"}],"about":[{"href":"https:\/\/shetlandsdesbordes.fr\/index.php?rest_route=\/wp\/v2\/types\/page"}],"author":[{"embeddable":true,"href":"https:\/\/shetlandsdesbordes.fr\/index.php?rest_route=\/wp\/v2\/users\/1"}],"replies":[{"embeddable":true,"href":"https:\/\/shetlandsdesbordes.fr\/index.php?rest_route=%2Fwp%2Fv2%2Fcomments&post=584"}],"version-history":[{"count":4,"href":"https:\/\/shetlandsdesbordes.fr\/index.php?rest_route=\/wp\/v2\/pages\/584\/revisions"}],"predecessor-version":[{"id":868,"href":"https:\/\/shetlandsdesbordes.fr\/index.php?rest_route=\/wp\/v2\/pages\/584\/revisions\/868"}],"up":[{"embeddable":true,"href":"https:\/\/shetlandsdesbordes.fr\/index.php?rest_route=\/wp\/v2\/pages\/31"}],"wp:attachment":[{"href":"https:\/\/shetlandsdesbordes.fr\/index.php?rest_route=%2Fwp%2Fv2%2Fmedia&parent=584"}],"curies":[{"name":"wp","href":"https:\/\/api.w.org\/{rel}","templated":true}]}}