{"id":582,"date":"2019-06-10T11:20:00","date_gmt":"2019-06-10T09:20:00","guid":{"rendered":"http:\/\/shetlandsdesbordes.fr\/?page_id=582"},"modified":"2023-01-25T20:39:02","modified_gmt":"2023-01-25T19:39:02","slug":"jusdpom-des-bordes","status":"publish","type":"page","link":"https:\/\/shetlandsdesbordes.fr\/?page_id=582","title":{"rendered":"Jusd&rsquo;pom des Bordes"},"content":{"rendered":"\n<p>Jusd&rsquo;pom est un magnifique hongre noir n\u00e9 en 2019. <br>C&rsquo;est le fils de Sharptor Lithium Red et Elloween des Bordes (Paladin des Bordes). Son p\u00e8re est un \u00e9talon import\u00e9 d&rsquo;Angleterre, il est champion de France-Shetland Passion des \u00e9talons en 2014, m\u00e9daille d&rsquo;or et champion supr\u00eame ! Sa m\u00e8re est championne r\u00e9gionale des femelles de 3 ans, championne junior et championne supr\u00eame r\u00e9serve, elle se classe 4\u00e8me au concours r\u00e9gional des pouliches de 2 ans avec la note de 7,18\/10 (29\/40 \u00e0 l&rsquo;obstacle), elle gagne le concours inter race des poneys A \u00e0 la ferme expo de Tours en 2019, avec la note de 8,35\/10.<\/p>\n\n\n\n<p>Jusd&rsquo;Pom est un poney adorable, il vient nous voir au pr\u00e9, se laisse licoler, brosser, doucher, donne les pieds sans probl\u00e8me.  Il a obtenu 15,10\/20 \u00e0 la finale r\u00e9gionale IFCE en 2019, il remporte le championnat des foals \u00e0 la ferme expo de Tours la m\u00eame ann\u00e9e. Il se d\u00e9place tr\u00e8s bien, il sera de taille standard, il a un tr\u00e8s joli port de t\u00eate.<\/p>\n\n\n\n<p>Jusd&rsquo;pom est parti avec Joli Jumper \u00e0 l&rsquo;\u00e9levage de la Barre, dans l&rsquo;Indre, rejoindre Babouchka des Bordes.<\/p>\n\n\n\n<figure class=\"wp-block-image size-large\"><img loading=\"lazy\" decoding=\"async\" width=\"1024\" height=\"719\" src=\"http:\/\/shetlandsdesbordes.fr\/wp-content\/uploads\/2020\/07\/b\u00e9b\u00e9-elloween-5-jours-7-1024x719.jpg\" alt=\"\" class=\"wp-image-781\"\/><figcaption class=\"wp-element-caption\">Jus&rsquo;dpom \u00e0 la naissance<br><\/figcaption><\/figure>\n\n\n\n<figure class=\"wp-block-image size-large\"><img loading=\"lazy\" decoding=\"async\" width=\"1024\" height=\"683\" src=\"http:\/\/shetlandsdesbordes.fr\/wp-content\/uploads\/2020\/07\/Chambord-43-1024x683.jpg\" alt=\"\" class=\"wp-image-785\"\/><figcaption class=\"wp-element-caption\">Jus&rsquo;dpom pour les 500 ans du ch\u00e2teau de Chambord <br><\/figcaption><\/figure>\n\n\n\n<figure class=\"wp-block-image size-large\"><img loading=\"lazy\" decoding=\"async\" width=\"1024\" height=\"933\" src=\"http:\/\/shetlandsdesbordes.fr\/wp-content\/uploads\/2020\/07\/chambord-88-1024x933.jpg\" alt=\"\" class=\"wp-image-786\"\/><figcaption class=\"wp-element-caption\">Jus d&rsquo;pom pour les 500 ans du ch\u00e2teau de Chambord<br><\/figcaption><\/figure>\n\n\n\n<figure class=\"wp-block-image size-large\"><img loading=\"lazy\" decoding=\"async\" width=\"1024\" height=\"798\" src=\"http:\/\/shetlandsdesbordes.fr\/wp-content\/uploads\/2020\/07\/20191116_161912-1024x798.jpg\" alt=\"\" class=\"wp-image-791\"\/><figcaption class=\"wp-element-caption\">Jusd &lsquo;pom \u00e0 6 mois \u00e0 la ferme expo de Tours <br><\/figcaption><\/figure>\n\n\n\n<figure class=\"wp-block-image size-large\"><img loading=\"lazy\" decoding=\"async\" width=\"1024\" height=\"934\" src=\"http:\/\/shetlandsdesbordes.fr\/wp-content\/uploads\/2020\/07\/jus-dpom-mai-2020-4-1024x934.jpg\" alt=\"\" class=\"wp-image-792\"\/><figcaption class=\"wp-element-caption\">Jusd&rsquo;pom \u00e0 1 an<\/figcaption><\/figure>\n\n\n\n<figure class=\"wp-block-image size-large\"><img loading=\"lazy\" decoding=\"async\" width=\"1024\" height=\"930\" src=\"http:\/\/shetlandsdesbordes.fr\/wp-content\/uploads\/2020\/07\/jus-dpom-mai-2020-12-1024x930.jpg\" alt=\"\" class=\"wp-image-793\" srcset=\"https:\/\/shetlandsdesbordes.fr\/wp-content\/uploads\/2020\/07\/jus-dpom-mai-2020-12-1024x930.jpg 1024w, https:\/\/shetlandsdesbordes.fr\/wp-content\/uploads\/2020\/07\/jus-dpom-mai-2020-12-300x272.jpg 300w, https:\/\/shetlandsdesbordes.fr\/wp-content\/uploads\/2020\/07\/jus-dpom-mai-2020-12-768x697.jpg 768w, https:\/\/shetlandsdesbordes.fr\/wp-content\/uploads\/2020\/07\/jus-dpom-mai-2020-12-1536x1395.jpg 1536w, https:\/\/shetlandsdesbordes.fr\/wp-content\/uploads\/2020\/07\/jus-dpom-mai-2020-12-2048x1860.jpg 2048w\" sizes=\"(max-width: 1024px) 100vw, 1024px\" \/><figcaption class=\"wp-element-caption\">Jus d&rsquo;pom \u00e0 1 an<br><\/figcaption><\/figure>\n","protected":false},"excerpt":{"rendered":"<p>Jusd&rsquo;pom est un magnifique hongre noir n\u00e9 en 2019. C&rsquo;est le fils de Sharptor Lithium Red et Elloween des Bordes (Paladin des Bordes). Son p\u00e8re est un \u00e9talon import\u00e9 d&rsquo;Angleterre, il est champion de France-Shetland Passion des \u00e9talons en 2014, <a class=\"more-link\" href=\"https:\/\/shetlandsdesbordes.fr\/?page_id=582\">Lire plus &#8230;<\/a><\/p>\n","protected":false},"author":1,"featured_media":0,"parent":31,"menu_order":0,"comment_status":"closed","ping_status":"closed","template":"","meta":{"footnotes":""},"_links":{"self":[{"href":"https:\/\/shetlandsdesbordes.fr\/index.php?rest_route=\/wp\/v2\/pages\/582"}],"collection":[{"href":"https:\/\/shetlandsdesbordes.fr\/index.php?rest_route=\/wp\/v2\/pages"}],"about":[{"href":"https:\/\/shetlandsdesbordes.fr\/index.php?rest_route=\/wp\/v2\/types\/page"}],"author":[{"embeddable":true,"href":"https:\/\/shetlandsdesbordes.fr\/index.php?rest_route=\/wp\/v2\/users\/1"}],"replies":[{"embeddable":true,"href":"https:\/\/shetlandsdesbordes.fr\/index.php?rest_route=%2Fwp%2Fv2%2Fcomments&post=582"}],"version-history":[{"count":6,"href":"https:\/\/shetlandsdesbordes.fr\/index.php?rest_route=\/wp\/v2\/pages\/582\/revisions"}],"predecessor-version":[{"id":1249,"href":"https:\/\/shetlandsdesbordes.fr\/index.php?rest_route=\/wp\/v2\/pages\/582\/revisions\/1249"}],"up":[{"embeddable":true,"href":"https:\/\/shetlandsdesbordes.fr\/index.php?rest_route=\/wp\/v2\/pages\/31"}],"wp:attachment":[{"href":"https:\/\/shetlandsdesbordes.fr\/index.php?rest_route=%2Fwp%2Fv2%2Fmedia&parent=582"}],"curies":[{"name":"wp","href":"https:\/\/api.w.org\/{rel}","templated":true}]}}