{"id":518,"date":"2018-10-27T19:07:36","date_gmt":"2018-10-27T17:07:36","guid":{"rendered":"http:\/\/shetlandsdesbordes.fr\/?page_id=518"},"modified":"2024-04-26T01:12:49","modified_gmt":"2024-04-25T23:12:49","slug":"esmeralda-des-bordes","status":"publish","type":"page","link":"https:\/\/shetlandsdesbordes.fr\/?page_id=518","title":{"rendered":"Esmeralda des Bordes"},"content":{"rendered":"<p><span style=\"color: #000000;\"><span style=\"font-size: large;\">Esm\u00e9ralda est une magnifique pouliche palomino, par Paladin des Bordes et Rachna v.t&rsquo; kampje. Elle est de grande taille, a de belles allures, elle a un caract\u00e8re en or !<\/span><\/span><\/p>\n<p><span style=\"color: #000000;\"><span style=\"font-size: large;\">Son p\u00e8re, Paladin des Bordes a obtenu une m\u00e9daille d&rsquo;argent aux championnats de France des \u00e9talons, il est le propre fr\u00e8re de Tic-tac des Bordes, \u00e9talon qui se classe r\u00e9guli\u00e8rement en CSO A1. 2 de ses autres fr\u00e8res sont champions de France des hongres, comme Quinola des Bordes ou Verlan des Bordes.<br \/>\n<\/span><\/span><\/p>\n<p><span style=\"color: #000000;\"><span style=\"font-size: large;\">Sa m\u00e8re, Rachna v.t&rsquo; kampje, est championne de France des juments suit\u00e9es et a obtenu une m\u00e9daille d&rsquo;argent elle aussi. c&rsquo;est la 2\u00e8me pouliche palomino qu&rsquo;elle produit avec Paladin. C&rsquo;est une belle jument qui a de magnifiques allures, et un caract\u00e8re exceptionnel, tous ses produits sont vraiment adorables !<\/span><\/span><\/p>\n<p><span style=\"color: #000000;\"><span style=\"font-size: large;\">Esm\u00e9ralda est qualifi\u00e9e PROMETTEUR au concours r\u00e9gionale de Chartres en mai 2016. en juin, elle remporte le concours r\u00e9gional \u00e0 Lamotte-Beuvron des pouliches de 2 ans, avec la note incroyable de 8,35\/10, gr\u00e2ce notamment \u00e0 sa performance \u00e0 l&rsquo;obstacle (36\/40)<br \/>\n<\/span><\/span><\/p>\n<p>Esmeralda est partie comme poulini\u00e8re en Auvergne<\/p>\n<p><img loading=\"lazy\" decoding=\"async\" class=\"alignnone size-large wp-image-523\" src=\"http:\/\/shetlandsdesbordes.fr\/wp-content\/uploads\/2018\/10\/09.06-4-1024x767.jpg\" alt=\"\" width=\"540\" height=\"404\" \/><img loading=\"lazy\" decoding=\"async\" class=\"alignnone size-large wp-image-524\" src=\"http:\/\/shetlandsdesbordes.fr\/wp-content\/uploads\/2018\/10\/09.06-5-1024x683.jpg\" alt=\"\" width=\"540\" height=\"360\" \/><img loading=\"lazy\" decoding=\"async\" class=\"alignnone size-large wp-image-532\" src=\"http:\/\/shetlandsdesbordes.fr\/wp-content\/uploads\/2018\/10\/26.05.18-1024x683.jpg\" alt=\"\" width=\"540\" height=\"360\" \/><img loading=\"lazy\" decoding=\"async\" class=\"alignnone size-large wp-image-533\" src=\"http:\/\/shetlandsdesbordes.fr\/wp-content\/uploads\/2018\/10\/31.07-1-1024x683.jpg\" alt=\"\" width=\"540\" height=\"360\" \/><\/p>\n","protected":false},"excerpt":{"rendered":"<p>Esm\u00e9ralda est une magnifique pouliche palomino, par Paladin des Bordes et Rachna v.t&rsquo; kampje. Elle est de grande taille, a de belles allures, elle a un caract\u00e8re en or ! Son p\u00e8re, Paladin des Bordes a obtenu une m\u00e9daille d&rsquo;argent <a class=\"more-link\" href=\"https:\/\/shetlandsdesbordes.fr\/?page_id=518\">Lire plus &#8230;<\/a><\/p>\n","protected":false},"author":2,"featured_media":0,"parent":31,"menu_order":0,"comment_status":"closed","ping_status":"closed","template":"","meta":{"footnotes":""},"_links":{"self":[{"href":"https:\/\/shetlandsdesbordes.fr\/index.php?rest_route=\/wp\/v2\/pages\/518"}],"collection":[{"href":"https:\/\/shetlandsdesbordes.fr\/index.php?rest_route=\/wp\/v2\/pages"}],"about":[{"href":"https:\/\/shetlandsdesbordes.fr\/index.php?rest_route=\/wp\/v2\/types\/page"}],"author":[{"embeddable":true,"href":"https:\/\/shetlandsdesbordes.fr\/index.php?rest_route=\/wp\/v2\/users\/2"}],"replies":[{"embeddable":true,"href":"https:\/\/shetlandsdesbordes.fr\/index.php?rest_route=%2Fwp%2Fv2%2Fcomments&post=518"}],"version-history":[{"count":5,"href":"https:\/\/shetlandsdesbordes.fr\/index.php?rest_route=\/wp\/v2\/pages\/518\/revisions"}],"predecessor-version":[{"id":1563,"href":"https:\/\/shetlandsdesbordes.fr\/index.php?rest_route=\/wp\/v2\/pages\/518\/revisions\/1563"}],"up":[{"embeddable":true,"href":"https:\/\/shetlandsdesbordes.fr\/index.php?rest_route=\/wp\/v2\/pages\/31"}],"wp:attachment":[{"href":"https:\/\/shetlandsdesbordes.fr\/index.php?rest_route=%2Fwp%2Fv2%2Fmedia&parent=518"}],"curies":[{"name":"wp","href":"https:\/\/api.w.org\/{rel}","templated":true}]}}