{"id":506,"date":"2018-10-27T18:57:43","date_gmt":"2018-10-27T16:57:43","guid":{"rendered":"http:\/\/shetlandsdesbordes.fr\/?page_id=506"},"modified":"2024-04-26T01:22:38","modified_gmt":"2024-04-25T23:22:38","slug":"rachna-v-t-kampje","status":"publish","type":"page","link":"https:\/\/shetlandsdesbordes.fr\/?page_id=506","title":{"rendered":"Rachna v&rsquo;.t Kampje"},"content":{"rendered":"<p><span style=\"color: #000000;\"><span style=\"font-size: large;\">Cette jument hollandaise de robe alezan Crins Lav\u00e9s a de bonnes origines, elle est tr\u00e8s gentille, avec de belles allures et du chic. Elle est n\u00e9e en 2001.<\/span><\/span><\/p>\n<p><span style=\"color: #000000;\"><span style=\"font-size: large;\">Son premier poulain est n\u00e9 en 2007. Il s&rsquo;agit de Tagada Commanderie, belle jument class\u00e9e en concours mod\u00e8les et allures. Son p\u00e8re, Leopold v Lienden, est un tr\u00e8s bon \u00e9talon hollandais qui a produit plusieurs \u00e9talons, dont Barezz from Broken Colours, \u00e9talon de classe 1 qui a obtenu la note de 17\/20 et qui est qualifi\u00e9 TRES EXCELLENT.<\/span><\/span><\/p>\n<p><span style=\"color: #000000;\"><span style=\"font-size: large;\">Rachna a \u00e9t\u00e9 qualifi\u00e9e m\u00e9daille d&rsquo;argent aux championnats de France Shetland Passion en 2000, et elle est championne de France Shetland Passion en 2013 avec de nouveau une m\u00e9daille d&rsquo;argent. Sa fille Arobase des Bordes, se classe 3\u00e8me avec une m\u00e9daille d&rsquo;or des poulini\u00e8res suit\u00e9es aux championnats de France FSP en 2014, et elle est partie continuer sa carri\u00e8re de poulini\u00e8re en Cor\u00e9e du Sud. Elle a aussi produit 2 pouliches palominos.<br \/>Rachna est partie chez une \u00e9leveuse de shetland et de camarguais dans le sud de la France, suit\u00e9e de son poulain Karadoc des Bordes.<br \/><\/span><\/span><\/p>\n<p>\u00a0<img loading=\"lazy\" decoding=\"async\" class=\"alignnone size-large wp-image-508\" src=\"http:\/\/shetlandsdesbordes.fr\/wp-content\/uploads\/2018\/10\/14.06.14-1024x743.jpg\" alt=\"\" width=\"540\" height=\"392\" \/>\u00a0\u00a0<\/p>\n<p>\u00a0<img loading=\"lazy\" decoding=\"async\" class=\"alignnone size-large wp-image-514\" src=\"http:\/\/shetlandsdesbordes.fr\/wp-content\/uploads\/2018\/10\/31.07.14-2-1024x745.jpg\" alt=\"\" width=\"540\" height=\"393\" \/>\u00a0<\/p>\n\n\n<figure class=\"wp-block-image size-large\"><img loading=\"lazy\" decoding=\"async\" width=\"393\" height=\"446\" src=\"http:\/\/shetlandsdesbordes.fr\/wp-content\/uploads\/2020\/07\/Copie-de-rachna-et-esm\u00e9ralda-25.jpg\" alt=\"\" class=\"wp-image-669\" srcset=\"https:\/\/shetlandsdesbordes.fr\/wp-content\/uploads\/2020\/07\/Copie-de-rachna-et-esm\u00e9ralda-25.jpg 393w, https:\/\/shetlandsdesbordes.fr\/wp-content\/uploads\/2020\/07\/Copie-de-rachna-et-esm\u00e9ralda-25-264x300.jpg 264w\" sizes=\"(max-width: 393px) 100vw, 393px\" \/><\/figure>\n\n\n\n<figure class=\"wp-block-image size-large\"><img loading=\"lazy\" decoding=\"async\" width=\"720\" height=\"635\" src=\"http:\/\/shetlandsdesbordes.fr\/wp-content\/uploads\/2020\/07\/39706_1573662507763_7902357_n.jpg\" alt=\"\" class=\"wp-image-671\" srcset=\"https:\/\/shetlandsdesbordes.fr\/wp-content\/uploads\/2020\/07\/39706_1573662507763_7902357_n.jpg 720w, https:\/\/shetlandsdesbordes.fr\/wp-content\/uploads\/2020\/07\/39706_1573662507763_7902357_n-300x265.jpg 300w\" sizes=\"(max-width: 720px) 100vw, 720px\" \/><\/figure>\n","protected":false},"excerpt":{"rendered":"<p>Cette jument hollandaise de robe alezan Crins Lav\u00e9s a de bonnes origines, elle est tr\u00e8s gentille, avec de belles allures et du chic. Elle est n\u00e9e en 2001. Son premier poulain est n\u00e9 en 2007. Il s&rsquo;agit de Tagada Commanderie, <a class=\"more-link\" href=\"https:\/\/shetlandsdesbordes.fr\/?page_id=506\">Lire plus &#8230;<\/a><\/p>\n","protected":false},"author":2,"featured_media":511,"parent":31,"menu_order":0,"comment_status":"closed","ping_status":"closed","template":"","meta":{"footnotes":""},"_links":{"self":[{"href":"https:\/\/shetlandsdesbordes.fr\/index.php?rest_route=\/wp\/v2\/pages\/506"}],"collection":[{"href":"https:\/\/shetlandsdesbordes.fr\/index.php?rest_route=\/wp\/v2\/pages"}],"about":[{"href":"https:\/\/shetlandsdesbordes.fr\/index.php?rest_route=\/wp\/v2\/types\/page"}],"author":[{"embeddable":true,"href":"https:\/\/shetlandsdesbordes.fr\/index.php?rest_route=\/wp\/v2\/users\/2"}],"replies":[{"embeddable":true,"href":"https:\/\/shetlandsdesbordes.fr\/index.php?rest_route=%2Fwp%2Fv2%2Fcomments&post=506"}],"version-history":[{"count":7,"href":"https:\/\/shetlandsdesbordes.fr\/index.php?rest_route=\/wp\/v2\/pages\/506\/revisions"}],"predecessor-version":[{"id":1580,"href":"https:\/\/shetlandsdesbordes.fr\/index.php?rest_route=\/wp\/v2\/pages\/506\/revisions\/1580"}],"up":[{"embeddable":true,"href":"https:\/\/shetlandsdesbordes.fr\/index.php?rest_route=\/wp\/v2\/pages\/31"}],"wp:featuredmedia":[{"embeddable":true,"href":"https:\/\/shetlandsdesbordes.fr\/index.php?rest_route=\/wp\/v2\/media\/511"}],"wp:attachment":[{"href":"https:\/\/shetlandsdesbordes.fr\/index.php?rest_route=%2Fwp%2Fv2%2Fmedia&parent=506"}],"curies":[{"name":"wp","href":"https:\/\/api.w.org\/{rel}","templated":true}]}}