{"id":375,"date":"2018-10-24T22:14:43","date_gmt":"2018-10-24T20:14:43","guid":{"rendered":"http:\/\/shetlandsdesbordes.fr\/?page_id=375"},"modified":"2024-04-26T01:10:30","modified_gmt":"2024-04-25T23:10:30","slug":"dauphine-des-bordes","status":"publish","type":"page","link":"https:\/\/shetlandsdesbordes.fr\/?page_id=375","title":{"rendered":"Dauphine des Bordes"},"content":{"rendered":"<p><span style=\"color: #000000;\"><span style=\"font-size: large;\">Magnifique ponette alezane avec une pelote en t\u00eate. Dauphine toise 105 cm.<\/span><\/span><\/p>\n<p><span style=\"color: #000000;\"><span style=\"font-size: large;\">Par Paladin des Bordes et Vanille des Bordes (Max de Bois Guilbert). Ses 2 parents sont m\u00e9daille d&rsquo;argent, son fr\u00e8re ut\u00e9rin, Cupidon des Bordes, est champion de France. Dauphine est tout aussi excellente, puisqu&rsquo;elle est est \u00e9galement championne de France des foals en 2013 !! Elle est 4\u00e8me des pouliches de 3 ans en 2016. Sa m\u00e8re se classe 2 ann\u00e9es de suite vice-championne de France des poulini\u00e8res suit\u00e9es.<\/span><\/span><\/p>\n<p><span style=\"color: #000000;\"><span style=\"font-size: large;\">Dauphine est une jument qui \u00e9volue tr\u00e8s bien, elle est dynamique et se d\u00e9place bien. Elle a de tr\u00e8s bons aplombs.\u00a0\u00a0Nous avons commenc\u00e9 son d\u00e9bourrage, qui se passe tr\u00e8s bien, elle est attentive et ob\u00e9issante, elle a du train, elle saute aussi tr\u00e8s bien en libert\u00e9.<br \/>\nDauphine est partie chez un \u00e9leveur avec Fiesta des Bordes, dans le Loiret.<br \/>\n<\/span><\/span><\/p>\n\n\n<figure class=\"wp-block-image size-large\"><img loading=\"lazy\" decoding=\"async\" width=\"950\" height=\"686\" src=\"https:\/\/shetlandsdesbordes.fr\/wp-content\/uploads\/2024\/04\/dauphine-03-4-950x686.jpg\" alt=\"\" class=\"wp-image-1559\" srcset=\"https:\/\/shetlandsdesbordes.fr\/wp-content\/uploads\/2024\/04\/dauphine-03-4-950x686.jpg 950w, https:\/\/shetlandsdesbordes.fr\/wp-content\/uploads\/2024\/04\/dauphine-03-4-300x217.jpg 300w, https:\/\/shetlandsdesbordes.fr\/wp-content\/uploads\/2024\/04\/dauphine-03-4-768x555.jpg 768w, https:\/\/shetlandsdesbordes.fr\/wp-content\/uploads\/2024\/04\/dauphine-03-4-1536x1110.jpg 1536w, https:\/\/shetlandsdesbordes.fr\/wp-content\/uploads\/2024\/04\/dauphine-03-4-2048x1480.jpg 2048w\" sizes=\"(max-width: 950px) 100vw, 950px\" \/><\/figure>\n","protected":false},"excerpt":{"rendered":"<p>Magnifique ponette alezane avec une pelote en t\u00eate. Dauphine toise 105 cm. Par Paladin des Bordes et Vanille des Bordes (Max de Bois Guilbert). Ses 2 parents sont m\u00e9daille d&rsquo;argent, son fr\u00e8re ut\u00e9rin, Cupidon des Bordes, est champion de France. <a class=\"more-link\" href=\"https:\/\/shetlandsdesbordes.fr\/?page_id=375\">Lire plus &#8230;<\/a><\/p>\n","protected":false},"author":2,"featured_media":0,"parent":31,"menu_order":0,"comment_status":"closed","ping_status":"closed","template":"","meta":{"footnotes":""},"_links":{"self":[{"href":"https:\/\/shetlandsdesbordes.fr\/index.php?rest_route=\/wp\/v2\/pages\/375"}],"collection":[{"href":"https:\/\/shetlandsdesbordes.fr\/index.php?rest_route=\/wp\/v2\/pages"}],"about":[{"href":"https:\/\/shetlandsdesbordes.fr\/index.php?rest_route=\/wp\/v2\/types\/page"}],"author":[{"embeddable":true,"href":"https:\/\/shetlandsdesbordes.fr\/index.php?rest_route=\/wp\/v2\/users\/2"}],"replies":[{"embeddable":true,"href":"https:\/\/shetlandsdesbordes.fr\/index.php?rest_route=%2Fwp%2Fv2%2Fcomments&post=375"}],"version-history":[{"count":5,"href":"https:\/\/shetlandsdesbordes.fr\/index.php?rest_route=\/wp\/v2\/pages\/375\/revisions"}],"predecessor-version":[{"id":1560,"href":"https:\/\/shetlandsdesbordes.fr\/index.php?rest_route=\/wp\/v2\/pages\/375\/revisions\/1560"}],"up":[{"embeddable":true,"href":"https:\/\/shetlandsdesbordes.fr\/index.php?rest_route=\/wp\/v2\/pages\/31"}],"wp:attachment":[{"href":"https:\/\/shetlandsdesbordes.fr\/index.php?rest_route=%2Fwp%2Fv2%2Fmedia&parent=375"}],"curies":[{"name":"wp","href":"https:\/\/api.w.org\/{rel}","templated":true}]}}