{"id":345,"date":"2018-10-24T21:23:28","date_gmt":"2018-10-24T19:23:28","guid":{"rendered":"http:\/\/shetlandsdesbordes.fr\/?page_id=345"},"modified":"2024-04-26T01:16:01","modified_gmt":"2024-04-25T23:16:01","slug":"fiesta-des-bordes","status":"publish","type":"page","link":"https:\/\/shetlandsdesbordes.fr\/?page_id=345","title":{"rendered":"Fiesta des Bordes"},"content":{"rendered":"<p><span style=\"color: #000000;\"><span style=\"font-size: large;\">Fiesta est une adorable ponette alezane br\u00fbl\u00e9e, tr\u00e8s typ\u00e9e dans le standard de la race. <\/span><\/span><\/p>\n<p><span style=\"color: #000000;\"><span style=\"font-size: large;\">C&rsquo;est une fille de Sharptor Lithium Red et Utopie Commanderie (Max de bois guilbert). Ses 2 parents sont champions de France et m\u00e9daille d&rsquo;or, c&rsquo;est donc assur\u00e9ment une future championne !!!<\/span><\/span><\/p>\n<p><span style=\"color: #000000;\"><span style=\"font-size: large;\">Elle vient nous voir au pr\u00e9, se laisse brosser, donne les pieds &#8230; Elle a une tr\u00e8s belle locomotion, une jolie t\u00eate f\u00e9minine. Elle sera de taille standard.<\/span><\/span><\/p>\n<p>Fiesta est partie chez un \u00e9leveur, avec Dauphine des Bordes.<\/p>\n<p><br \/>\u00a0<\/p>\n\n\n<figure class=\"wp-block-image size-large\"><img loading=\"lazy\" decoding=\"async\" width=\"1024\" height=\"813\" src=\"http:\/\/shetlandsdesbordes.fr\/wp-content\/uploads\/2020\/07\/fiesta-f\u00e9v-2019-1-1024x813.jpg\" alt=\"\" class=\"wp-image-666\"\/><figcaption class=\"wp-element-caption\">Fiesta \u00e0 4 ans<br><\/figcaption><\/figure>\n","protected":false},"excerpt":{"rendered":"<p>Fiesta est une adorable ponette alezane br\u00fbl\u00e9e, tr\u00e8s typ\u00e9e dans le standard de la race. C&rsquo;est une fille de Sharptor Lithium Red et Utopie Commanderie (Max de bois guilbert). Ses 2 parents sont champions de France et m\u00e9daille d&rsquo;or, c&rsquo;est <a class=\"more-link\" href=\"https:\/\/shetlandsdesbordes.fr\/?page_id=345\">Lire plus &#8230;<\/a><\/p>\n","protected":false},"author":2,"featured_media":0,"parent":31,"menu_order":0,"comment_status":"closed","ping_status":"closed","template":"","meta":{"footnotes":""},"_links":{"self":[{"href":"https:\/\/shetlandsdesbordes.fr\/index.php?rest_route=\/wp\/v2\/pages\/345"}],"collection":[{"href":"https:\/\/shetlandsdesbordes.fr\/index.php?rest_route=\/wp\/v2\/pages"}],"about":[{"href":"https:\/\/shetlandsdesbordes.fr\/index.php?rest_route=\/wp\/v2\/types\/page"}],"author":[{"embeddable":true,"href":"https:\/\/shetlandsdesbordes.fr\/index.php?rest_route=\/wp\/v2\/users\/2"}],"replies":[{"embeddable":true,"href":"https:\/\/shetlandsdesbordes.fr\/index.php?rest_route=%2Fwp%2Fv2%2Fcomments&post=345"}],"version-history":[{"count":6,"href":"https:\/\/shetlandsdesbordes.fr\/index.php?rest_route=\/wp\/v2\/pages\/345\/revisions"}],"predecessor-version":[{"id":1571,"href":"https:\/\/shetlandsdesbordes.fr\/index.php?rest_route=\/wp\/v2\/pages\/345\/revisions\/1571"}],"up":[{"embeddable":true,"href":"https:\/\/shetlandsdesbordes.fr\/index.php?rest_route=\/wp\/v2\/pages\/31"}],"wp:attachment":[{"href":"https:\/\/shetlandsdesbordes.fr\/index.php?rest_route=%2Fwp%2Fv2%2Fmedia&parent=345"}],"curies":[{"name":"wp","href":"https:\/\/api.w.org\/{rel}","templated":true}]}}