{"id":334,"date":"2018-10-24T21:00:57","date_gmt":"2018-10-24T19:00:57","guid":{"rendered":"http:\/\/shetlandsdesbordes.fr\/?page_id=334"},"modified":"2026-02-12T20:13:55","modified_gmt":"2026-02-12T19:13:55","slug":"flambeau-b-des-bordes","status":"publish","type":"page","link":"https:\/\/shetlandsdesbordes.fr\/?page_id=334","title":{"rendered":"Flambeau B des Bordes"},"content":{"rendered":"\n<p class=\"has-normal-font-size\"><span style=\"color: #000000; font-size: large;\">Flambeau B des Bordes est un joli hongre alezan avec une raie de mulet et des crins lav\u00e9s. Il est tr\u00e8s typ\u00e9 dans le standard de la race shetland. Il toise 101 cm. Flambeau B est un poney tr\u00e8s gentil et c\u00e2lin, il vient toujours nous voir au pr\u00e9, il est proche de nous. Il est d\u00e9bourr\u00e9 sous la selle et \u00e0 l&rsquo;attelage, il est mont\u00e9 en carri\u00e8re et en balade, et en \u00e9preuves sportives. Il est qualifi\u00e9 label loisirs \u00e0 la ferme expo de Tours en 2019. il a fait la saison 2022\/2023 en CSO A2, A1, A \u00e9lite, sous la selle de sa cavali\u00e8re de 11 ans, Lor\u00e8ne.<br><\/span><span style=\"color: #000000;\"><span style=\"font-size: large;\">Il est le fils de Sharptor Lithium Red et Nu\u00e9e bleue du S\u00e2non. Lithium est un magnifique \u00e9talon anglais, champion supr\u00eame du championnat de France FSP en 2014 et m\u00e9daille d&rsquo;or. Sa m\u00e8re est qualifi\u00e9e TR\u00c8S EXCELLENTE et plusieurs fois m\u00e9daille de bronze. Il est aussi le propre fr\u00e8re de Etincell Commanderie, championne de France des foals en <\/span><\/span>2014, elle est championne r\u00e9gionale des poulini\u00e8res suit\u00e9es \u00e0 St R\u00e9my en 2022.<br>Flambeau est qualifi\u00e9 EXCELLENT et TR\u00c8S EXCELLENT en concours mod\u00e8les et allures, cette derni\u00e8re qualification \u00e9tant assez rare pour un hongre !<\/p>\n\n\n\n<ul>\n<li>En 2019, Flambeau B est champion de France FSP de l&rsquo;\u00e9preuve \u00ab\u00a0lead rein\u00a0\u00bb, il est 3\u00e8me des hongres. A la ferme expo de Tours, il se classe 7\u00e8me\/15 du concours A avec la note de 7,78\/10.<\/li>\n\n\n\n<li>En 2021, il est 1er \u00e0 la ferme expo de Tours avec la note dde 16,7\/20. Il est qualifi\u00e9 EXCELLENT au concours r\u00e9gional AFPS-GEPS de St R\u00e9my et remporte sa section des hongres. Il est m\u00e9daille de bronze en TACS mont\u00e9s. Il est m\u00e9daille d&rsquo;argent en TACS mont\u00e9s au concours r\u00e9gional AFPS-GEPS \u00e0 Ligni\u00e8res. Il est champion de France \u00e0 Lamotte-Beuvron de l&rsquo;\u00e9preuve \u00ab\u00a0first ridden\u00a0\u00bb, il obtient de nouveau une m\u00e9daille d&rsquo;argent en TACS mont\u00e9s et termine 4\u00e8me des hongres. <\/li>\n\n\n\n<li>En 2022, il remporte de nouveau sa section des hongres au concours de Saint-R\u00e9my, avec la mention EXCELLENT, il obtient une m\u00e9daille d&rsquo;argent \u00e0 l&rsquo;\u00e9preuve TACS, ainsi qu&rsquo;\u00e0 Ligni\u00e8res, concours r\u00e9gional o\u00f9 il remporte une m\u00e9daille d&rsquo;or dans l&rsquo;\u00e9preuve \u00ab\u00a0first ridden\u00a0\u00bb; il est vice-champion de France des hongres \u00e0 Lamotte-Beuvron et se classe 3\u00e8me de l&rsquo;\u00e9preuve \u00ab\u00a0first ridden\u00a0\u00bb; <\/li>\n\n\n\n<li>En 2023, il a enchain\u00e9 les sans fautes en \u00e9preuves A2, A1, et A \u00e9lite. lors des championnats de France CSO A \u00e9lite \u00e0 Lamotte Beuvron en 2023, son \u00e9quipe termine \u00e0 la 11\u00e8me place. Flambeau et Lor\u00e8ne sont \u00e9galement champion de France open ridden \u00e0 Ligni\u00e8res en 2023, et vice-champions ridden. ils se classent 3\u00e8me de l&rsquo;\u00e9preuve longues r\u00eanes \u00ab\u00a0reprise level 1\u00a0\u00bb. <\/li>\n\n\n\n<li>En 2024, Lor\u00e8ne ne peut plus le sortir en CSO d\u00fb \u00e0 son \u00e2ge, mais Flambeau participe \u00e0 l&rsquo;\u00e9preuve \u00ab\u00a0open mini\u00a0\u00bb \u00e0 Lamotte-Beuvron avec sa petite cavali\u00e8re de 3 ans Jeanne, o\u00f9 ce joli coupe sont champions de France avec la mention excellent. Lor\u00e8ne le sort encore en \u00e9preuves d&rsquo;\u00e9levage, \u00e0 Langon ils sont champion des TACS mont\u00e9s avec une m\u00e9daille d&rsquo;argent, ils sont 2\u00e8me de l&rsquo;\u00e9preuve \u00ab\u00a0reprise level 2\u00a0\u00bb en longues r\u00eanes, et champion de l&rsquo;\u00e9preuve \u00ab\u00a0open ridden\u00a0\u00bb, ils sont champion RIDDEN et CHAMPION SUPR\u00caME PERFORMANCE ! \u00e0 Ligni\u00e8res ils sont champion TACS en longues r\u00eanes avec une belle m\u00e9daille d&rsquo;or (96\/100), ils sont vice-champions en longues r\u00eanes \u00ab\u00a0reprise level 2\u00a0\u00bb, et qualifi\u00e9 sans mention dans l&rsquo;\u00e9preuve \u00ab\u00a0hunter open\u00a0\u00bb.<\/li>\n\n\n\n<li>En 2025, Lor\u00e8ne ressort Flambeau en CSO pr\u00e9pa 40 et 50 au printemps, en vu de l&rsquo;international shetland pony show : sur 6 sorties, le couple r\u00e9alise 5 SF et une barre ! <br>malheureusement cette belle pr\u00e9paration ne leur portera pas chance \u00e0 l&rsquo;international, puisque le couple termine 8\u00e8me\/12, alors qu&rsquo;ils ont r\u00e9alis\u00e9 un magnifique parcours sans faute &#8230;.<br>Lor\u00e8ne &amp; Flambeau travaillent d\u00e9sormais en longues r\u00eanes, et r\u00e9alisent un joli premier concours club 2 \u00e0 Vierzon, o\u00f9 ils remportent leur \u00e9preuve avec la note de 55\/60.<br><\/li>\n<\/ul>\n\n\n\n<figure class=\"wp-block-image size-large\"><img loading=\"lazy\" decoding=\"async\" width=\"1024\" height=\"683\" src=\"http:\/\/shetlandsdesbordes.fr\/wp-content\/uploads\/2022\/11\/lamapix_1033560006-1024x683.jpg\" alt=\"\" class=\"wp-image-1045\"\/><figcaption class=\"wp-element-caption\">Flambeau B \u00e0 6 ans<\/figcaption><\/figure>\n\n\n\n<figure class=\"wp-block-image size-large\"><img decoding=\"async\" src=\"http:\/\/shetlandsdesbordes.fr\/wp-content\/uploads\/2022\/11\/flambeau-Lorene-1-1024x672.png\" alt=\"\" class=\"wp-image-1054\"\/><figcaption class=\"wp-element-caption\">TACS : passage dans l&rsquo;eau<\/figcaption><\/figure>\n\n\n\n<figure class=\"wp-block-gallery has-nested-images columns-default is-cropped wp-block-gallery-1 is-layout-flex wp-block-gallery-is-layout-flex\">\n<figure class=\"wp-block-image size-large\"><img loading=\"lazy\" decoding=\"async\" width=\"1024\" height=\"782\" data-id=\"1047\" src=\"http:\/\/shetlandsdesbordes.fr\/wp-content\/uploads\/2022\/11\/flambeau-lolo-2-1024x782.jpg\" alt=\"\" class=\"wp-image-1047\"\/><\/figure>\n<figcaption class=\"blocks-gallery-caption wp-element-caption\">Flambeau B \u00e0 Lamotte-Beuvron 2021<\/figcaption><\/figure>\n\n\n<div class=\"wp-block-image\">\n<figure class=\"alignleft size-large\"><img decoding=\"async\" src=\"http:\/\/shetlandsdesbordes.fr\/wp-content\/uploads\/2022\/11\/lolo-first-ridden-30-Copie-767x1024.jpg\" alt=\"\" class=\"wp-image-1049\"\/><figcaption class=\"wp-element-caption\">Flambeau B sous la selle<\/figcaption><\/figure><\/div>\n\n\n<figure class=\"wp-block-image size-large\"><img loading=\"lazy\" decoding=\"async\" width=\"768\" height=\"1024\" src=\"http:\/\/shetlandsdesbordes.fr\/wp-content\/uploads\/2022\/11\/IMG_7516-768x1024.jpg\" alt=\"\" class=\"wp-image-1043\"\/><figcaption class=\"wp-element-caption\">Flambeau B vice-champion de France 2021 <\/figcaption><\/figure>\n\n\n\n<figure class=\"wp-block-image size-large\"><img loading=\"lazy\" decoding=\"async\" width=\"631\" height=\"950\" src=\"https:\/\/shetlandsdesbordes.fr\/wp-content\/uploads\/2024\/04\/ALX_4271-631x950.jpg\" alt=\"\" class=\"wp-image-1534\" srcset=\"https:\/\/shetlandsdesbordes.fr\/wp-content\/uploads\/2024\/04\/ALX_4271-631x950.jpg 631w, https:\/\/shetlandsdesbordes.fr\/wp-content\/uploads\/2024\/04\/ALX_4271-199x300.jpg 199w, https:\/\/shetlandsdesbordes.fr\/wp-content\/uploads\/2024\/04\/ALX_4271-768x1156.jpg 768w, https:\/\/shetlandsdesbordes.fr\/wp-content\/uploads\/2024\/04\/ALX_4271-1021x1536.jpg 1021w, https:\/\/shetlandsdesbordes.fr\/wp-content\/uploads\/2024\/04\/ALX_4271-1361x2048.jpg 1361w, https:\/\/shetlandsdesbordes.fr\/wp-content\/uploads\/2024\/04\/ALX_4271-scaled.jpg 1701w\" sizes=\"(max-width: 631px) 100vw, 631px\" \/><\/figure>\n\n\n\n<p>en A \u00e9lite \u00e0 Ligni\u00e8res<\/p>\n\n\n\n<figure class=\"wp-block-image size-large\"><img loading=\"lazy\" decoding=\"async\" width=\"950\" height=\"633\" src=\"https:\/\/shetlandsdesbordes.fr\/wp-content\/uploads\/2024\/04\/1-950x633.jpg\" alt=\"\" class=\"wp-image-1536\" srcset=\"https:\/\/shetlandsdesbordes.fr\/wp-content\/uploads\/2024\/04\/1-950x633.jpg 950w, https:\/\/shetlandsdesbordes.fr\/wp-content\/uploads\/2024\/04\/1-300x200.jpg 300w, https:\/\/shetlandsdesbordes.fr\/wp-content\/uploads\/2024\/04\/1-768x512.jpg 768w, https:\/\/shetlandsdesbordes.fr\/wp-content\/uploads\/2024\/04\/1-1536x1024.jpg 1536w, https:\/\/shetlandsdesbordes.fr\/wp-content\/uploads\/2024\/04\/1.jpg 1920w\" sizes=\"(max-width: 950px) 100vw, 950px\" \/><\/figure>\n\n\n\n<p>championnats de France A \u00e9lite 2023<\/p>\n\n\n\n<figure class=\"wp-block-image size-large\"><img loading=\"lazy\" decoding=\"async\" width=\"651\" height=\"950\" src=\"https:\/\/shetlandsdesbordes.fr\/wp-content\/uploads\/2024\/04\/IMG_9591-651x950.jpeg\" alt=\"\" class=\"wp-image-1538\" srcset=\"https:\/\/shetlandsdesbordes.fr\/wp-content\/uploads\/2024\/04\/IMG_9591-651x950.jpeg 651w, https:\/\/shetlandsdesbordes.fr\/wp-content\/uploads\/2024\/04\/IMG_9591-205x300.jpeg 205w, https:\/\/shetlandsdesbordes.fr\/wp-content\/uploads\/2024\/04\/IMG_9591-768x1122.jpeg 768w, https:\/\/shetlandsdesbordes.fr\/wp-content\/uploads\/2024\/04\/IMG_9591-1052x1536.jpeg 1052w, https:\/\/shetlandsdesbordes.fr\/wp-content\/uploads\/2024\/04\/IMG_9591-1402x2048.jpeg 1402w, https:\/\/shetlandsdesbordes.fr\/wp-content\/uploads\/2024\/04\/IMG_9591-scaled.jpeg 1753w\" sizes=\"(max-width: 651px) 100vw, 651px\" \/><\/figure>\n\n\n\n<p>champions de France open ridden 2023<\/p>\n\n\n\n<figure class=\"wp-block-image size-full\"><img loading=\"lazy\" decoding=\"async\" width=\"600\" height=\"900\" src=\"http:\/\/shetlandsdesbordes.fr\/wp-content\/uploads\/2024\/10\/ludmillaModi\u00bf\u00bdles-Allures426.jpg\" alt=\"\" class=\"wp-image-1666\" srcset=\"https:\/\/shetlandsdesbordes.fr\/wp-content\/uploads\/2024\/10\/ludmillaModi\u00bf\u00bdles-Allures426.jpg 600w, https:\/\/shetlandsdesbordes.fr\/wp-content\/uploads\/2024\/10\/ludmillaModi\u00bf\u00bdles-Allures426-200x300.jpg 200w\" sizes=\"(max-width: 600px) 100vw, 600px\" \/><\/figure>\n\n\n\n<p>\u00e0 Langon en 2024<\/p>\n\n\n\n<figure class=\"wp-block-image size-full\"><img loading=\"lazy\" decoding=\"async\" width=\"600\" height=\"400\" src=\"http:\/\/shetlandsdesbordes.fr\/wp-content\/uploads\/2024\/10\/Epreuves-Sportives0281.jpg\" alt=\"\" class=\"wp-image-1668\" srcset=\"https:\/\/shetlandsdesbordes.fr\/wp-content\/uploads\/2024\/10\/Epreuves-Sportives0281.jpg 600w, https:\/\/shetlandsdesbordes.fr\/wp-content\/uploads\/2024\/10\/Epreuves-Sportives0281-300x200.jpg 300w\" sizes=\"(max-width: 600px) 100vw, 600px\" \/><\/figure>\n\n\n\n<p>en reprise longues r\u00eanes \u00e0 Langon<\/p>\n\n\n\n<p><\/p>\n","protected":false},"excerpt":{"rendered":"<p>Flambeau B des Bordes est un joli hongre alezan avec une raie de mulet et des crins lav\u00e9s. Il est tr\u00e8s typ\u00e9 dans le standard de la race shetland. Il toise 101 cm. Flambeau B est un poney tr\u00e8s gentil <a class=\"more-link\" href=\"https:\/\/shetlandsdesbordes.fr\/?page_id=334\">Lire plus &#8230;<\/a><\/p>\n","protected":false},"author":1,"featured_media":0,"parent":12,"menu_order":1,"comment_status":"closed","ping_status":"closed","template":"","meta":{"footnotes":""},"_links":{"self":[{"href":"https:\/\/shetlandsdesbordes.fr\/index.php?rest_route=\/wp\/v2\/pages\/334"}],"collection":[{"href":"https:\/\/shetlandsdesbordes.fr\/index.php?rest_route=\/wp\/v2\/pages"}],"about":[{"href":"https:\/\/shetlandsdesbordes.fr\/index.php?rest_route=\/wp\/v2\/types\/page"}],"author":[{"embeddable":true,"href":"https:\/\/shetlandsdesbordes.fr\/index.php?rest_route=\/wp\/v2\/users\/1"}],"replies":[{"embeddable":true,"href":"https:\/\/shetlandsdesbordes.fr\/index.php?rest_route=%2Fwp%2Fv2%2Fcomments&post=334"}],"version-history":[{"count":15,"href":"https:\/\/shetlandsdesbordes.fr\/index.php?rest_route=\/wp\/v2\/pages\/334\/revisions"}],"predecessor-version":[{"id":1784,"href":"https:\/\/shetlandsdesbordes.fr\/index.php?rest_route=\/wp\/v2\/pages\/334\/revisions\/1784"}],"up":[{"embeddable":true,"href":"https:\/\/shetlandsdesbordes.fr\/index.php?rest_route=\/wp\/v2\/pages\/12"}],"wp:attachment":[{"href":"https:\/\/shetlandsdesbordes.fr\/index.php?rest_route=%2Fwp%2Fv2%2Fmedia&parent=334"}],"curies":[{"name":"wp","href":"https:\/\/api.w.org\/{rel}","templated":true}]}}