{"id":317,"date":"2018-10-24T18:57:17","date_gmt":"2018-10-24T16:57:17","guid":{"rendered":"http:\/\/shetlandsdesbordes.fr\/?page_id=317"},"modified":"2023-01-24T19:47:48","modified_gmt":"2023-01-24T18:47:48","slug":"foxtrot-des-bordes","status":"publish","type":"page","link":"https:\/\/shetlandsdesbordes.fr\/?page_id=317","title":{"rendered":"Fox&rsquo;trot des Bordes"},"content":{"rendered":"<p><span style=\"color: #000000;\"><span style=\"font-size: large;\">Fox&rsquo; trot des Bordes est un tr\u00e8s bel hongre\u00a0alezan br\u00fbl\u00e9, avec quelques poils en t\u00eate. Fox trot&rsquo; est adorable, il vient nous voir au pr\u00e9, il se laisse brosser sans probl\u00e8me, donne les pieds etc&#8230; Il a de tr\u00e8s belles allures, et il a h\u00e9rit\u00e9 de la force osseuse de son p\u00e8re. Il sera de taille grand standard.<\/span><\/span><\/p>\n<p><span style=\"color: #000000;\"><span style=\"font-size: large;\">C&rsquo;est un fils de Sharptor Lithium Red et Vanille des Bordes (Max de bois guilbert). Son p\u00e8re est un magnifique \u00e9talon anglais issu du c\u00e9l\u00e8bre \u00e9levage Sharptor et issu des souches Souhthley. Il remporte le 1er prix des foals en 2007 au yearling standard colt foal SWSPG young stock show (south west shetland pony group), ainsi qu&rsquo;en France le championnat de France FSP en 2014 des \u00e9talons, et le championnat supr\u00eame avec une m\u00e9daille d&rsquo;or.\u00a0 <\/span><\/span><\/p>\n<p><span style=\"color: #000000;\"><span style=\"font-size: large;\">Sa m\u00e8re est 2 fois vice-championne de France FSP et 1 fois 3\u00e8me des poulini\u00e8res suit\u00e9es, avec 2 m\u00e9dailles d&rsquo;argent et 1 m\u00e9daille de bronze. Fox&rsquo; trot est le fr\u00e8re ut\u00e9rin de Cupidon des Bordes et Dauphine des Bordes, tous les 2 champions de France FSP des foals. Il est le propre fr\u00e8re de Goldorac des Bordes, champion de France FSP des foals \u00e9galement !<\/span><\/span><\/p>\n<p>Fox trot est d\u00e9bourr\u00e9 sous la selle et aux longues r\u00eanes. Il est tr\u00e8s gentil !<\/p>\n<p>\u00a0\u00a0\u00a0 <img loading=\"lazy\" decoding=\"async\" class=\"alignnone size-large wp-image-319\" src=\"http:\/\/shetlandsdesbordes.fr\/wp-content\/uploads\/2018\/10\/09.08-2-1024x823.jpg\" alt=\"\" width=\"540\" height=\"434\" \/><\/p>\n\n\n<figure class=\"wp-block-image size-large\"><img decoding=\"async\" src=\"http:\/\/shetlandsdesbordes.fr\/wp-content\/uploads\/2020\/06\/Foxtrot-janv-16-3.jpg\" alt=\"\" class=\"wp-image-649\"\/><figcaption class=\"wp-element-caption\">\u00e0 1 an<br><\/figcaption><\/figure>\n\n\n\n<figure class=\"wp-block-image size-large\"><img loading=\"lazy\" decoding=\"async\" width=\"1024\" height=\"780\" src=\"http:\/\/shetlandsdesbordes.fr\/wp-content\/uploads\/2020\/06\/fox-2019-21-1024x780.jpg\" alt=\"\" class=\"wp-image-650\"\/><figcaption class=\"wp-element-caption\">\u00e0 3 ans<\/figcaption><\/figure>\n\n\n\n<figure class=\"wp-block-image size-large\"><img loading=\"lazy\" decoding=\"async\" width=\"1024\" height=\"856\" src=\"http:\/\/shetlandsdesbordes.fr\/wp-content\/uploads\/2020\/06\/bastien-fox-2019-2-Copie-1024x856.jpg\" alt=\"\" class=\"wp-image-651\"\/><figcaption class=\"wp-element-caption\">\u00e0 4 ans<\/figcaption><\/figure>\n\n\n\n<figure class=\"wp-block-image size-large\"><img decoding=\"async\" src=\"http:\/\/shetlandsdesbordes.fr\/wp-content\/uploads\/2020\/06\/fox-trot-08.19-20.jpg\" alt=\"\" class=\"wp-image-652\"\/><figcaption class=\"wp-element-caption\">\u00e0 4 ans<\/figcaption><\/figure>\n","protected":false},"excerpt":{"rendered":"<p>Fox&rsquo; trot des Bordes est un tr\u00e8s bel hongre\u00a0alezan br\u00fbl\u00e9, avec quelques poils en t\u00eate. Fox trot&rsquo; est adorable, il vient nous voir au pr\u00e9, il se laisse brosser sans probl\u00e8me, donne les pieds etc&#8230; Il a de tr\u00e8s belles <a class=\"more-link\" href=\"https:\/\/shetlandsdesbordes.fr\/?page_id=317\">Lire plus &#8230;<\/a><\/p>\n","protected":false},"author":2,"featured_media":0,"parent":31,"menu_order":0,"comment_status":"closed","ping_status":"closed","template":"","meta":{"footnotes":""},"_links":{"self":[{"href":"https:\/\/shetlandsdesbordes.fr\/index.php?rest_route=\/wp\/v2\/pages\/317"}],"collection":[{"href":"https:\/\/shetlandsdesbordes.fr\/index.php?rest_route=\/wp\/v2\/pages"}],"about":[{"href":"https:\/\/shetlandsdesbordes.fr\/index.php?rest_route=\/wp\/v2\/types\/page"}],"author":[{"embeddable":true,"href":"https:\/\/shetlandsdesbordes.fr\/index.php?rest_route=\/wp\/v2\/users\/2"}],"replies":[{"embeddable":true,"href":"https:\/\/shetlandsdesbordes.fr\/index.php?rest_route=%2Fwp%2Fv2%2Fcomments&post=317"}],"version-history":[{"count":5,"href":"https:\/\/shetlandsdesbordes.fr\/index.php?rest_route=\/wp\/v2\/pages\/317\/revisions"}],"predecessor-version":[{"id":1172,"href":"https:\/\/shetlandsdesbordes.fr\/index.php?rest_route=\/wp\/v2\/pages\/317\/revisions\/1172"}],"up":[{"embeddable":true,"href":"https:\/\/shetlandsdesbordes.fr\/index.php?rest_route=\/wp\/v2\/pages\/31"}],"wp:attachment":[{"href":"https:\/\/shetlandsdesbordes.fr\/index.php?rest_route=%2Fwp%2Fv2%2Fmedia&parent=317"}],"curies":[{"name":"wp","href":"https:\/\/api.w.org\/{rel}","templated":true}]}}