{"id":31,"date":"2018-10-22T19:07:42","date_gmt":"2018-10-22T17:07:42","guid":{"rendered":"http:\/\/shetlandsdesbordes.fr\/?page_id=31"},"modified":"2026-04-05T23:01:36","modified_gmt":"2026-04-05T21:01:36","slug":"les-poneys-vendus","status":"publish","type":"page","link":"https:\/\/shetlandsdesbordes.fr\/?page_id=31","title":{"rendered":"Les poneys vendus"},"content":{"rendered":"\n<p>Voici quelques liens des poneys que nous avons vendus. Nous n&rsquo;avons bien-s\u00fbr pas mis la  totalit\u00e9 des poneys que nous avons vendus, mais juste ceux des derni\u00e8res ann\u00e9es.<\/p>\n\n\n\n<p><a href=\"http:\/\/shetlandsdesbordes.fr\/?page_id=1239\" data-type=\"page\" data-id=\"1239\">Diabolo des Bordes <\/a><\/p>\n\n\n\n<p><mark style=\"background-color:rgba(0, 0, 0, 0)\" class=\"has-inline-color has-vivid-cyan-blue-color\"><a href=\"http:\/\/shetlandsdesbordes.fr\/?page_id=375\" data-type=\"page\" data-id=\"375\">Dauphine des Bordes<\/a><\/mark><\/p>\n\n\n\n<p><a href=\"http:\/\/shetlandsdesbordes.fr\/?page_id=363\" data-type=\"page\" data-id=\"363\">E&rsquo;mail des Bordes <\/a><\/p>\n\n\n\n<p><mark style=\"background-color:rgba(0, 0, 0, 0)\" class=\"has-inline-color has-vivid-cyan-blue-color\"><a href=\"http:\/\/shetlandsdesbordes.fr\/?page_id=518\" data-type=\"page\" data-id=\"518\">Esmeralda des Bordes<\/a><\/mark><\/p>\n\n\n\n<p><a href=\"http:\/\/shetlandsdesbordes.fr\/?page_id=1338\" data-type=\"page\" data-id=\"1338\">Epep&rsquo;sa des Bordes <\/a><\/p>\n\n\n\n<p><a href=\"http:\/\/shetlandsdesbordes.fr\/?page_id=1339\" data-type=\"page\" data-id=\"1339\">Ella Ell&rsquo;a des Bordes<\/a><a href=\"http:\/\/shetlandsdesbordes.fr\/?page_id=31\" data-type=\"page\" data-id=\"31\"> <\/a><\/p>\n\n\n\n<p><a href=\"http:\/\/shetlandsdesbordes.fr\/?page_id=294\" data-type=\"page\" data-id=\"294\">Froufrou des Bordes <\/a><\/p>\n\n\n\n<p><a href=\"http:\/\/shetlandsdesbordes.fr\/?page_id=1238\" data-type=\"page\" data-id=\"1238\">Funny des Borde<\/a><a href=\"http:\/\/shetlandsdesbordes.fr\/?page_id=31\" data-type=\"page\" data-id=\"31\">s <\/a><\/p>\n\n\n\n<p><a href=\"http:\/\/shetlandsdesbordes.fr\/?page_id=345\" data-type=\"page\" data-id=\"345\">Fiesta des Bordes<\/a><\/p>\n\n\n\n<p><mark style=\"background-color:rgba(0, 0, 0, 0)\" class=\"has-inline-color has-vivid-cyan-blue-color\"><a href=\"http:\/\/shetlandsdesbordes.fr\/?page_id=317\" data-type=\"page\" data-id=\"317\">Fox trot des Bordes<\/a><\/mark><\/p>\n\n\n\n<p><mark style=\"background-color:rgba(0, 0, 0, 0)\" class=\"has-inline-color has-vivid-cyan-blue-color\"><a href=\"http:\/\/shetlandsdesbordes.fr\/?page_id=256\" data-type=\"page\" data-id=\"256\">Gravette des Bordes<\/a><\/mark><\/p>\n\n\n\n<p><mark style=\"background-color:rgba(0, 0, 0, 0)\" class=\"has-inline-color has-vivid-cyan-blue-color\"><a href=\"http:\/\/shetlandsdesbordes.fr\/?page_id=279\" data-type=\"page\" data-id=\"279\">Gavroche des Bordes<\/a><\/mark><\/p>\n\n\n\n<p><a href=\"http:\/\/shetlandsdesbordes.fr\/?page_id=1233\" data-type=\"page\" data-id=\"1233\">Gatsby des Bordes<\/a><a href=\"http:\/\/shetlandsdesbordes.fr\/?page_id=31\" data-type=\"page\" data-id=\"31\"> <\/a><\/p>\n\n\n\n<p><a href=\"http:\/\/shetlandsdesbordes.fr\/?page_id=264\" data-type=\"page\" data-id=\"264\">Goldorac des Borde<\/a><a href=\"http:\/\/shetlandsdesbordes.fr\/?page_id=31\" data-type=\"page\" data-id=\"31\">s <\/a><\/p>\n\n\n\n<p><mark style=\"background-color:rgba(0, 0, 0, 0)\" class=\"has-inline-color has-vivid-cyan-blue-color\"><a href=\"http:\/\/shetlandsdesbordes.fr\/?page_id=188\" data-type=\"page\" data-id=\"188\">Hey Jude des Bordes<\/a><\/mark><\/p>\n\n\n\n<p><mark style=\"background-color:rgba(0, 0, 0, 0)\" class=\"has-inline-color has-vivid-cyan-blue-color\"><a href=\"http:\/\/shetlandsdesbordes.fr\/?page_id=251\" data-type=\"page\" data-id=\"251\">Hernesto des Bordes<\/a><\/mark><\/p>\n\n\n\n<p><mark style=\"background-color:rgba(0, 0, 0, 0)\" class=\"has-inline-color has-vivid-cyan-blue-color\"><a href=\"http:\/\/shetlandsdesbordes.fr\/?page_id=221\" data-type=\"page\" data-id=\"221\">Illico des Bordes<\/a><\/mark><\/p>\n\n\n\n<p><a href=\"http:\/\/shetlandsdesbordes.fr\/?page_id=586\" data-type=\"page\" data-id=\"586\">Jolie m\u00f4me des Bordes<\/a> <\/p>\n\n\n\n<p><a href=\"http:\/\/shetlandsdesbordes.fr\/?page_id=582\" data-type=\"page\" data-id=\"582\">Jusd&rsquo;pom des Bordes<\/a><\/p>\n\n\n\n<p><a href=\"http:\/\/shetlandsdesbordes.fr\/?page_id=584\" data-type=\"page\" data-id=\"584\">Joli Jumper des Bordes<\/a><\/p>\n\n\n\n<p><mark style=\"background-color:rgba(0, 0, 0, 0)\" class=\"has-inline-color has-vivid-cyan-blue-color\"><a href=\"http:\/\/shetlandsdesbordes.fr\/?page_id=1334\" data-type=\"page\" data-id=\"1334\">Karadoc des Bordes<\/a><\/mark><\/p>\n\n\n\n<p><a href=\"https:\/\/shetlandsdesbordes.fr\/wp-content\/uploads\/2020\/07\/Kalinka-J2-12-scaled-e1618164644824.jpg\" data-type=\"attachment\" data-id=\"698\">Kalinka des Bordes<\/a><\/p>\n\n\n\n<p><a href=\"https:\/\/shetlandsdesbordes.fr\/?page_id=1224\" data-type=\"page\" data-id=\"1224\">Kimono des Bordes<\/a><\/p>\n\n\n\n<p><a href=\"https:\/\/shetlandsdesbordes.fr\/?page_id=956\" data-type=\"page\" data-id=\"956\">Lancelot des Bordes<\/a><\/p>\n\n\n\n<p><a href=\"https:\/\/shetlandsdesbordes.fr\/?page_id=976\" data-type=\"page\" data-id=\"976\">Marjolaine des Bordes<\/a><\/p>\n\n\n\n<p><a href=\"https:\/\/shetlandsdesbordes.fr\/?page_id=972\" data-type=\"page\" data-id=\"972\">Merlin des Bordes<\/a><\/p>\n\n\n\n<p><a href=\"https:\/\/shetlandsdesbordes.fr\/?page_id=1457\" data-type=\"page\" data-id=\"1457\">Nefertiti des Bordes<\/a><\/p>\n\n\n\n<p><a href=\"https:\/\/shetlandsdesbordes.fr\/?page_id=1455\" data-type=\"page\" data-id=\"1455\">Olympe des Bordes<\/a><\/p>\n\n\n\n<p><mark style=\"background-color:rgba(0, 0, 0, 0)\" class=\"has-inline-color has-vivid-cyan-blue-color\"><a href=\"http:\/\/shetlandsdesbordes.fr\/?page_id=506\" data-type=\"page\" data-id=\"506\">Rachna v&rsquo;t Kampje<\/a><\/mark><\/p>\n\n\n\n<p><\/p>\n","protected":false},"excerpt":{"rendered":"<p>Voici quelques liens des poneys que nous avons vendus. Nous n&rsquo;avons bien-s\u00fbr pas mis la totalit\u00e9 des poneys que nous avons vendus, mais juste ceux des derni\u00e8res ann\u00e9es. Diabolo des Bordes Dauphine des Bordes E&rsquo;mail des Bordes Esmeralda des Bordes <a class=\"more-link\" href=\"https:\/\/shetlandsdesbordes.fr\/?page_id=31\">Lire plus &#8230;<\/a><\/p>\n","protected":false},"author":1,"featured_media":0,"parent":0,"menu_order":0,"comment_status":"closed","ping_status":"closed","template":"","meta":{"footnotes":""},"_links":{"self":[{"href":"https:\/\/shetlandsdesbordes.fr\/index.php?rest_route=\/wp\/v2\/pages\/31"}],"collection":[{"href":"https:\/\/shetlandsdesbordes.fr\/index.php?rest_route=\/wp\/v2\/pages"}],"about":[{"href":"https:\/\/shetlandsdesbordes.fr\/index.php?rest_route=\/wp\/v2\/types\/page"}],"author":[{"embeddable":true,"href":"https:\/\/shetlandsdesbordes.fr\/index.php?rest_route=\/wp\/v2\/users\/1"}],"replies":[{"embeddable":true,"href":"https:\/\/shetlandsdesbordes.fr\/index.php?rest_route=%2Fwp%2Fv2%2Fcomments&post=31"}],"version-history":[{"count":32,"href":"https:\/\/shetlandsdesbordes.fr\/index.php?rest_route=\/wp\/v2\/pages\/31\/revisions"}],"predecessor-version":[{"id":1836,"href":"https:\/\/shetlandsdesbordes.fr\/index.php?rest_route=\/wp\/v2\/pages\/31\/revisions\/1836"}],"wp:attachment":[{"href":"https:\/\/shetlandsdesbordes.fr\/index.php?rest_route=%2Fwp%2Fv2%2Fmedia&parent=31"}],"curies":[{"name":"wp","href":"https:\/\/api.w.org\/{rel}","templated":true}]}}