{"id":29,"date":"2018-10-22T19:07:30","date_gmt":"2018-10-22T17:07:30","guid":{"rendered":"http:\/\/shetlandsdesbordes.fr\/?page_id=29"},"modified":"2026-04-05T23:02:10","modified_gmt":"2026-04-05T21:02:10","slug":"les-poneys-a-vendre","status":"publish","type":"page","link":"https:\/\/shetlandsdesbordes.fr\/?page_id=29","title":{"rendered":"Les poneys \u00e0 vendre"},"content":{"rendered":"<p>Tous les poneys que nous proposons \u00e0 la vente sont n\u00e9s \u00e0 l&rsquo;\u00e9levage. Ils sont tous puc\u00e9s, vermifug\u00e9s (DUO strongles + t\u00e9nia), vaccin\u00e9s (pneumequine + proteqFlu-Te, en octobre), parr\u00e9s.<\/p>\n<p>Les poneys que nous vous proposons sont tous licol\u00e9s, proches de l&rsquo;\u00eatre humain, gentils, et selon les \u00e2ges d\u00e9bourr\u00e9s et\/ou dress\u00e9s sous la selle, \u00e0 l&rsquo;attelage et sautent en libert\u00e9.<\/p>\n<p><a href=\"https:\/\/shetlandsdesbordes.fr\/?page_id=235\">Ile flottante des Bordes<\/a><\/p>\n<p><a href=\"https:\/\/shetlandsdesbordes.fr\/?page_id=978\">M\u00e9lodie des Bordes<\/a><\/p>\n<p><a href=\"http:\/\/shetlandsdesbordes.fr\/?page_id=974\">Mojito des Bordes<\/a><\/p>\n<p><a href=\"http:\/\/shetlandsdesbordes.fr\/?page_id=1459\">N\u00e9nuphar des Bordes<\/a><\/p>\n<p><a href=\"https:\/\/shetlandsdesbordes.fr\/?page_id=1601\">Nougat des Bordes<\/a><\/p>\n<p><a href=\"http:\/\/shetlandsdesbordes.fr\/?page_id=1451\">Nirvana des Bordes<\/a><\/p>\n\n\n<p><a href=\"https:\/\/shetlandsdesbordes.fr\/?page_id=1585\" data-type=\"page\" data-id=\"1585\">Oscar Wilde des Bordes<\/a><\/p>\n\n\n\n<p><a href=\"https:\/\/shetlandsdesbordes.fr\/?page_id=1730\" data-type=\"page\" data-id=\"1730\">Perceval des Bordes<\/a><\/p>\n\n\n\n<p><a href=\"https:\/\/shetlandsdesbordes.fr\/?page_id=1216\" data-type=\"page\" data-id=\"1216\">Ulysse des Bordes <\/a><\/p>\n\n\n\n<p><\/p>\n","protected":false},"excerpt":{"rendered":"<p>Tous les poneys que nous proposons \u00e0 la vente sont n\u00e9s \u00e0 l&rsquo;\u00e9levage. Ils sont tous puc\u00e9s, vermifug\u00e9s (DUO strongles + t\u00e9nia), vaccin\u00e9s (pneumequine + proteqFlu-Te, en octobre), parr\u00e9s. Les poneys que nous vous proposons sont tous licol\u00e9s, proches de <a class=\"more-link\" href=\"https:\/\/shetlandsdesbordes.fr\/?page_id=29\">Lire plus &#8230;<\/a><\/p>\n","protected":false},"author":1,"featured_media":0,"parent":0,"menu_order":0,"comment_status":"closed","ping_status":"closed","template":"","meta":{"footnotes":""},"_links":{"self":[{"href":"https:\/\/shetlandsdesbordes.fr\/index.php?rest_route=\/wp\/v2\/pages\/29"}],"collection":[{"href":"https:\/\/shetlandsdesbordes.fr\/index.php?rest_route=\/wp\/v2\/pages"}],"about":[{"href":"https:\/\/shetlandsdesbordes.fr\/index.php?rest_route=\/wp\/v2\/types\/page"}],"author":[{"embeddable":true,"href":"https:\/\/shetlandsdesbordes.fr\/index.php?rest_route=\/wp\/v2\/users\/1"}],"replies":[{"embeddable":true,"href":"https:\/\/shetlandsdesbordes.fr\/index.php?rest_route=%2Fwp%2Fv2%2Fcomments&post=29"}],"version-history":[{"count":37,"href":"https:\/\/shetlandsdesbordes.fr\/index.php?rest_route=\/wp\/v2\/pages\/29\/revisions"}],"predecessor-version":[{"id":1837,"href":"https:\/\/shetlandsdesbordes.fr\/index.php?rest_route=\/wp\/v2\/pages\/29\/revisions\/1837"}],"wp:attachment":[{"href":"https:\/\/shetlandsdesbordes.fr\/index.php?rest_route=%2Fwp%2Fv2%2Fmedia&parent=29"}],"curies":[{"name":"wp","href":"https:\/\/api.w.org\/{rel}","templated":true}]}}