{"id":27,"date":"2018-10-22T19:07:12","date_gmt":"2018-10-22T17:07:12","guid":{"rendered":"http:\/\/shetlandsdesbordes.fr\/?page_id=27"},"modified":"2026-03-11T20:47:12","modified_gmt":"2026-03-11T19:47:12","slug":"presentation-des-jeunes","status":"publish","type":"page","link":"https:\/\/shetlandsdesbordes.fr\/?page_id=27","title":{"rendered":"Pr\u00e9sentation des jeunes"},"content":{"rendered":"<p>Voici quelques poneys n\u00e9s \u00e0 la maison que nous avons d\u00e9cid\u00e9 de garder pour le moment, soit pour devenir poulini\u00e8res, soit pour devenir \u00e9talon ou hongre au travail. Nous pr\u00e9sentons \u00e9galement presque chaque ann\u00e9e nos pouliches de 2 ans aux concours r\u00e9gional \u00e0 Lamotte Beuvron.<\/p>\n<p><a href=\"http:\/\/shetlandsdesbordes.fr\/?page_id=978\">M\u00e9lodie des Bordes<\/a><\/p>\n\n\n<p><a href=\"https:\/\/shetlandsdesbordes.fr\/?page_id=1457\" data-type=\"page\" data-id=\"1457\">Nefertiti des Bordes <\/a><\/p>\n\n\n\n<p><a href=\"https:\/\/shetlandsdesbordes.fr\/?page_id=1451\" data-type=\"page\" data-id=\"1451\">Nirvana des Bordes<\/a><\/p>\n\n\n\n<p><a href=\"https:\/\/shetlandsdesbordes.fr\/?page_id=1601\" data-type=\"page\" data-id=\"1601\">Nougat des Bordes <\/a><\/p>\n\n\n\n<p><a href=\"https:\/\/shetlandsdesbordes.fr\/?page_id=1459\" data-type=\"page\" data-id=\"1459\">Nenuphar des Bordes<\/a><\/p>\n\n\n\n<p><a href=\"https:\/\/shetlandsdesbordes.fr\/?page_id=1585\" data-type=\"page\" data-id=\"1585\">Oscar Wilde des Bordes<\/a><\/p>\n\n\n\n<p><a href=\"https:\/\/shetlandsdesbordes.fr\/?page_id=1599\" data-type=\"page\" data-id=\"1599\">Orchid\u00e9e des Bordes<\/a><\/p>\n\n\n\n<p><a href=\"https:\/\/shetlandsdesbordes.fr\/?page_id=1729\" data-type=\"page\" data-id=\"1729\">Peaceandlove des Bordes<\/a><\/p>\n\n\n\n<p><a href=\"https:\/\/shetlandsdesbordes.fr\/?page_id=1725\" data-type=\"page\" data-id=\"1725\">Paladine des Bordes<\/a><\/p>\n\n\n\n<p><\/p>\n\n\n\n<p><\/p>\n","protected":false},"excerpt":{"rendered":"<p>Voici quelques poneys n\u00e9s \u00e0 la maison que nous avons d\u00e9cid\u00e9 de garder pour le moment, soit pour devenir poulini\u00e8res, soit pour devenir \u00e9talon ou hongre au travail. Nous pr\u00e9sentons \u00e9galement presque chaque ann\u00e9e nos pouliches de 2 ans aux <a class=\"more-link\" href=\"https:\/\/shetlandsdesbordes.fr\/?page_id=27\">Lire plus &#8230;<\/a><\/p>\n","protected":false},"author":1,"featured_media":0,"parent":0,"menu_order":0,"comment_status":"closed","ping_status":"closed","template":"","meta":{"footnotes":""},"_links":{"self":[{"href":"https:\/\/shetlandsdesbordes.fr\/index.php?rest_route=\/wp\/v2\/pages\/27"}],"collection":[{"href":"https:\/\/shetlandsdesbordes.fr\/index.php?rest_route=\/wp\/v2\/pages"}],"about":[{"href":"https:\/\/shetlandsdesbordes.fr\/index.php?rest_route=\/wp\/v2\/types\/page"}],"author":[{"embeddable":true,"href":"https:\/\/shetlandsdesbordes.fr\/index.php?rest_route=\/wp\/v2\/users\/1"}],"replies":[{"embeddable":true,"href":"https:\/\/shetlandsdesbordes.fr\/index.php?rest_route=%2Fwp%2Fv2%2Fcomments&post=27"}],"version-history":[{"count":28,"href":"https:\/\/shetlandsdesbordes.fr\/index.php?rest_route=\/wp\/v2\/pages\/27\/revisions"}],"predecessor-version":[{"id":1821,"href":"https:\/\/shetlandsdesbordes.fr\/index.php?rest_route=\/wp\/v2\/pages\/27\/revisions\/1821"}],"wp:attachment":[{"href":"https:\/\/shetlandsdesbordes.fr\/index.php?rest_route=%2Fwp%2Fv2%2Fmedia&parent=27"}],"curies":[{"name":"wp","href":"https:\/\/api.w.org\/{rel}","templated":true}]}}