{"id":256,"date":"2018-10-23T17:15:30","date_gmt":"2018-10-23T15:15:30","guid":{"rendered":"http:\/\/shetlandsdesbordes.fr\/?page_id=256"},"modified":"2024-04-26T01:16:54","modified_gmt":"2024-04-25T23:16:54","slug":"gravette-des-bordes","status":"publish","type":"page","link":"https:\/\/shetlandsdesbordes.fr\/?page_id=256","title":{"rendered":"Gravette des Bordes"},"content":{"rendered":"<p><span style=\"color: #000000;\"><span style=\"font-size: large;\">Gravette est une adorable pouliche alezane, n\u00e9e le 15 mai 2016. Elle toise 95 cm, elle est la fille de Sharptor Lithium Red et de Amazone des Bordes (Paladin des Bordes). <\/span><\/span><\/p>\n<p><span style=\"color: #000000;\"><span style=\"font-size: large;\">Son p\u00e8re est champion de France FSP des \u00e9talons et champion supr\u00eame en 2014. Sa m\u00e8re est vice-championne de France FSP des juments \u00e0 3 et \u00e0 4 ans. Elle remporte le championnat de la ferme expo de Tours en 2013.<\/span><\/span><\/p>\n<p>Gravette est une ponette adorable, elle est d\u00e9bourr\u00e9e sous la selle. <\/p>\n<p>&nbsp;&nbsp;<\/p>\n\n\n<figure class=\"wp-block-image size-large\"><img loading=\"lazy\" decoding=\"async\" width=\"964\" height=\"623\" src=\"http:\/\/shetlandsdesbordes.fr\/wp-content\/uploads\/2020\/06\/gravette-mai-16.jpg\" alt=\"\" class=\"wp-image-629\" srcset=\"https:\/\/shetlandsdesbordes.fr\/wp-content\/uploads\/2020\/06\/gravette-mai-16.jpg 964w, https:\/\/shetlandsdesbordes.fr\/wp-content\/uploads\/2020\/06\/gravette-mai-16-300x194.jpg 300w, https:\/\/shetlandsdesbordes.fr\/wp-content\/uploads\/2020\/06\/gravette-mai-16-768x496.jpg 768w\" sizes=\"(max-width: 964px) 100vw, 964px\" \/><figcaption class=\"wp-element-caption\">\u00e0 la naissance<br><\/figcaption><\/figure>\n\n\n\n<figure class=\"wp-block-image size-large\"><img loading=\"lazy\" decoding=\"async\" width=\"1024\" height=\"683\" src=\"http:\/\/shetlandsdesbordes.fr\/wp-content\/uploads\/2020\/06\/13403247_10209632415548352_8765719842391551214_o-1024x683.jpg\" alt=\"\" class=\"wp-image-630\"\/><figcaption class=\"wp-element-caption\">\u00e0 la naissance<br><\/figcaption><\/figure>\n\n\n\n<figure class=\"wp-block-image size-large\"><img loading=\"lazy\" decoding=\"async\" width=\"1024\" height=\"850\" src=\"http:\/\/shetlandsdesbordes.fr\/wp-content\/uploads\/2020\/06\/gravette-mai-2017-16-1024x850.jpg\" alt=\"\" class=\"wp-image-633\"\/><figcaption class=\"wp-element-caption\">\u00e0 1 an<br><\/figcaption><\/figure>\n\n\n\n<figure class=\"wp-block-image size-large\"><img loading=\"lazy\" decoding=\"async\" width=\"1024\" height=\"938\" src=\"http:\/\/shetlandsdesbordes.fr\/wp-content\/uploads\/2020\/06\/DSC09480-1024x938.jpg\" alt=\"\" class=\"wp-image-636\"\/><figcaption class=\"wp-element-caption\">sous la selle<\/figcaption><\/figure>\n","protected":false},"excerpt":{"rendered":"<p>Gravette est une adorable pouliche alezane, n\u00e9e le 15 mai 2016. Elle toise 95 cm, elle est la fille de Sharptor Lithium Red et de Amazone des Bordes (Paladin des Bordes). Son p\u00e8re est champion de France FSP des \u00e9talons <a class=\"more-link\" href=\"https:\/\/shetlandsdesbordes.fr\/?page_id=256\">Lire plus &#8230;<\/a><\/p>\n","protected":false},"author":2,"featured_media":0,"parent":31,"menu_order":0,"comment_status":"closed","ping_status":"closed","template":"","meta":{"footnotes":""},"_links":{"self":[{"href":"https:\/\/shetlandsdesbordes.fr\/index.php?rest_route=\/wp\/v2\/pages\/256"}],"collection":[{"href":"https:\/\/shetlandsdesbordes.fr\/index.php?rest_route=\/wp\/v2\/pages"}],"about":[{"href":"https:\/\/shetlandsdesbordes.fr\/index.php?rest_route=\/wp\/v2\/types\/page"}],"author":[{"embeddable":true,"href":"https:\/\/shetlandsdesbordes.fr\/index.php?rest_route=\/wp\/v2\/users\/2"}],"replies":[{"embeddable":true,"href":"https:\/\/shetlandsdesbordes.fr\/index.php?rest_route=%2Fwp%2Fv2%2Fcomments&post=256"}],"version-history":[{"count":6,"href":"https:\/\/shetlandsdesbordes.fr\/index.php?rest_route=\/wp\/v2\/pages\/256\/revisions"}],"predecessor-version":[{"id":1572,"href":"https:\/\/shetlandsdesbordes.fr\/index.php?rest_route=\/wp\/v2\/pages\/256\/revisions\/1572"}],"up":[{"embeddable":true,"href":"https:\/\/shetlandsdesbordes.fr\/index.php?rest_route=\/wp\/v2\/pages\/31"}],"wp:attachment":[{"href":"https:\/\/shetlandsdesbordes.fr\/index.php?rest_route=%2Fwp%2Fv2%2Fmedia&parent=256"}],"curies":[{"name":"wp","href":"https:\/\/api.w.org\/{rel}","templated":true}]}}