{"id":251,"date":"2018-10-23T17:12:06","date_gmt":"2018-10-23T15:12:06","guid":{"rendered":"http:\/\/shetlandsdesbordes.fr\/?page_id=251"},"modified":"2024-08-28T19:12:27","modified_gmt":"2024-08-28T17:12:27","slug":"hernesto-des-bordes","status":"publish","type":"page","link":"https:\/\/shetlandsdesbordes.fr\/?page_id=251","title":{"rendered":"Hernesto des Bordes"},"content":{"rendered":"<p><span style=\"color: #000000;\"><span style=\"font-size: large;\">Hernesto des Bordes est un magnifique m\u00e2le palomino. Il est de taille standard, il est tr\u00e8s gentil et ob\u00e9issant, il se d\u00e9place tr\u00e8s bien.<\/span><\/span><\/p>\n<p><span style=\"color: #000000;\"><span style=\"font-size: large;\">Son p\u00e8re Diabolo des Bordes, est un \u00e9talon palomino de taille standard, m\u00e9daille de bronze. Il est le propre fr\u00e8re de Tic-tac des Bordes, qui s&rsquo;illustre en CSO.<\/span><\/span><\/p>\n<p><span style=\"color: #000000;\"><span style=\"font-size: large;\">Sa m\u00e8re, Rachna v&rsquo;. Kampje, est une jument n\u00e9e en Hollande, alezanne crins lav\u00e9s. Elle est championne de France FSP des poulini\u00e8res suit\u00e9es en 2013, avec une m\u00e9daille d&rsquo;argent. Elle a produit plusieurs poneys palomino et cr\u00e8me. Elle est la demi-soeur de Barezz from broken colours, \u00e9talon cr\u00e8me qualifi\u00e9 TRES EXCELLENT.<\/span><\/span><\/p>\n<h5>Hernesto est d\u00e9bourr\u00e9 sous la selle, c&rsquo;est un poney adorable ! Nous avons eu le plaisir de recroiser ce poney \u00e0 Lamotte Beuvron en 2024, lors de l&rsquo;\u00e9preuve \u00ab\u00a0open mini\u00a0\u00bb, o\u00f9 il se classe excellent. <\/h5>\n\n\n<figure class=\"wp-block-image size-large\"><img loading=\"lazy\" decoding=\"async\" width=\"1024\" height=\"719\" src=\"http:\/\/shetlandsdesbordes.fr\/wp-content\/uploads\/2020\/06\/hernesto-naissance-25-1024x719.jpg\" alt=\"\" class=\"wp-image-639\"\/><figcaption class=\"wp-element-caption\">\u00e0 la naissance<\/figcaption><\/figure>\n\n\n\n<figure class=\"wp-block-image size-large\"><img loading=\"lazy\" decoding=\"async\" width=\"1024\" height=\"691\" src=\"http:\/\/shetlandsdesbordes.fr\/wp-content\/uploads\/2020\/06\/rachna-hernesto-ligni\u00e8res-2017-3-1024x691.jpg\" alt=\"\" class=\"wp-image-643\"\/><figcaption class=\"wp-element-caption\">au concours local IFCE \u00e0 2 mois<\/figcaption><\/figure>\n\n\n\n<figure class=\"wp-block-image size-large\"><img loading=\"lazy\" decoding=\"async\" width=\"1024\" height=\"732\" src=\"http:\/\/shetlandsdesbordes.fr\/wp-content\/uploads\/2020\/06\/remise-des-prix-amboise-2017-17-1024x732.jpg\" alt=\"\" class=\"wp-image-644\"\/><figcaption class=\"wp-element-caption\">\u00e0 la finale r\u00e9gionale IFCE \u00e0 2 mois<\/figcaption><\/figure>\n\n\n\n<figure class=\"wp-block-image size-large\"><img loading=\"lazy\" decoding=\"async\" width=\"1024\" height=\"822\" src=\"http:\/\/shetlandsdesbordes.fr\/wp-content\/uploads\/2020\/06\/IMG_E4303-1024x822.jpg\" alt=\"\" class=\"wp-image-646\"\/><figcaption class=\"wp-element-caption\">\u00e0 3 ans<\/figcaption><\/figure>\n","protected":false},"excerpt":{"rendered":"<p>Hernesto des Bordes est un magnifique m\u00e2le palomino. Il est de taille standard, il est tr\u00e8s gentil et ob\u00e9issant, il se d\u00e9place tr\u00e8s bien. Son p\u00e8re Diabolo des Bordes, est un \u00e9talon palomino de taille standard, m\u00e9daille de bronze. Il <a class=\"more-link\" href=\"https:\/\/shetlandsdesbordes.fr\/?page_id=251\">Lire plus &#8230;<\/a><\/p>\n","protected":false},"author":2,"featured_media":0,"parent":31,"menu_order":0,"comment_status":"closed","ping_status":"closed","template":"","meta":{"footnotes":""},"_links":{"self":[{"href":"https:\/\/shetlandsdesbordes.fr\/index.php?rest_route=\/wp\/v2\/pages\/251"}],"collection":[{"href":"https:\/\/shetlandsdesbordes.fr\/index.php?rest_route=\/wp\/v2\/pages"}],"about":[{"href":"https:\/\/shetlandsdesbordes.fr\/index.php?rest_route=\/wp\/v2\/types\/page"}],"author":[{"embeddable":true,"href":"https:\/\/shetlandsdesbordes.fr\/index.php?rest_route=\/wp\/v2\/users\/2"}],"replies":[{"embeddable":true,"href":"https:\/\/shetlandsdesbordes.fr\/index.php?rest_route=%2Fwp%2Fv2%2Fcomments&post=251"}],"version-history":[{"count":7,"href":"https:\/\/shetlandsdesbordes.fr\/index.php?rest_route=\/wp\/v2\/pages\/251\/revisions"}],"predecessor-version":[{"id":1609,"href":"https:\/\/shetlandsdesbordes.fr\/index.php?rest_route=\/wp\/v2\/pages\/251\/revisions\/1609"}],"up":[{"embeddable":true,"href":"https:\/\/shetlandsdesbordes.fr\/index.php?rest_route=\/wp\/v2\/pages\/31"}],"wp:attachment":[{"href":"https:\/\/shetlandsdesbordes.fr\/index.php?rest_route=%2Fwp%2Fv2%2Fmedia&parent=251"}],"curies":[{"name":"wp","href":"https:\/\/api.w.org\/{rel}","templated":true}]}}