{"id":235,"date":"2018-10-23T17:07:29","date_gmt":"2018-10-23T15:07:29","guid":{"rendered":"http:\/\/shetlandsdesbordes.fr\/?page_id=235"},"modified":"2026-02-12T20:23:03","modified_gmt":"2026-02-12T19:23:03","slug":"ile-flottante-des-bordes","status":"publish","type":"page","link":"https:\/\/shetlandsdesbordes.fr\/?page_id=235","title":{"rendered":"Ile Flottante des Bordes"},"content":{"rendered":"<p><span style=\"color: #000000;\"><span style=\"font-size: medium;\">Ile Flottante est une belle jument palomino. Tr\u00e8s gentille, elle se laisse approcher, attraper et licoler sans probl\u00e8me. Elle poss\u00e8de de bons aplombs et est bien conform\u00e9e. Elle est de taille grand standard.<\/span><\/span><\/p>\n<p><span style=\"color: #000000;\"><span style=\"font-size: medium;\">Sa m\u00e8re, Esm\u00e9ralda des Bordes, est une grande jument palomino, d\u00e9bourr\u00e9e \u00e0 l&rsquo;obstacle, discipline dans laquelle elle excelle puisqu&rsquo;elle a remport\u00e9 la finale r\u00e9gionale des pouliches de 2 ans avec la note incroyable de 36\/40. Elle remporte le concours inter-race des poneys A \u00e0 la ferme expo de Tours en 2018.<br \/><\/span><\/span><\/p>\n<p><span style=\"color: #000000;\"><span style=\"font-size: medium;\">Son p\u00e8re est un superbe \u00e9talon anglais, Sharptor Lithium Red,\u00a0 champion de France FSP des \u00e9talons en 2014 avec une m\u00e9daille d&rsquo;or, ainsi que champion supr\u00eame de ce\u00a0 championnat !<br \/>Ile flottante se classe 2\u00e8me \u00e0 la finale r\u00e9gionale des pouliches de 2 ans, avec la note de 16,44\/20 (et 16\/20 au saut), devant 3 pouliches welsh ! elle remporte le concours des foals \u00e0 la ferme expo de Tours en 2018. <\/span><\/span><\/p>\n<p>Son premier poulain est Mojito des Bordes, qui nait en 2022, par Chivas des Blanches, magnifique \u00e9talon de l&rsquo;\u00e9levage du val de Gorce.<\/p>\n<p><img loading=\"lazy\" decoding=\"async\" class=\"alignnone size-large wp-image-236\" src=\"http:\/\/shetlandsdesbordes.fr\/wp-content\/uploads\/2018\/10\/24.07-1-3-1024x683.jpg\" alt=\"\" width=\"540\" height=\"360\" \/> \u00a0 <img loading=\"lazy\" decoding=\"async\" class=\"alignnone size-large wp-image-244\" src=\"http:\/\/shetlandsdesbordes.fr\/wp-content\/uploads\/2018\/10\/24.07-9-1024x683.jpg\" alt=\"\" width=\"540\" height=\"360\" \/> <img loading=\"lazy\" decoding=\"async\" class=\"alignnone size-large wp-image-248\" src=\"http:\/\/shetlandsdesbordes.fr\/wp-content\/uploads\/2018\/10\/27.07-4-1024x683.jpg\" alt=\"\" width=\"540\" height=\"360\" \/> <img loading=\"lazy\" decoding=\"async\" class=\"alignnone size-large wp-image-249\" src=\"http:\/\/shetlandsdesbordes.fr\/wp-content\/uploads\/2018\/10\/27.07-5-1024x683.jpg\" alt=\"\" width=\"540\" height=\"360\" \/><\/p>\n<\/p>\n\n\n<figure class=\"wp-block-image size-large\"><img loading=\"lazy\" decoding=\"async\" width=\"581\" height=\"389\" src=\"http:\/\/shetlandsdesbordes.fr\/wp-content\/uploads\/2020\/07\/tours-2018-2.jpg\" alt=\"\" class=\"wp-image-770\" srcset=\"https:\/\/shetlandsdesbordes.fr\/wp-content\/uploads\/2020\/07\/tours-2018-2.jpg 581w, https:\/\/shetlandsdesbordes.fr\/wp-content\/uploads\/2020\/07\/tours-2018-2-300x201.jpg 300w\" sizes=\"(max-width: 581px) 100vw, 581px\" \/><figcaption class=\"wp-element-caption\">Ileflottante \u00e0 7 mois<\/figcaption><\/figure>\n\n\n\n<figure class=\"wp-block-image size-large\"><img loading=\"lazy\" decoding=\"async\" width=\"1024\" height=\"682\" src=\"http:\/\/shetlandsdesbordes.fr\/wp-content\/uploads\/2020\/07\/DSC09540-1024x682.jpg\" alt=\"\" class=\"wp-image-768\"\/><figcaption class=\"wp-element-caption\">Ileflottante \u00e0 2 ans<\/figcaption><\/figure>\n\n\n\n<p><\/p>\n\n\n\n<figure class=\"wp-block-image size-large\"><img loading=\"lazy\" decoding=\"async\" width=\"1024\" height=\"669\" src=\"http:\/\/shetlandsdesbordes.fr\/wp-content\/uploads\/2022\/11\/ile-flotante-1-1024x669.png\" alt=\"\" class=\"wp-image-1059\"\/><figcaption class=\"wp-element-caption\">Ileflottante \u00e0 3 ans<\/figcaption><\/figure>\n\n\n\n<p><\/p>\n\n\n\n<figure class=\"wp-block-image size-large\"><img loading=\"lazy\" decoding=\"async\" width=\"651\" height=\"950\" src=\"https:\/\/shetlandsdesbordes.fr\/wp-content\/uploads\/2026\/02\/ile-flotante-2-651x950.png\" alt=\"\" class=\"wp-image-1790\" srcset=\"https:\/\/shetlandsdesbordes.fr\/wp-content\/uploads\/2026\/02\/ile-flotante-2-651x950.png 651w, https:\/\/shetlandsdesbordes.fr\/wp-content\/uploads\/2026\/02\/ile-flotante-2-206x300.png 206w, https:\/\/shetlandsdesbordes.fr\/wp-content\/uploads\/2026\/02\/ile-flotante-2-768x1121.png 768w, https:\/\/shetlandsdesbordes.fr\/wp-content\/uploads\/2026\/02\/ile-flotante-2-1053x1536.png 1053w, https:\/\/shetlandsdesbordes.fr\/wp-content\/uploads\/2026\/02\/ile-flotante-2.png 1333w\" sizes=\"(max-width: 651px) 100vw, 651px\" \/><figcaption class=\"wp-element-caption\">Ile flottante \u00e0 3 ans<\/figcaption><\/figure>\n\n\n\n<p><\/p>\n\n\n\n<p><\/p>\n","protected":false},"excerpt":{"rendered":"<p>Ile Flottante est une belle jument palomino. Tr\u00e8s gentille, elle se laisse approcher, attraper et licoler sans probl\u00e8me. Elle poss\u00e8de de bons aplombs et est bien conform\u00e9e. Elle est de taille grand standard. Sa m\u00e8re, Esm\u00e9ralda des Bordes, est une <a class=\"more-link\" href=\"https:\/\/shetlandsdesbordes.fr\/?page_id=235\">Lire plus &#8230;<\/a><\/p>\n","protected":false},"author":2,"featured_media":0,"parent":25,"menu_order":0,"comment_status":"closed","ping_status":"closed","template":"","meta":{"footnotes":""},"_links":{"self":[{"href":"https:\/\/shetlandsdesbordes.fr\/index.php?rest_route=\/wp\/v2\/pages\/235"}],"collection":[{"href":"https:\/\/shetlandsdesbordes.fr\/index.php?rest_route=\/wp\/v2\/pages"}],"about":[{"href":"https:\/\/shetlandsdesbordes.fr\/index.php?rest_route=\/wp\/v2\/types\/page"}],"author":[{"embeddable":true,"href":"https:\/\/shetlandsdesbordes.fr\/index.php?rest_route=\/wp\/v2\/users\/2"}],"replies":[{"embeddable":true,"href":"https:\/\/shetlandsdesbordes.fr\/index.php?rest_route=%2Fwp%2Fv2%2Fcomments&post=235"}],"version-history":[{"count":9,"href":"https:\/\/shetlandsdesbordes.fr\/index.php?rest_route=\/wp\/v2\/pages\/235\/revisions"}],"predecessor-version":[{"id":1792,"href":"https:\/\/shetlandsdesbordes.fr\/index.php?rest_route=\/wp\/v2\/pages\/235\/revisions\/1792"}],"up":[{"embeddable":true,"href":"https:\/\/shetlandsdesbordes.fr\/index.php?rest_route=\/wp\/v2\/pages\/25"}],"wp:attachment":[{"href":"https:\/\/shetlandsdesbordes.fr\/index.php?rest_route=%2Fwp%2Fv2%2Fmedia&parent=235"}],"curies":[{"name":"wp","href":"https:\/\/api.w.org\/{rel}","templated":true}]}}