{"id":221,"date":"2018-10-23T16:32:04","date_gmt":"2018-10-23T14:32:04","guid":{"rendered":"http:\/\/shetlandsdesbordes.fr\/?page_id=221"},"modified":"2023-01-30T01:02:26","modified_gmt":"2023-01-30T00:02:26","slug":"illico-des-bordes","status":"publish","type":"page","link":"https:\/\/shetlandsdesbordes.fr\/?page_id=221","title":{"rendered":"Illico des Bordes"},"content":{"rendered":"<p><strong><span style=\"color: #000000;\"><span style=\"font-size: small;\">Illico est un tr\u00e8s beau poulain alezan, n\u00e9 en mai 2018. Il est le fils de Sharptor Lithium Red et de Utopie Commanderie (Max de bois guilbert). <\/span><\/span><\/strong><\/p>\n<p><strong><span style=\"color: #000000;\"><span style=\"font-size: small;\">Son p\u00e8re est un \u00e9talon n\u00e9 en Angleterre, champion de France FSP et champion supr\u00eame en 2014.<\/span><\/span><\/strong><strong><span style=\"color: #000000;\"><span style=\"font-size: small;\">\u00a0Sa m\u00e8re est championne de France des poulini\u00e8res suit\u00e9es en 2014\u00a0 et vice-championne de France en 2016. Ils ont tous les deux remport\u00e9 une m\u00e9daille d&rsquo;or.<\/span><\/span><\/strong><\/p>\n<p><strong><span style=\"color: #000000;\"><span style=\"font-size: small;\">Illico est un poulain tr\u00e8s attachant, curieux et gentil.\u00a0<\/span><\/span><\/strong><strong><span style=\"color: #000000;\"><span style=\"font-size: small;\">Il se d\u00e9place tr\u00e8s bien, vient nous voir au pr\u00e9 et se laisse caresser, attraper et licoler sans probl\u00e8me. Il est champion de France des foals en 2018.<br \/>cet adorable poney est parti chez un \u00e9leveur d&rsquo;\u00e2nes et de chiens dans le m\u00eame d\u00e9partement que le notre.<br \/><\/span><\/span><\/strong><\/p>\n<p><img loading=\"lazy\" decoding=\"async\" class=\"alignnone size-large wp-image-229\" src=\"http:\/\/shetlandsdesbordes.fr\/wp-content\/uploads\/2018\/10\/27.05-5-1024x683.jpg\" alt=\"\" width=\"540\" height=\"360\" \/>\u00a0 <img loading=\"lazy\" decoding=\"async\" class=\"alignnone size-large wp-image-551\" style=\"font-size: 1.5rem;\" src=\"http:\/\/shetlandsdesbordes.fr\/wp-content\/uploads\/2018\/11\/illico-et-utopie-1-1024x576.jpg\" alt=\"\" width=\"540\" height=\"304\" \/><\/p>\n\n\n<figure class=\"wp-block-image size-large\"><img loading=\"lazy\" decoding=\"async\" width=\"1024\" height=\"757\" src=\"http:\/\/shetlandsdesbordes.fr\/wp-content\/uploads\/2020\/07\/illico-oct-2019-13-1024x757.jpg\" alt=\"\" class=\"wp-image-656\"\/><figcaption class=\"wp-element-caption\">Illico \u00e0 1 an<br><\/figcaption><\/figure>\n\n\n\n<figure class=\"wp-block-image size-large\"><img loading=\"lazy\" decoding=\"async\" width=\"1024\" height=\"881\" src=\"http:\/\/shetlandsdesbordes.fr\/wp-content\/uploads\/2020\/07\/illico-mai-2020-4-1024x881.jpg\" alt=\"\" class=\"wp-image-658\"\/><figcaption class=\"wp-element-caption\">Illico \u00e0 2 ans<br><br><\/figcaption><\/figure>\n\n\n\n<p><\/p>\n","protected":false},"excerpt":{"rendered":"<p>Illico est un tr\u00e8s beau poulain alezan, n\u00e9 en mai 2018. Il est le fils de Sharptor Lithium Red et de Utopie Commanderie (Max de bois guilbert). Son p\u00e8re est un \u00e9talon n\u00e9 en Angleterre, champion de France FSP et <a class=\"more-link\" href=\"https:\/\/shetlandsdesbordes.fr\/?page_id=221\">Lire plus &#8230;<\/a><\/p>\n","protected":false},"author":2,"featured_media":0,"parent":31,"menu_order":0,"comment_status":"closed","ping_status":"closed","template":"","meta":{"footnotes":""},"_links":{"self":[{"href":"https:\/\/shetlandsdesbordes.fr\/index.php?rest_route=\/wp\/v2\/pages\/221"}],"collection":[{"href":"https:\/\/shetlandsdesbordes.fr\/index.php?rest_route=\/wp\/v2\/pages"}],"about":[{"href":"https:\/\/shetlandsdesbordes.fr\/index.php?rest_route=\/wp\/v2\/types\/page"}],"author":[{"embeddable":true,"href":"https:\/\/shetlandsdesbordes.fr\/index.php?rest_route=\/wp\/v2\/users\/2"}],"replies":[{"embeddable":true,"href":"https:\/\/shetlandsdesbordes.fr\/index.php?rest_route=%2Fwp%2Fv2%2Fcomments&post=221"}],"version-history":[{"count":10,"href":"https:\/\/shetlandsdesbordes.fr\/index.php?rest_route=\/wp\/v2\/pages\/221\/revisions"}],"predecessor-version":[{"id":1327,"href":"https:\/\/shetlandsdesbordes.fr\/index.php?rest_route=\/wp\/v2\/pages\/221\/revisions\/1327"}],"up":[{"embeddable":true,"href":"https:\/\/shetlandsdesbordes.fr\/index.php?rest_route=\/wp\/v2\/pages\/31"}],"wp:attachment":[{"href":"https:\/\/shetlandsdesbordes.fr\/index.php?rest_route=%2Fwp%2Fv2%2Fmedia&parent=221"}],"curies":[{"name":"wp","href":"https:\/\/api.w.org\/{rel}","templated":true}]}}