{"id":22,"date":"2018-10-22T19:06:26","date_gmt":"2018-10-22T17:06:26","guid":{"rendered":"http:\/\/shetlandsdesbordes.fr\/?page_id=22"},"modified":"2026-02-10T23:54:11","modified_gmt":"2026-02-10T22:54:11","slug":"presentation-des-etalons","status":"publish","type":"page","link":"https:\/\/shetlandsdesbordes.fr\/?page_id=22","title":{"rendered":"Pr\u00e9sentation des \u00e9talons"},"content":{"rendered":"<div id=\"album_introduction\" class=\"introduction\">\n<p>Tous nos \u00e9talons ont \u00e9t\u00e9 prim\u00e9s en concours d&rsquo;\u00e9levage, un est vice-champion de France et un autre est champion de France !<\/p>\n<\/div>\n<p><a href=\"http:\/\/shetlandsdesbordes.fr\/?page_id=80\">Bibilolo de Villeneuve<\/a><\/p>\n<p><a href=\"http:\/\/shetlandsdesbordes.fr\/?page_id=109\">Paladin des Bordes<\/a><\/p>\n<p><a href=\"http:\/\/shetlandsdesbordes.fr\/?page_id=127\">Sharptor Lithium Red<\/a><\/p>\n<p><a href=\"https:\/\/shetlandsdesbordes.fr\/?page_id=1716\">Telwell du S\u00e2non<\/a><\/p>\n<p><a href=\"http:\/\/shetlandsdesbordes.fr\/?page_id=982\">Jedi de Meravilheta<\/a><\/p>\n\n\n<figure class=\"wp-block-image size-large\"><img loading=\"lazy\" decoding=\"async\" width=\"1024\" height=\"683\" src=\"http:\/\/shetlandsdesbordes.fr\/wp-content\/uploads\/2023\/01\/D9A49DC1-2FD8-43E4-8835-362D3D0433A1_1_105_c-1024x683.jpeg\" alt=\"\" class=\"wp-image-1131\"\/><figcaption class=\"wp-element-caption\">Jedi de M\u00e9ravilheta<\/figcaption><\/figure>\n\n\n\n<p><\/p>\n\n\n\n<p><\/p>\n\n\n\n<figure class=\"wp-block-image size-full\"><img loading=\"lazy\" decoding=\"async\" width=\"901\" height=\"768\" src=\"http:\/\/shetlandsdesbordes.fr\/wp-content\/uploads\/2020\/07\/paladin-fsp-5.jpg\" alt=\"\" class=\"wp-image-681\" srcset=\"https:\/\/shetlandsdesbordes.fr\/wp-content\/uploads\/2020\/07\/paladin-fsp-5.jpg 901w, https:\/\/shetlandsdesbordes.fr\/wp-content\/uploads\/2020\/07\/paladin-fsp-5-300x256.jpg 300w, https:\/\/shetlandsdesbordes.fr\/wp-content\/uploads\/2020\/07\/paladin-fsp-5-768x655.jpg 768w\" sizes=\"(max-width: 901px) 100vw, 901px\" \/><figcaption class=\"wp-element-caption\">Paladin des Bordes<\/figcaption><\/figure>\n\n\n\n<p><\/p>\n\n\n\n<p><\/p>\n\n\n\n<figure class=\"wp-block-image size-large\"><img loading=\"lazy\" decoding=\"async\" width=\"1024\" height=\"768\" src=\"http:\/\/shetlandsdesbordes.fr\/wp-content\/uploads\/2020\/07\/lithium-20-1024x768.jpg\" alt=\"\" class=\"wp-image-688\"\/><figcaption class=\"wp-element-caption\">Sharptor Lithium Red<\/figcaption><\/figure>\n\n\n\n<p><\/p>\n\n\n\n<p><\/p>\n\n\n\n<figure class=\"wp-block-image size-full\"><img decoding=\"async\" src=\"http:\/\/shetlandsdesbordes.fr\/wp-content\/uploads\/2018\/10\/bibilolo-edited-3-jpg.jpg\" alt=\"\" class=\"wp-image-81\"\/><figcaption class=\"wp-element-caption\">Bibilolo de Villeneuve<\/figcaption><\/figure>\n\n\n\n<figure class=\"wp-block-image size-large is-resized\"><img loading=\"lazy\" decoding=\"async\" width=\"950\" height=\"633\" src=\"https:\/\/shetlandsdesbordes.fr\/wp-content\/uploads\/2026\/02\/37005272_2252853081421775_7590033267387006976_n-950x633.jpg\" alt=\"\" class=\"wp-image-1707\" style=\"width:540px;height:auto\" srcset=\"https:\/\/shetlandsdesbordes.fr\/wp-content\/uploads\/2026\/02\/37005272_2252853081421775_7590033267387006976_n-950x633.jpg 950w, https:\/\/shetlandsdesbordes.fr\/wp-content\/uploads\/2026\/02\/37005272_2252853081421775_7590033267387006976_n-300x200.jpg 300w, https:\/\/shetlandsdesbordes.fr\/wp-content\/uploads\/2026\/02\/37005272_2252853081421775_7590033267387006976_n-768x512.jpg 768w, https:\/\/shetlandsdesbordes.fr\/wp-content\/uploads\/2026\/02\/37005272_2252853081421775_7590033267387006976_n.jpg 1296w\" sizes=\"(max-width: 950px) 100vw, 950px\" \/><figcaption class=\"wp-element-caption\">Telwell du S\u00e2non<\/figcaption><\/figure>\n\n\n\n<p><\/p>\n","protected":false},"excerpt":{"rendered":"<p>Tous nos \u00e9talons ont \u00e9t\u00e9 prim\u00e9s en concours d&rsquo;\u00e9levage, un est vice-champion de France et un autre est champion de France ! Bibilolo de Villeneuve Paladin des Bordes Sharptor Lithium Red Telwell du S\u00e2non Jedi de Meravilheta<\/p>\n","protected":false},"author":1,"featured_media":0,"parent":0,"menu_order":0,"comment_status":"closed","ping_status":"closed","template":"","meta":{"footnotes":""},"_links":{"self":[{"href":"https:\/\/shetlandsdesbordes.fr\/index.php?rest_route=\/wp\/v2\/pages\/22"}],"collection":[{"href":"https:\/\/shetlandsdesbordes.fr\/index.php?rest_route=\/wp\/v2\/pages"}],"about":[{"href":"https:\/\/shetlandsdesbordes.fr\/index.php?rest_route=\/wp\/v2\/types\/page"}],"author":[{"embeddable":true,"href":"https:\/\/shetlandsdesbordes.fr\/index.php?rest_route=\/wp\/v2\/users\/1"}],"replies":[{"embeddable":true,"href":"https:\/\/shetlandsdesbordes.fr\/index.php?rest_route=%2Fwp%2Fv2%2Fcomments&post=22"}],"version-history":[{"count":19,"href":"https:\/\/shetlandsdesbordes.fr\/index.php?rest_route=\/wp\/v2\/pages\/22\/revisions"}],"predecessor-version":[{"id":1737,"href":"https:\/\/shetlandsdesbordes.fr\/index.php?rest_route=\/wp\/v2\/pages\/22\/revisions\/1737"}],"wp:attachment":[{"href":"https:\/\/shetlandsdesbordes.fr\/index.php?rest_route=%2Fwp%2Fv2%2Fmedia&parent=22"}],"curies":[{"name":"wp","href":"https:\/\/api.w.org\/{rel}","templated":true}]}}