{"id":203,"date":"2018-10-23T16:21:00","date_gmt":"2018-10-23T14:21:00","guid":{"rendered":"http:\/\/shetlandsdesbordes.fr\/?page_id=203"},"modified":"2024-11-04T19:59:42","modified_gmt":"2024-11-04T18:59:42","slug":"idylle-des-bordes","status":"publish","type":"page","link":"https:\/\/shetlandsdesbordes.fr\/?page_id=203","title":{"rendered":"Idylle des Bordes"},"content":{"rendered":"<p><span style=\"color: #000000;\"><span style=\"font-size: large;\">Idylle est une magnifique jument alezane l\u00e9g\u00e8rement aub\u00e9ris\u00e9e. Elle est tr\u00e8s osseuse, solide avec beaucoup de chic.\u00a0<\/span><\/span><\/p>\n<p><span style=\"color: #000000;\"><span style=\"font-size: large;\">C&rsquo;est une ponette adorable et tr\u00e8s proche de l&rsquo;\u00eatre humain, elle vient jouer avec nous au pr\u00e9, et se laisse bien attraper et licoler.<\/span><\/span><\/p>\n<p><span style=\"color: #000000;\"><span style=\"font-size: large;\">Idylle est la fille de Sharptor Lithium Red et Rachna v&rsquo;.t Kampje 5leopold V&rsquo;d Lienden). Son p\u00e8re est un superbe \u00e9talon anglais, champion de France FSP des \u00e9talons en 2014 avec une m\u00e9daille d&rsquo;or, et surtout champion supr\u00eame de ce championnat. Sa m\u00e8re est championne de France FSP des poulini\u00e8res suit\u00e9es en 2013, avec une m\u00e9daille d&rsquo;or. Idylle est la propre s\u0153ur d&rsquo;Arobase des Bordes, m\u00e9daille d&rsquo;or et 3\u00e8me des poulini\u00e8res suit\u00e9es au championnat de France FSP en 2014. Arobase est partie continuer sa carri\u00e8re de poulini\u00e8re en Cor\u00e9e du sud.<br \/>Idylle se classe 1\u00e8re des foals au concours IFCE \u00e0 Ligni\u00e8res, avec la note incroyable de 50\/60 ! Elle remporte \u00e9galement la finale r\u00e9gionale des pouliches de 2 ans, avec une note de 16,73\/20 (16,5\/20 au saut), devant 3 pouliches welsh !! Idylle est qualifi\u00e9e PROMETTEUR \u00e0 Ligni\u00e8res en 2021 \u00e0 l&rsquo;\u00e2ge de 3 ans.<br \/>Elle pouline pour la premi\u00e8re fois en 2022, d&rsquo;une magnifique pouliche alezane, Marjolaine des Bordes, par Artiste de Bellefiole.<br \/><\/span><\/span><\/p>\n<p>\u00a0<img loading=\"lazy\" decoding=\"async\" class=\"alignnone size-large wp-image-205\" src=\"http:\/\/shetlandsdesbordes.fr\/wp-content\/uploads\/2018\/10\/26.05-3-1024x683.jpg\" alt=\"\" width=\"540\" height=\"360\" \/> <img loading=\"lazy\" decoding=\"async\" class=\"alignnone size-large wp-image-206\" src=\"http:\/\/shetlandsdesbordes.fr\/wp-content\/uploads\/2018\/10\/26.05-4-1024x683.jpg\" alt=\"\" width=\"540\" height=\"360\" \/> <img loading=\"lazy\" decoding=\"async\" class=\"alignnone size-large wp-image-209\" src=\"http:\/\/shetlandsdesbordes.fr\/wp-content\/uploads\/2018\/10\/26.05-7-1024x661.jpg\" alt=\"\" width=\"540\" height=\"349\" \/> <img loading=\"lazy\" decoding=\"async\" class=\"alignnone size-large wp-image-210\" src=\"http:\/\/shetlandsdesbordes.fr\/wp-content\/uploads\/2018\/10\/26.05-8-1024x683.jpg\" alt=\"\" width=\"540\" height=\"360\" \/> \u00a0 <img loading=\"lazy\" decoding=\"async\" class=\"alignnone size-large wp-image-213\" src=\"http:\/\/shetlandsdesbordes.fr\/wp-content\/uploads\/2018\/10\/26.05-11-1024x683.jpg\" alt=\"\" width=\"540\" height=\"360\" \/>\u00a0 <img loading=\"lazy\" decoding=\"async\" class=\"alignnone size-large wp-image-215\" src=\"http:\/\/shetlandsdesbordes.fr\/wp-content\/uploads\/2018\/10\/26.05-14-1024x683.jpg\" alt=\"\" width=\"540\" height=\"360\" \/>\u00a0 \u00a0<\/p>\n\n\n<figure class=\"wp-block-image size-large\"><img decoding=\"async\" src=\"http:\/\/shetlandsdesbordes.fr\/wp-content\/uploads\/2020\/07\/idylle-juin-19-2-827x1024.jpg\" alt=\"\" class=\"wp-image-773\"\/><figcaption class=\"wp-element-caption\">Idylle \u00e0 1 an<br><\/figcaption><\/figure>\n\n\n\n<figure class=\"wp-block-image size-large\"><img decoding=\"async\" src=\"http:\/\/shetlandsdesbordes.fr\/wp-content\/uploads\/2020\/07\/DSC09546-1024x677.jpg\" alt=\"\" class=\"wp-image-775\"\/><figcaption class=\"wp-element-caption\">Idylle \u00e0 2 ans<br><\/figcaption><\/figure>\n\n\n\n<figure class=\"wp-block-image size-large\"><img loading=\"lazy\" decoding=\"async\" width=\"1024\" height=\"672\" src=\"http:\/\/shetlandsdesbordes.fr\/wp-content\/uploads\/2020\/07\/DSC09554-1024x672.jpg\" alt=\"\" class=\"wp-image-776\"\/><figcaption class=\"wp-element-caption\">Idylle \u00e0 2 ans<br><\/figcaption><\/figure>\n\n\n\n<figure class=\"wp-block-image size-large\"><img loading=\"lazy\" decoding=\"async\" width=\"1024\" height=\"821\" src=\"http:\/\/shetlandsdesbordes.fr\/wp-content\/uploads\/2020\/07\/DSC09555-1024x821.jpg\" alt=\"\" class=\"wp-image-777\"\/><figcaption class=\"wp-element-caption\">Idylle \u00e0 2 ans<br><\/figcaption><\/figure>\n\n\n\n<figure class=\"wp-block-image size-large\"><img loading=\"lazy\" decoding=\"async\" width=\"1024\" height=\"662\" src=\"http:\/\/shetlandsdesbordes.fr\/wp-content\/uploads\/2020\/07\/DSC09575-1024x662.jpg\" alt=\"\" class=\"wp-image-778\"\/><figcaption class=\"wp-element-caption\">Idylle \u00e0 2 ans<br><\/figcaption><\/figure>\n\n\n\n<figure class=\"wp-block-image size-large\"><img loading=\"lazy\" decoding=\"async\" width=\"1024\" height=\"762\" src=\"http:\/\/shetlandsdesbordes.fr\/wp-content\/uploads\/2020\/07\/DSC09574-1024x762.jpg\" alt=\"\" class=\"wp-image-779\"\/><figcaption class=\"wp-element-caption\">Idylle \u00e0 2 ans<br><\/figcaption><\/figure>\n\n\n\n<figure class=\"wp-block-image size-large\"><img loading=\"lazy\" decoding=\"async\" width=\"1024\" height=\"683\" src=\"http:\/\/shetlandsdesbordes.fr\/wp-content\/uploads\/2023\/01\/A761EBD4-40D5-43A0-A815-7200E8C22309_1_201_a-1024x683.jpeg\" alt=\"\" class=\"wp-image-1135\"\/><figcaption class=\"wp-element-caption\">Idylle \u00e0 4 ans<\/figcaption><\/figure>\n\n\n\n<p><\/p>\n","protected":false},"excerpt":{"rendered":"<p>Idylle est une magnifique jument alezane l\u00e9g\u00e8rement aub\u00e9ris\u00e9e. Elle est tr\u00e8s osseuse, solide avec beaucoup de chic.\u00a0 C&rsquo;est une ponette adorable et tr\u00e8s proche de l&rsquo;\u00eatre humain, elle vient jouer avec nous au pr\u00e9, et se laisse bien attraper et <a class=\"more-link\" href=\"https:\/\/shetlandsdesbordes.fr\/?page_id=203\">Lire plus &#8230;<\/a><\/p>\n","protected":false},"author":2,"featured_media":0,"parent":27,"menu_order":0,"comment_status":"closed","ping_status":"closed","template":"","meta":{"footnotes":""},"_links":{"self":[{"href":"https:\/\/shetlandsdesbordes.fr\/index.php?rest_route=\/wp\/v2\/pages\/203"}],"collection":[{"href":"https:\/\/shetlandsdesbordes.fr\/index.php?rest_route=\/wp\/v2\/pages"}],"about":[{"href":"https:\/\/shetlandsdesbordes.fr\/index.php?rest_route=\/wp\/v2\/types\/page"}],"author":[{"embeddable":true,"href":"https:\/\/shetlandsdesbordes.fr\/index.php?rest_route=\/wp\/v2\/users\/2"}],"replies":[{"embeddable":true,"href":"https:\/\/shetlandsdesbordes.fr\/index.php?rest_route=%2Fwp%2Fv2%2Fcomments&post=203"}],"version-history":[{"count":7,"href":"https:\/\/shetlandsdesbordes.fr\/index.php?rest_route=\/wp\/v2\/pages\/203\/revisions"}],"predecessor-version":[{"id":1686,"href":"https:\/\/shetlandsdesbordes.fr\/index.php?rest_route=\/wp\/v2\/pages\/203\/revisions\/1686"}],"up":[{"embeddable":true,"href":"https:\/\/shetlandsdesbordes.fr\/index.php?rest_route=\/wp\/v2\/pages\/27"}],"wp:attachment":[{"href":"https:\/\/shetlandsdesbordes.fr\/index.php?rest_route=%2Fwp%2Fv2%2Fmedia&parent=203"}],"curies":[{"name":"wp","href":"https:\/\/api.w.org\/{rel}","templated":true}]}}