{"id":198,"date":"2018-10-23T16:04:42","date_gmt":"2018-10-23T14:04:42","guid":{"rendered":"http:\/\/shetlandsdesbordes.fr\/?page_id=198"},"modified":"2022-11-14T21:15:26","modified_gmt":"2022-11-14T20:15:26","slug":"hugoline-des-bordes","status":"publish","type":"page","link":"https:\/\/shetlandsdesbordes.fr\/?page_id=198","title":{"rendered":"Hugoline des Bordes"},"content":{"rendered":"\n<p class=\"has-normal-font-size\"><span style=\"color: #000000;\"><span style=\"font-size: large;\">Hugoline des Bordes est une magnifique jument isabelle qui est de taille standard. <\/span><\/span><\/p>\n\n\n\n<p class=\"has-normal-font-size\"><span style=\"color: #000000;\"><span style=\"font-size: large;\">Son p\u00e8re, Diabolo des Bordes, est un \u00e9talon palomino, champion de France des m\u00e2les de 2 ans en 2015 et m\u00e9daille de bronze, qui est parti continuer sa carri\u00e8re d&rsquo;\u00e9talon en Bretagne, et qui reproduit beaucoup sa belle robe. Un de ses propres fr\u00e8re, Tic-tac des Bordes, s&rsquo;est illustr\u00e9 de nombreuses fois en CSO \u00e0 Lamote-Beuvron. <\/span><\/span><span style=\"color: #000000;\"><span style=\"font-size: large;\">Sa m\u00e8re, Linka de Cottard, est championne de France FSP des poulini\u00e8res, elle a obtenu une m\u00e9daille d&rsquo;or, est qualifi\u00e9e TRES EXCELLENT, et a d&rsquo;excellentes origines anglaises, puisque son p\u00e8re est le fameux Hose Personality.<\/span><\/span><\/p>\n\n\n\n<p class=\"has-normal-font-size\">Hugoline est championne de France des poneys de 1 an en 2018 avec une m\u00e9daille d&rsquo;or, et vice-championne en 2019, avec une m\u00e9daille d&rsquo;argent. Elle se classe 4\u00e8me des poneys avec la note de 8,07\/10 \u00e0 la ferme expo de Tours en 2019, elle est qualifi\u00e9e label loisirs. Elle remporte le championnat r\u00e9gional des pouliches de 2 ans \u00e0 Tour en Sologne, avec la note de 15,2\/20 et 16,25\/20 au saut. Elle se classe 2\u00e8me du concours AFPS-GEPS de Saint-R\u00e9my en 2021, avec la qualification TRES EXCELLENTE. <br>c&rsquo;est une jument adorable, avec un robe tr\u00e8s plaisante. Elle est d\u00e9bourr\u00e9e sous la selle. Nous l&rsquo;avons mise \u00e0 la reproduction pour 2022, mais elle a perdu son poulain \u00e0 1 mois du terme, nous ne l&rsquo;avons pas remise \u00e0 la reproduction. <\/p>\n\n\n\n<figure class=\"wp-block-image size-large\"><img loading=\"lazy\" decoding=\"async\" width=\"1024\" height=\"704\" src=\"http:\/\/shetlandsdesbordes.fr\/wp-content\/uploads\/2020\/07\/linka-hugoline-amboise-2017-10-1024x704.jpg\" alt=\"\" class=\"wp-image-761\"\/><figcaption class=\"wp-element-caption\">Hugoline <br>\u00e0 3 mois <\/figcaption><\/figure>\n\n\n\n<figure class=\"wp-block-image size-large\"><img loading=\"lazy\" decoding=\"async\" width=\"631\" height=\"1024\" src=\"http:\/\/shetlandsdesbordes.fr\/wp-content\/uploads\/2020\/07\/07-06-2019-000154-631x1024.jpg\" alt=\"\" class=\"wp-image-762\"\/><figcaption class=\"wp-element-caption\">Hugoline \u00e0 2 ans<br><\/figcaption><\/figure>\n\n\n\n<figure class=\"wp-block-image size-large\"><img loading=\"lazy\" decoding=\"async\" width=\"1024\" height=\"682\" src=\"http:\/\/shetlandsdesbordes.fr\/wp-content\/uploads\/2020\/07\/hugoline-ile-flo-2-ans-vuitton-1-1-1024x682.jpg\" alt=\"\" class=\"wp-image-764\"\/><figcaption class=\"wp-element-caption\">Hugoline \u00e0 2 ans<br><\/figcaption><\/figure>\n\n\n\n<figure class=\"wp-block-image size-large\"><img decoding=\"async\" src=\"http:\/\/shetlandsdesbordes.fr\/wp-content\/uploads\/2022\/11\/hugoline-1-1024x699.png\" alt=\"\" class=\"wp-image-1073\"\/><figcaption class=\"wp-element-caption\">Hugoline \u00e0 4 ans<\/figcaption><\/figure>\n\n\n\n<p><\/p>\n\n\n\n<figure class=\"wp-block-image size-large\"><img loading=\"lazy\" decoding=\"async\" width=\"1024\" height=\"810\" src=\"http:\/\/shetlandsdesbordes.fr\/wp-content\/uploads\/2022\/11\/hugoline-3-1024x810.png\" alt=\"\" class=\"wp-image-1074\"\/><figcaption class=\"wp-element-caption\">Hugoline \u00e0 4 ans<\/figcaption><\/figure>\n\n\n\n<p><\/p>\n\n\n\n<figure class=\"wp-block-image size-large\"><img loading=\"lazy\" decoding=\"async\" width=\"1024\" height=\"680\" src=\"http:\/\/shetlandsdesbordes.fr\/wp-content\/uploads\/2022\/11\/Hugoline-1-1024x680.jpg\" alt=\"\" class=\"wp-image-1075\"\/><figcaption class=\"wp-element-caption\">Hugoline \u00e0 4 ans<\/figcaption><\/figure>\n\n\n\n<p><\/p>\n","protected":false},"excerpt":{"rendered":"<p>Hugoline des Bordes est une magnifique jument isabelle qui est de taille standard. Son p\u00e8re, Diabolo des Bordes, est un \u00e9talon palomino, champion de France des m\u00e2les de 2 ans en 2015 et m\u00e9daille de bronze, qui est parti continuer <a class=\"more-link\" href=\"https:\/\/shetlandsdesbordes.fr\/?page_id=198\">Lire plus &#8230;<\/a><\/p>\n","protected":false},"author":2,"featured_media":0,"parent":25,"menu_order":0,"comment_status":"closed","ping_status":"closed","template":"","meta":{"footnotes":""},"_links":{"self":[{"href":"https:\/\/shetlandsdesbordes.fr\/index.php?rest_route=\/wp\/v2\/pages\/198"}],"collection":[{"href":"https:\/\/shetlandsdesbordes.fr\/index.php?rest_route=\/wp\/v2\/pages"}],"about":[{"href":"https:\/\/shetlandsdesbordes.fr\/index.php?rest_route=\/wp\/v2\/types\/page"}],"author":[{"embeddable":true,"href":"https:\/\/shetlandsdesbordes.fr\/index.php?rest_route=\/wp\/v2\/users\/2"}],"replies":[{"embeddable":true,"href":"https:\/\/shetlandsdesbordes.fr\/index.php?rest_route=%2Fwp%2Fv2%2Fcomments&post=198"}],"version-history":[{"count":7,"href":"https:\/\/shetlandsdesbordes.fr\/index.php?rest_route=\/wp\/v2\/pages\/198\/revisions"}],"predecessor-version":[{"id":1078,"href":"https:\/\/shetlandsdesbordes.fr\/index.php?rest_route=\/wp\/v2\/pages\/198\/revisions\/1078"}],"up":[{"embeddable":true,"href":"https:\/\/shetlandsdesbordes.fr\/index.php?rest_route=\/wp\/v2\/pages\/25"}],"wp:attachment":[{"href":"https:\/\/shetlandsdesbordes.fr\/index.php?rest_route=%2Fwp%2Fv2%2Fmedia&parent=198"}],"curies":[{"name":"wp","href":"https:\/\/api.w.org\/{rel}","templated":true}]}}