{"id":188,"date":"2018-10-23T15:55:02","date_gmt":"2018-10-23T13:55:02","guid":{"rendered":"http:\/\/shetlandsdesbordes.fr\/?page_id=188"},"modified":"2023-01-30T01:01:46","modified_gmt":"2023-01-30T00:01:46","slug":"hey-jude-des-bordes","status":"publish","type":"page","link":"https:\/\/shetlandsdesbordes.fr\/?page_id=188","title":{"rendered":"Hey Jude des Bordes"},"content":{"rendered":"<p><span style=\"color: #000000;\"><span style=\"font-size: medium;\">Hey Jude est notre premier produit cremollo ! Elle a donc les yeux bleus et la peau rose. Elle sera de taille standard, elle se d\u00e9place tr\u00e8s bien, elle est un peu coquine mais ob\u00e9issante.<\/span><\/span><\/p>\n<p><span style=\"color: #000000;\"><span style=\"font-size: medium;\">Son p\u00e8re, Diabolo des Bordes, est un \u00e9talon palomino n\u00e9 \u00e0 l&rsquo;\u00e9levage, mais vendu depuis. Il est champion de France FSP \u00e0 l&rsquo;\u00e2ge de 2 ans, avec une m\u00e9daille de bronze. Il est le propre fr\u00e8re de Paladin des Bordes et Tic-tac des Bordes, hongre qui s&rsquo;est illustr\u00e9 de nombreuses ann\u00e9es en CSO \u00e0 Lamotte-Beuvron.<\/span><\/span><\/p>\n<p><span style=\"color: #000000;\"><span style=\"font-size: medium;\">Sa m\u00e8re, Esm\u00e9ralda des Bordes, est une grande jument palomino, d\u00e9bourr\u00e9e \u00e0 l&rsquo;obstacle, discipline dans laquelle elle excelle puisqu&rsquo;elle a remport\u00e9 la finale r\u00e9gionale des pouliches de 2 ans avec la note incroyable de 36\/40 !!<\/span><\/span><\/p>\n<p>Hey Jude est partie comme future poulini\u00e8re dans le sud de la France, en Camargue.<\/p>\n<p><img loading=\"lazy\" decoding=\"async\" class=\"alignnone size-large wp-image-191\" src=\"http:\/\/shetlandsdesbordes.fr\/wp-content\/uploads\/2018\/10\/26.09-1-1024x976.jpg\" alt=\"\" width=\"540\" height=\"515\" \/><\/p>\n\n\n<figure class=\"wp-block-image size-large\"><img loading=\"lazy\" decoding=\"async\" width=\"1024\" height=\"704\" src=\"http:\/\/shetlandsdesbordes.fr\/wp-content\/uploads\/2018\/10\/27.05-3-1024x704.jpg\" alt=\"\" class=\"wp-image-194\"\/><\/figure>\n\n\n\n<figure class=\"wp-block-image size-large\"><img decoding=\"async\" src=\"http:\/\/shetlandsdesbordes.fr\/wp-content\/uploads\/2018\/10\/27-1024x899.jpg\" alt=\"\" class=\"wp-image-196\"\/><\/figure>\n","protected":false},"excerpt":{"rendered":"<p>Hey Jude est notre premier produit cremollo ! Elle a donc les yeux bleus et la peau rose. Elle sera de taille standard, elle se d\u00e9place tr\u00e8s bien, elle est un peu coquine mais ob\u00e9issante. Son p\u00e8re, Diabolo des Bordes, <a class=\"more-link\" href=\"https:\/\/shetlandsdesbordes.fr\/?page_id=188\">Lire plus &#8230;<\/a><\/p>\n","protected":false},"author":2,"featured_media":0,"parent":31,"menu_order":0,"comment_status":"closed","ping_status":"closed","template":"","meta":{"footnotes":""},"_links":{"self":[{"href":"https:\/\/shetlandsdesbordes.fr\/index.php?rest_route=\/wp\/v2\/pages\/188"}],"collection":[{"href":"https:\/\/shetlandsdesbordes.fr\/index.php?rest_route=\/wp\/v2\/pages"}],"about":[{"href":"https:\/\/shetlandsdesbordes.fr\/index.php?rest_route=\/wp\/v2\/types\/page"}],"author":[{"embeddable":true,"href":"https:\/\/shetlandsdesbordes.fr\/index.php?rest_route=\/wp\/v2\/users\/2"}],"replies":[{"embeddable":true,"href":"https:\/\/shetlandsdesbordes.fr\/index.php?rest_route=%2Fwp%2Fv2%2Fcomments&post=188"}],"version-history":[{"count":4,"href":"https:\/\/shetlandsdesbordes.fr\/index.php?rest_route=\/wp\/v2\/pages\/188\/revisions"}],"predecessor-version":[{"id":1326,"href":"https:\/\/shetlandsdesbordes.fr\/index.php?rest_route=\/wp\/v2\/pages\/188\/revisions\/1326"}],"up":[{"embeddable":true,"href":"https:\/\/shetlandsdesbordes.fr\/index.php?rest_route=\/wp\/v2\/pages\/31"}],"wp:attachment":[{"href":"https:\/\/shetlandsdesbordes.fr\/index.php?rest_route=%2Fwp%2Fv2%2Fmedia&parent=188"}],"curies":[{"name":"wp","href":"https:\/\/api.w.org\/{rel}","templated":true}]}}