{"id":1730,"date":"2026-02-10T23:51:24","date_gmt":"2026-02-10T22:51:24","guid":{"rendered":"https:\/\/shetlandsdesbordes.fr\/?page_id=1730"},"modified":"2026-03-11T20:43:51","modified_gmt":"2026-03-11T19:43:51","slug":"perceval-des-bordes","status":"publish","type":"page","link":"https:\/\/shetlandsdesbordes.fr\/?page_id=1730","title":{"rendered":"Perceval des Bordes"},"content":{"rendered":"\n<p><\/p>\n\n\n\n<p>Perceval est le fils de Telwell du s\u00e2non et de Fleur bleue des Bordes (Shaprtor Lithium Red)<\/p>\n\n\n\n<p>C&rsquo;est un joli m\u00e2le alezan comme ses 2 parents, il a du chic et de tr\u00e8s bonnes origines, ses 4 grands parents se sont tous illustr\u00e9s en concours de mod\u00e8les et allures, et sont tous TR\u00c8S EXCELLENT<\/p>\n\n\n\n<p>c&rsquo;est le candidat id\u00e9al pour devenir \u00e9talon !<\/p>\n\n\n\n<figure class=\"wp-block-image size-full\"><img loading=\"lazy\" decoding=\"async\" width=\"500\" height=\"665\" src=\"https:\/\/shetlandsdesbordes.fr\/wp-content\/uploads\/2026\/02\/DSC01223.jpg\" alt=\"\" class=\"wp-image-1757\" srcset=\"https:\/\/shetlandsdesbordes.fr\/wp-content\/uploads\/2026\/02\/DSC01223.jpg 500w, https:\/\/shetlandsdesbordes.fr\/wp-content\/uploads\/2026\/02\/DSC01223-226x300.jpg 226w\" sizes=\"(max-width: 500px) 100vw, 500px\" \/><figcaption class=\"wp-element-caption\">Perceval \u00e0 la naissance<\/figcaption><\/figure>\n\n\n\n<figure class=\"wp-block-image size-full\"><img loading=\"lazy\" decoding=\"async\" width=\"500\" height=\"630\" src=\"https:\/\/shetlandsdesbordes.fr\/wp-content\/uploads\/2026\/02\/DSC01231.jpg\" alt=\"\" class=\"wp-image-1758\" srcset=\"https:\/\/shetlandsdesbordes.fr\/wp-content\/uploads\/2026\/02\/DSC01231.jpg 500w, https:\/\/shetlandsdesbordes.fr\/wp-content\/uploads\/2026\/02\/DSC01231-238x300.jpg 238w\" sizes=\"(max-width: 500px) 100vw, 500px\" \/><figcaption class=\"wp-element-caption\">Perceval \u00e0 la naissance<\/figcaption><\/figure>\n\n\n\n<figure class=\"wp-block-image size-full\"><img loading=\"lazy\" decoding=\"async\" width=\"368\" height=\"395\" src=\"https:\/\/shetlandsdesbordes.fr\/wp-content\/uploads\/2026\/02\/Fleur-bleue-IMG_4120.jpeg\" alt=\"\" class=\"wp-image-1759\" srcset=\"https:\/\/shetlandsdesbordes.fr\/wp-content\/uploads\/2026\/02\/Fleur-bleue-IMG_4120.jpeg 368w, https:\/\/shetlandsdesbordes.fr\/wp-content\/uploads\/2026\/02\/Fleur-bleue-IMG_4120-279x300.jpeg 279w\" sizes=\"(max-width: 368px) 100vw, 368px\" \/><figcaption class=\"wp-element-caption\">Perceval en concours de mod\u00e8les et allures \u00e0 3 mois <\/figcaption><\/figure>\n","protected":false},"excerpt":{"rendered":"<p>Perceval est le fils de Telwell du s\u00e2non et de Fleur bleue des Bordes (Shaprtor Lithium Red) C&rsquo;est un joli m\u00e2le alezan comme ses 2 parents, il a du chic et de tr\u00e8s bonnes origines, ses 4 grands parents se <a class=\"more-link\" href=\"https:\/\/shetlandsdesbordes.fr\/?page_id=1730\">Lire plus &#8230;<\/a><\/p>\n","protected":false},"author":1,"featured_media":0,"parent":29,"menu_order":0,"comment_status":"closed","ping_status":"closed","template":"","meta":{"footnotes":""},"_links":{"self":[{"href":"https:\/\/shetlandsdesbordes.fr\/index.php?rest_route=\/wp\/v2\/pages\/1730"}],"collection":[{"href":"https:\/\/shetlandsdesbordes.fr\/index.php?rest_route=\/wp\/v2\/pages"}],"about":[{"href":"https:\/\/shetlandsdesbordes.fr\/index.php?rest_route=\/wp\/v2\/types\/page"}],"author":[{"embeddable":true,"href":"https:\/\/shetlandsdesbordes.fr\/index.php?rest_route=\/wp\/v2\/users\/1"}],"replies":[{"embeddable":true,"href":"https:\/\/shetlandsdesbordes.fr\/index.php?rest_route=%2Fwp%2Fv2%2Fcomments&post=1730"}],"version-history":[{"count":3,"href":"https:\/\/shetlandsdesbordes.fr\/index.php?rest_route=\/wp\/v2\/pages\/1730\/revisions"}],"predecessor-version":[{"id":1829,"href":"https:\/\/shetlandsdesbordes.fr\/index.php?rest_route=\/wp\/v2\/pages\/1730\/revisions\/1829"}],"up":[{"embeddable":true,"href":"https:\/\/shetlandsdesbordes.fr\/index.php?rest_route=\/wp\/v2\/pages\/29"}],"wp:attachment":[{"href":"https:\/\/shetlandsdesbordes.fr\/index.php?rest_route=%2Fwp%2Fv2%2Fmedia&parent=1730"}],"curies":[{"name":"wp","href":"https:\/\/api.w.org\/{rel}","templated":true}]}}