{"id":1729,"date":"2026-02-10T23:52:01","date_gmt":"2026-02-10T22:52:01","guid":{"rendered":"https:\/\/shetlandsdesbordes.fr\/?page_id=1729"},"modified":"2026-02-12T00:02:54","modified_gmt":"2026-02-11T23:02:54","slug":"peaceandlove-des-bordes","status":"publish","type":"page","link":"https:\/\/shetlandsdesbordes.fr\/?page_id=1729","title":{"rendered":"Peaceandlove des Bordes"},"content":{"rendered":"\n<p><\/p>\n\n\n\n<p>Peaceandlove est la fille de Telwell du s\u00e2non et de Elloween des Bordes (Paladin des Bordes)<\/p>\n\n\n\n<p>Elle est alezane et a h\u00e9rit\u00e9 du chic de ses 2 parents et a un port de t\u00eate vraiment sublime ! <br>Nous avons d\u00e9cid\u00e9 de garder cette pouliche \u00e0 l&rsquo;\u00e9levage.<\/p>\n\n\n\n<p><br><\/p>\n\n\n\n<figure class=\"wp-block-image size-full\"><img loading=\"lazy\" decoding=\"async\" width=\"471\" height=\"353\" src=\"https:\/\/shetlandsdesbordes.fr\/wp-content\/uploads\/2026\/02\/DSC01243.jpg\" alt=\"\" class=\"wp-image-1748\" srcset=\"https:\/\/shetlandsdesbordes.fr\/wp-content\/uploads\/2026\/02\/DSC01243.jpg 471w, https:\/\/shetlandsdesbordes.fr\/wp-content\/uploads\/2026\/02\/DSC01243-300x225.jpg 300w\" sizes=\"(max-width: 471px) 100vw, 471px\" \/><figcaption class=\"wp-element-caption\">Peaceandlove \u00e0 la naissance<\/figcaption><\/figure>\n\n\n\n<figure class=\"wp-block-image size-full\"><img loading=\"lazy\" decoding=\"async\" width=\"500\" height=\"673\" src=\"https:\/\/shetlandsdesbordes.fr\/wp-content\/uploads\/2026\/02\/DSC01224-1.jpg\" alt=\"\" class=\"wp-image-1752\" srcset=\"https:\/\/shetlandsdesbordes.fr\/wp-content\/uploads\/2026\/02\/DSC01224-1.jpg 500w, https:\/\/shetlandsdesbordes.fr\/wp-content\/uploads\/2026\/02\/DSC01224-1-223x300.jpg 223w\" sizes=\"(max-width: 500px) 100vw, 500px\" \/><figcaption class=\"wp-element-caption\">Peaceandlove \u00e0 la naissance<\/figcaption><\/figure>\n\n\n\n<figure class=\"wp-block-image size-full\"><img loading=\"lazy\" decoding=\"async\" width=\"485\" height=\"297\" src=\"https:\/\/shetlandsdesbordes.fr\/wp-content\/uploads\/2026\/02\/Elloween-IMG_4123.jpeg\" alt=\"\" class=\"wp-image-1750\" srcset=\"https:\/\/shetlandsdesbordes.fr\/wp-content\/uploads\/2026\/02\/Elloween-IMG_4123.jpeg 485w, https:\/\/shetlandsdesbordes.fr\/wp-content\/uploads\/2026\/02\/Elloween-IMG_4123-300x184.jpeg 300w\" sizes=\"(max-width: 485px) 100vw, 485px\" \/><figcaption class=\"wp-element-caption\">Peaceandlove en concours \u00e0 Ligni\u00e8res \u00e0 4 mois<\/figcaption><\/figure>\n\n\n\n<p><\/p>\n","protected":false},"excerpt":{"rendered":"<p>Peaceandlove est la fille de Telwell du s\u00e2non et de Elloween des Bordes (Paladin des Bordes) Elle est alezane et a h\u00e9rit\u00e9 du chic de ses 2 parents et a un port de t\u00eate vraiment sublime ! Nous avons d\u00e9cid\u00e9 <a class=\"more-link\" href=\"https:\/\/shetlandsdesbordes.fr\/?page_id=1729\">Lire plus &#8230;<\/a><\/p>\n","protected":false},"author":1,"featured_media":0,"parent":0,"menu_order":0,"comment_status":"closed","ping_status":"closed","template":"","meta":{"footnotes":""},"_links":{"self":[{"href":"https:\/\/shetlandsdesbordes.fr\/index.php?rest_route=\/wp\/v2\/pages\/1729"}],"collection":[{"href":"https:\/\/shetlandsdesbordes.fr\/index.php?rest_route=\/wp\/v2\/pages"}],"about":[{"href":"https:\/\/shetlandsdesbordes.fr\/index.php?rest_route=\/wp\/v2\/types\/page"}],"author":[{"embeddable":true,"href":"https:\/\/shetlandsdesbordes.fr\/index.php?rest_route=\/wp\/v2\/users\/1"}],"replies":[{"embeddable":true,"href":"https:\/\/shetlandsdesbordes.fr\/index.php?rest_route=%2Fwp%2Fv2%2Fcomments&post=1729"}],"version-history":[{"count":4,"href":"https:\/\/shetlandsdesbordes.fr\/index.php?rest_route=\/wp\/v2\/pages\/1729\/revisions"}],"predecessor-version":[{"id":1755,"href":"https:\/\/shetlandsdesbordes.fr\/index.php?rest_route=\/wp\/v2\/pages\/1729\/revisions\/1755"}],"wp:attachment":[{"href":"https:\/\/shetlandsdesbordes.fr\/index.php?rest_route=%2Fwp%2Fv2%2Fmedia&parent=1729"}],"curies":[{"name":"wp","href":"https:\/\/api.w.org\/{rel}","templated":true}]}}