{"id":1716,"date":"2026-02-10T23:31:29","date_gmt":"2026-02-10T22:31:29","guid":{"rendered":"https:\/\/shetlandsdesbordes.fr\/?page_id=1716"},"modified":"2026-02-12T00:12:07","modified_gmt":"2026-02-11T23:12:07","slug":"telwell-du-sanon","status":"publish","type":"page","link":"https:\/\/shetlandsdesbordes.fr\/?page_id=1716","title":{"rendered":"Telwell du S\u00e2non"},"content":{"rendered":"\n<p><br>Magnifique \u00e9talon que nous avons achet\u00e9 en 2024, il n&rsquo;est jamais sorti en concours. <br>Ses 2 parents se sont illustr\u00e9s tous les 2 en concours de mod\u00e8les et allures: <br>&#8211; Son p\u00e8re Good Luck V ST Nederkoorn (NL) est qualifi\u00e9 TRES EXCELLENT plusieurs fois<br>&#8211; Sa m\u00e8re Prunelle du S\u00e2non est qualifi\u00e9e TRES PROMETTEUR et TRES EXCELLENT plusieurs fois<br>ils sont tous les 2 champions de France en 2001. sa m\u00e8re est class\u00e9e ELITE dans le programme de dotation des reproducteurs.  <br><br>Telwell est un poney tr\u00e8s bien conform\u00e9, et dot\u00e9 d&rsquo;un caract\u00e8re excellent et facile pour un entier, ce qui n&rsquo;est pas n\u00e9gligeable <\/p>\n\n\n\n<figure class=\"wp-block-image size-large\"><img loading=\"lazy\" decoding=\"async\" width=\"675\" height=\"950\" src=\"https:\/\/shetlandsdesbordes.fr\/wp-content\/uploads\/2026\/02\/IMG_0825-2-675x950.jpeg\" alt=\"\" class=\"wp-image-1719\" srcset=\"https:\/\/shetlandsdesbordes.fr\/wp-content\/uploads\/2026\/02\/IMG_0825-2-675x950.jpeg 675w, https:\/\/shetlandsdesbordes.fr\/wp-content\/uploads\/2026\/02\/IMG_0825-2-213x300.jpeg 213w, https:\/\/shetlandsdesbordes.fr\/wp-content\/uploads\/2026\/02\/IMG_0825-2-768x1081.jpeg 768w, https:\/\/shetlandsdesbordes.fr\/wp-content\/uploads\/2026\/02\/IMG_0825-2-1091x1536.jpeg 1091w, https:\/\/shetlandsdesbordes.fr\/wp-content\/uploads\/2026\/02\/IMG_0825-2-1455x2048.jpeg 1455w, https:\/\/shetlandsdesbordes.fr\/wp-content\/uploads\/2026\/02\/IMG_0825-2-scaled.jpeg 1819w\" sizes=\"(max-width: 675px) 100vw, 675px\" \/><\/figure>\n\n\n\n<figure class=\"wp-block-image size-large\"><img loading=\"lazy\" decoding=\"async\" width=\"950\" height=\"633\" src=\"https:\/\/shetlandsdesbordes.fr\/wp-content\/uploads\/2026\/02\/thelwell-950x633.jpg\" alt=\"\" class=\"wp-image-1764\" srcset=\"https:\/\/shetlandsdesbordes.fr\/wp-content\/uploads\/2026\/02\/thelwell-950x633.jpg 950w, https:\/\/shetlandsdesbordes.fr\/wp-content\/uploads\/2026\/02\/thelwell-300x200.jpg 300w, https:\/\/shetlandsdesbordes.fr\/wp-content\/uploads\/2026\/02\/thelwell-768x512.jpg 768w, https:\/\/shetlandsdesbordes.fr\/wp-content\/uploads\/2026\/02\/thelwell.jpg 1296w\" sizes=\"(max-width: 950px) 100vw, 950px\" \/><\/figure>\n\n\n\n<figure class=\"wp-block-image size-full is-resized\"><img loading=\"lazy\" decoding=\"async\" width=\"500\" height=\"329\" src=\"https:\/\/shetlandsdesbordes.fr\/wp-content\/uploads\/2026\/02\/Design-sans-titre3.jpeg\" alt=\"\" class=\"wp-image-1763\" style=\"width:579px;height:auto\" srcset=\"https:\/\/shetlandsdesbordes.fr\/wp-content\/uploads\/2026\/02\/Design-sans-titre3.jpeg 500w, https:\/\/shetlandsdesbordes.fr\/wp-content\/uploads\/2026\/02\/Design-sans-titre3-300x197.jpeg 300w\" sizes=\"(max-width: 500px) 100vw, 500px\" \/><\/figure>\n","protected":false},"excerpt":{"rendered":"<p>Magnifique \u00e9talon que nous avons achet\u00e9 en 2024, il n&rsquo;est jamais sorti en concours. Ses 2 parents se sont illustr\u00e9s tous les 2 en concours de mod\u00e8les et allures: &#8211; Son p\u00e8re Good Luck V ST Nederkoorn (NL) est qualifi\u00e9 <a class=\"more-link\" href=\"https:\/\/shetlandsdesbordes.fr\/?page_id=1716\">Lire plus &#8230;<\/a><\/p>\n","protected":false},"author":1,"featured_media":0,"parent":22,"menu_order":0,"comment_status":"closed","ping_status":"closed","template":"","meta":{"footnotes":""},"_links":{"self":[{"href":"https:\/\/shetlandsdesbordes.fr\/index.php?rest_route=\/wp\/v2\/pages\/1716"}],"collection":[{"href":"https:\/\/shetlandsdesbordes.fr\/index.php?rest_route=\/wp\/v2\/pages"}],"about":[{"href":"https:\/\/shetlandsdesbordes.fr\/index.php?rest_route=\/wp\/v2\/types\/page"}],"author":[{"embeddable":true,"href":"https:\/\/shetlandsdesbordes.fr\/index.php?rest_route=\/wp\/v2\/users\/1"}],"replies":[{"embeddable":true,"href":"https:\/\/shetlandsdesbordes.fr\/index.php?rest_route=%2Fwp%2Fv2%2Fcomments&post=1716"}],"version-history":[{"count":4,"href":"https:\/\/shetlandsdesbordes.fr\/index.php?rest_route=\/wp\/v2\/pages\/1716\/revisions"}],"predecessor-version":[{"id":1768,"href":"https:\/\/shetlandsdesbordes.fr\/index.php?rest_route=\/wp\/v2\/pages\/1716\/revisions\/1768"}],"up":[{"embeddable":true,"href":"https:\/\/shetlandsdesbordes.fr\/index.php?rest_route=\/wp\/v2\/pages\/22"}],"wp:attachment":[{"href":"https:\/\/shetlandsdesbordes.fr\/index.php?rest_route=%2Fwp%2Fv2%2Fmedia&parent=1716"}],"curies":[{"name":"wp","href":"https:\/\/api.w.org\/{rel}","templated":true}]}}