{"id":171,"date":"2018-10-23T15:49:39","date_gmt":"2018-10-23T13:49:39","guid":{"rendered":"http:\/\/shetlandsdesbordes.fr\/?page_id=171"},"modified":"2023-01-29T19:46:35","modified_gmt":"2023-01-29T18:46:35","slug":"fleur-bleue-des-bordes","status":"publish","type":"page","link":"https:\/\/shetlandsdesbordes.fr\/?page_id=171","title":{"rendered":"Fleur Bleue des Bordes"},"content":{"rendered":"<p><span style=\"color: #000000;\"><span style=\"font-size: large;\">Fleur bleue des Borde est une magnifique et adorable ponette alezane.<br><\/span><\/span><\/p>\n<p><span style=\"color: #000000;\"><span style=\"font-size: large;\">C&rsquo;est une fille de Sharptor Lithium Red et Janet de la Picherie (Volcan de la Clairi\u00e8re). C&rsquo;est le dernier produit de Janet de la Picherie.<br><\/span><\/span><\/p>\n<p><span style=\"color: #000000;\"><span style=\"font-size: large;\">Fleur bleue se d\u00e9place tr\u00e8s bien, elle est osseuse tout en \u00e9tant \u00e9l\u00e9gante, elle a un tr\u00e8s joli port de t\u00eate. Ses 2 parents sont champions de France, sa m\u00e8re est qualifi\u00e9e TRES EXCELLENT et ELITE. Nous avons donc beaucoup d&rsquo;espoir pour cette ponette ! Elle est d&rsquo;ailleurs championne de France des pouliches de 1 an en 2016, avec une note de 10\/10 au TAN (test d&rsquo;aptitudes naturelles), elle se classe 5\u00e8me du championnat de France FSP des juments non suit\u00e9es \u00e0 l&rsquo;\u00e2ge de 4 ans, sur 12 juments. Elle pouline pour la premi\u00e8re fois en 2020, d&rsquo;un superbe m\u00e2le palomino, Kimono des Bordes, puis d&rsquo;un autre superbe m\u00e2le palomino, Lancelot des Bordes en 2021.<\/span><\/span><\/p>\n<p><\/p>\n\n\n<figure class=\"wp-block-image size-large\"><img loading=\"lazy\" decoding=\"async\" width=\"1024\" height=\"787\" src=\"http:\/\/shetlandsdesbordes.fr\/wp-content\/uploads\/2020\/05\/fleur-bleue-8-1024x787.jpg\" alt=\"\" class=\"wp-image-613\"\/><figcaption class=\"wp-element-caption\">Fleur Bleue championne de France des pouliches de 2 ans<br><\/figcaption><\/figure>\n\n\n\n<figure class=\"wp-block-image size-large\"><img loading=\"lazy\" decoding=\"async\" width=\"1024\" height=\"692\" src=\"http:\/\/shetlandsdesbordes.fr\/wp-content\/uploads\/2020\/05\/naissance-55-1024x692.jpg\" alt=\"\" class=\"wp-image-617\"\/><figcaption class=\"wp-element-caption\">Fleur Bleue et son poulain Kimono des Bordes<br><\/figcaption><\/figure>\n\n\n\n<figure class=\"wp-block-image size-large\"><img loading=\"lazy\" decoding=\"async\" width=\"1024\" height=\"785\" src=\"http:\/\/shetlandsdesbordes.fr\/wp-content\/uploads\/2020\/07\/P1180193-1024x785.jpg\" alt=\"\" class=\"wp-image-722\"\/><figcaption class=\"wp-element-caption\">Fleur Bleue \u00e0 4 ans<\/figcaption><\/figure>\n","protected":false},"excerpt":{"rendered":"<p>Fleur bleue des Borde est une magnifique et adorable ponette alezane. C&rsquo;est une fille de Sharptor Lithium Red et Janet de la Picherie (Volcan de la Clairi\u00e8re). C&rsquo;est le dernier produit de Janet de la Picherie. Fleur bleue se d\u00e9place <a class=\"more-link\" href=\"https:\/\/shetlandsdesbordes.fr\/?page_id=171\">Lire plus &#8230;<\/a><\/p>\n","protected":false},"author":2,"featured_media":0,"parent":25,"menu_order":0,"comment_status":"closed","ping_status":"closed","template":"","meta":{"footnotes":""},"_links":{"self":[{"href":"https:\/\/shetlandsdesbordes.fr\/index.php?rest_route=\/wp\/v2\/pages\/171"}],"collection":[{"href":"https:\/\/shetlandsdesbordes.fr\/index.php?rest_route=\/wp\/v2\/pages"}],"about":[{"href":"https:\/\/shetlandsdesbordes.fr\/index.php?rest_route=\/wp\/v2\/types\/page"}],"author":[{"embeddable":true,"href":"https:\/\/shetlandsdesbordes.fr\/index.php?rest_route=\/wp\/v2\/users\/2"}],"replies":[{"embeddable":true,"href":"https:\/\/shetlandsdesbordes.fr\/index.php?rest_route=%2Fwp%2Fv2%2Fcomments&post=171"}],"version-history":[{"count":8,"href":"https:\/\/shetlandsdesbordes.fr\/index.php?rest_route=\/wp\/v2\/pages\/171\/revisions"}],"predecessor-version":[{"id":1260,"href":"https:\/\/shetlandsdesbordes.fr\/index.php?rest_route=\/wp\/v2\/pages\/171\/revisions\/1260"}],"up":[{"embeddable":true,"href":"https:\/\/shetlandsdesbordes.fr\/index.php?rest_route=\/wp\/v2\/pages\/25"}],"wp:attachment":[{"href":"https:\/\/shetlandsdesbordes.fr\/index.php?rest_route=%2Fwp%2Fv2%2Fmedia&parent=171"}],"curies":[{"name":"wp","href":"https:\/\/api.w.org\/{rel}","templated":true}]}}