{"id":1601,"date":"2024-08-28T18:38:30","date_gmt":"2024-08-28T16:38:30","guid":{"rendered":"https:\/\/shetlandsdesbordes.fr\/?page_id=1601"},"modified":"2026-04-05T23:06:37","modified_gmt":"2026-04-05T21:06:37","slug":"nougat-des-bordes","status":"publish","type":"page","link":"https:\/\/shetlandsdesbordes.fr\/?page_id=1601","title":{"rendered":"Nougat des Bordes"},"content":{"rendered":"\n<p><\/p>\n\n\n\n<p>Nougat est un joli poney noir. <\/p>\n\n\n\n<p>C&rsquo;est le fils de Jedi de Meravilheta et de Ile flottante des Bordes. <\/p>\n\n\n\n<p>Son p\u00e8re est champion r\u00e9gional et vice-champion de France des m\u00e2les de 3 ans en 2022, avec la mention TRES PROMETTEUR. Il se classe 3\u00e8me\/10 des \u00e9talons \u00e0 Ligni\u00e8res en 2024, avec la mention EXCELLENT, \u00e0 l&rsquo;\u00e2ge de 5 ans. <br>sa m\u00e8re est championne r\u00e9gionale des pouliches de 3 ans avec la mention PROMETTEUR.<\/p>\n\n\n\n<p>Nougat est un poney adorable, il est de taille standard. Il est castr\u00e9.<\/p>\n\n\n\n<figure class=\"wp-block-image size-large\"><img loading=\"lazy\" decoding=\"async\" width=\"661\" height=\"950\" src=\"http:\/\/shetlandsdesbordes.fr\/wp-content\/uploads\/2023\/09\/IMG_8425-2-661x950.jpeg\" alt=\"\" class=\"wp-image-1478\"\/><\/figure>\n\n\n\n<figure class=\"wp-block-image size-large\"><img loading=\"lazy\" decoding=\"async\" width=\"950\" height=\"776\" src=\"http:\/\/shetlandsdesbordes.fr\/wp-content\/uploads\/2023\/09\/IMG_8704-950x776.jpeg\" alt=\"\" class=\"wp-image-1492\"\/><\/figure>\n","protected":false},"excerpt":{"rendered":"<p>Nougat est un joli poney noir. C&rsquo;est le fils de Jedi de Meravilheta et de Ile flottante des Bordes. Son p\u00e8re est champion r\u00e9gional et vice-champion de France des m\u00e2les de 3 ans en 2022, avec la mention TRES PROMETTEUR. <a class=\"more-link\" href=\"https:\/\/shetlandsdesbordes.fr\/?page_id=1601\">Lire plus &#8230;<\/a><\/p>\n","protected":false},"author":1,"featured_media":0,"parent":0,"menu_order":0,"comment_status":"closed","ping_status":"closed","template":"","meta":{"footnotes":""},"_links":{"self":[{"href":"https:\/\/shetlandsdesbordes.fr\/index.php?rest_route=\/wp\/v2\/pages\/1601"}],"collection":[{"href":"https:\/\/shetlandsdesbordes.fr\/index.php?rest_route=\/wp\/v2\/pages"}],"about":[{"href":"https:\/\/shetlandsdesbordes.fr\/index.php?rest_route=\/wp\/v2\/types\/page"}],"author":[{"embeddable":true,"href":"https:\/\/shetlandsdesbordes.fr\/index.php?rest_route=\/wp\/v2\/users\/1"}],"replies":[{"embeddable":true,"href":"https:\/\/shetlandsdesbordes.fr\/index.php?rest_route=%2Fwp%2Fv2%2Fcomments&post=1601"}],"version-history":[{"count":3,"href":"https:\/\/shetlandsdesbordes.fr\/index.php?rest_route=\/wp\/v2\/pages\/1601\/revisions"}],"predecessor-version":[{"id":1840,"href":"https:\/\/shetlandsdesbordes.fr\/index.php?rest_route=\/wp\/v2\/pages\/1601\/revisions\/1840"}],"wp:attachment":[{"href":"https:\/\/shetlandsdesbordes.fr\/index.php?rest_route=%2Fwp%2Fv2%2Fmedia&parent=1601"}],"curies":[{"name":"wp","href":"https:\/\/api.w.org\/{rel}","templated":true}]}}