{"id":1599,"date":"2024-08-28T18:35:45","date_gmt":"2024-08-28T16:35:45","guid":{"rendered":"https:\/\/shetlandsdesbordes.fr\/?page_id=1599"},"modified":"2024-08-28T18:35:45","modified_gmt":"2024-08-28T16:35:45","slug":"orchidee-des-bordes","status":"publish","type":"page","link":"https:\/\/shetlandsdesbordes.fr\/?page_id=1599","title":{"rendered":"Orchid\u00e9e des Bordes"},"content":{"rendered":"\n<p><\/p>\n\n\n\n<p>Orchid\u00e9e est une magnifique pouliche alezane avec une petite pelote en t\u00eate. <\/p>\n\n\n\n<p>C\u2019est la fille de Jedi de M\u00e9ravilheta et de Fleur bleue des Bordes<br>Son p\u00e8re est champion r\u00e9gional et vice-champion de France des m\u00e2les de 3 ans en 2022, avec la qualification TRES PROMETTEUR. Sa m\u00e8re est vice-championne r\u00e9gionale et vice-championne de France des pouliches de 2 ans, avec une m\u00e9daille d\u2019argent, championne de France des pouliches de 1 an.<\/p>\n\n\n\n<figure class=\"wp-block-image size-large\"><img loading=\"lazy\" decoding=\"async\" width=\"713\" height=\"950\" src=\"http:\/\/shetlandsdesbordes.fr\/wp-content\/uploads\/2024\/08\/0a356cea-964d-467b-a7f1-3e2775407cc2-713x950.jpg\" alt=\"\" class=\"wp-image-1596\" srcset=\"https:\/\/shetlandsdesbordes.fr\/wp-content\/uploads\/2024\/08\/0a356cea-964d-467b-a7f1-3e2775407cc2-713x950.jpg 713w, https:\/\/shetlandsdesbordes.fr\/wp-content\/uploads\/2024\/08\/0a356cea-964d-467b-a7f1-3e2775407cc2-225x300.jpg 225w, https:\/\/shetlandsdesbordes.fr\/wp-content\/uploads\/2024\/08\/0a356cea-964d-467b-a7f1-3e2775407cc2-768x1024.jpg 768w, https:\/\/shetlandsdesbordes.fr\/wp-content\/uploads\/2024\/08\/0a356cea-964d-467b-a7f1-3e2775407cc2-1152x1536.jpg 1152w, https:\/\/shetlandsdesbordes.fr\/wp-content\/uploads\/2024\/08\/0a356cea-964d-467b-a7f1-3e2775407cc2.jpg 1536w\" sizes=\"(max-width: 713px) 100vw, 713px\" \/><\/figure>\n\n\n\n<p><\/p>\n","protected":false},"excerpt":{"rendered":"<p>Orchid\u00e9e est une magnifique pouliche alezane avec une petite pelote en t\u00eate. C\u2019est la fille de Jedi de M\u00e9ravilheta et de Fleur bleue des BordesSon p\u00e8re est champion r\u00e9gional et vice-champion de France des m\u00e2les de 3 ans en 2022, <a class=\"more-link\" href=\"https:\/\/shetlandsdesbordes.fr\/?page_id=1599\">Lire plus &#8230;<\/a><\/p>\n","protected":false},"author":1,"featured_media":0,"parent":0,"menu_order":0,"comment_status":"closed","ping_status":"closed","template":"","meta":{"footnotes":""},"_links":{"self":[{"href":"https:\/\/shetlandsdesbordes.fr\/index.php?rest_route=\/wp\/v2\/pages\/1599"}],"collection":[{"href":"https:\/\/shetlandsdesbordes.fr\/index.php?rest_route=\/wp\/v2\/pages"}],"about":[{"href":"https:\/\/shetlandsdesbordes.fr\/index.php?rest_route=\/wp\/v2\/types\/page"}],"author":[{"embeddable":true,"href":"https:\/\/shetlandsdesbordes.fr\/index.php?rest_route=\/wp\/v2\/users\/1"}],"replies":[{"embeddable":true,"href":"https:\/\/shetlandsdesbordes.fr\/index.php?rest_route=%2Fwp%2Fv2%2Fcomments&post=1599"}],"version-history":[{"count":1,"href":"https:\/\/shetlandsdesbordes.fr\/index.php?rest_route=\/wp\/v2\/pages\/1599\/revisions"}],"predecessor-version":[{"id":1603,"href":"https:\/\/shetlandsdesbordes.fr\/index.php?rest_route=\/wp\/v2\/pages\/1599\/revisions\/1603"}],"wp:attachment":[{"href":"https:\/\/shetlandsdesbordes.fr\/index.php?rest_route=%2Fwp%2Fv2%2Fmedia&parent=1599"}],"curies":[{"name":"wp","href":"https:\/\/api.w.org\/{rel}","templated":true}]}}