{"id":1585,"date":"2024-08-28T18:13:35","date_gmt":"2024-08-28T16:13:35","guid":{"rendered":"https:\/\/shetlandsdesbordes.fr\/?page_id=1585"},"modified":"2026-04-05T23:07:55","modified_gmt":"2026-04-05T21:07:55","slug":"oscar-wilde-des-bordes","status":"publish","type":"page","link":"https:\/\/shetlandsdesbordes.fr\/?page_id=1585","title":{"rendered":"Oscar Wilde des Bordes"},"content":{"rendered":"\n<p><\/p>\n\n\n\n<p>Oscar Wilde est un magnifique hongre noir.<br>C\u2019est le fils de Sharptor Lithium Red et de Elloween des Bordes.<\/p>\n\n\n\n<p>Son p\u00e8re est champion de France FSP des \u00e9talons et champion supr\u00eame en 2014, avec une m\u00e9daille d\u2019or.<br>Sa m\u00e8re est vice-championne de France des pouliches de 1 an, 4\u00e8me \u00e0 la finale r\u00e9gionale des pouliches de 2 ans, championne r\u00e9gionale, vice-championne de France des pouliches de 3 ans et championne supr\u00eame r\u00e9serve du concours r\u00e9gional. En 2019, elle remporte sa section \u00e0 la ferme expo de Tours et est championne des poneys A. en 2021 elle est championne r\u00e9gionale des poulini\u00e8res suit\u00e9es avec la mention EXCELLENT, en 2023 elle est vice-championne r\u00e9gionale des poulini\u00e8res suit\u00e9es avec de nouveau une qualification EXCELLENT. Elloween termine \u00e0 la 4\u00e8me place des poulini\u00e8res suit\u00e9es au championnat de France \u00e0 Ligni\u00e8res en 2023. Elle est championne r\u00e9gionale des poulini\u00e8res suit\u00e9es \u00e0 Langon en 2024 avec la mention TRES EXCELLENT, elle est vice-championne s\u00e9nior des femelles. <\/p>\n\n\n\n<p>Oscar Wilde est un poney gentil  et tr\u00e8s attachant, il se d\u00e9place tr\u00e8s bien.<\/p>\n\n\n\n<figure class=\"wp-block-image size-large\"><img loading=\"lazy\" decoding=\"async\" width=\"950\" height=\"670\" src=\"http:\/\/shetlandsdesbordes.fr\/wp-content\/uploads\/2024\/08\/IMG_1214-scaled-e1724861341529-950x670.jpeg\" alt=\"\" class=\"wp-image-1588\" srcset=\"https:\/\/shetlandsdesbordes.fr\/wp-content\/uploads\/2024\/08\/IMG_1214-scaled-e1724861341529-950x670.jpeg 950w, https:\/\/shetlandsdesbordes.fr\/wp-content\/uploads\/2024\/08\/IMG_1214-scaled-e1724861341529-300x212.jpeg 300w, https:\/\/shetlandsdesbordes.fr\/wp-content\/uploads\/2024\/08\/IMG_1214-scaled-e1724861341529-768x541.jpeg 768w, https:\/\/shetlandsdesbordes.fr\/wp-content\/uploads\/2024\/08\/IMG_1214-scaled-e1724861341529-1536x1083.jpeg 1536w, https:\/\/shetlandsdesbordes.fr\/wp-content\/uploads\/2024\/08\/IMG_1214-scaled-e1724861341529-2048x1444.jpeg 2048w\" sizes=\"(max-width: 950px) 100vw, 950px\" \/><\/figure>\n\n\n\n<p>Oscar Wilde et Elloween \u00e0 Ligni\u00e8res <\/p>\n","protected":false},"excerpt":{"rendered":"<p>Oscar Wilde est un magnifique hongre noir.C\u2019est le fils de Sharptor Lithium Red et de Elloween des Bordes. Son p\u00e8re est champion de France FSP des \u00e9talons et champion supr\u00eame en 2014, avec une m\u00e9daille d\u2019or.Sa m\u00e8re est vice-championne de <a class=\"more-link\" href=\"https:\/\/shetlandsdesbordes.fr\/?page_id=1585\">Lire plus &#8230;<\/a><\/p>\n","protected":false},"author":1,"featured_media":0,"parent":10,"menu_order":0,"comment_status":"closed","ping_status":"closed","template":"","meta":{"footnotes":""},"_links":{"self":[{"href":"https:\/\/shetlandsdesbordes.fr\/index.php?rest_route=\/wp\/v2\/pages\/1585"}],"collection":[{"href":"https:\/\/shetlandsdesbordes.fr\/index.php?rest_route=\/wp\/v2\/pages"}],"about":[{"href":"https:\/\/shetlandsdesbordes.fr\/index.php?rest_route=\/wp\/v2\/types\/page"}],"author":[{"embeddable":true,"href":"https:\/\/shetlandsdesbordes.fr\/index.php?rest_route=\/wp\/v2\/users\/1"}],"replies":[{"embeddable":true,"href":"https:\/\/shetlandsdesbordes.fr\/index.php?rest_route=%2Fwp%2Fv2%2Fcomments&post=1585"}],"version-history":[{"count":2,"href":"https:\/\/shetlandsdesbordes.fr\/index.php?rest_route=\/wp\/v2\/pages\/1585\/revisions"}],"predecessor-version":[{"id":1841,"href":"https:\/\/shetlandsdesbordes.fr\/index.php?rest_route=\/wp\/v2\/pages\/1585\/revisions\/1841"}],"up":[{"embeddable":true,"href":"https:\/\/shetlandsdesbordes.fr\/index.php?rest_route=\/wp\/v2\/pages\/10"}],"wp:attachment":[{"href":"https:\/\/shetlandsdesbordes.fr\/index.php?rest_route=%2Fwp%2Fv2%2Fmedia&parent=1585"}],"curies":[{"name":"wp","href":"https:\/\/api.w.org\/{rel}","templated":true}]}}