{"id":150,"date":"2018-10-23T15:41:12","date_gmt":"2018-10-23T13:41:12","guid":{"rendered":"http:\/\/shetlandsdesbordes.fr\/?page_id=150"},"modified":"2024-11-04T20:37:55","modified_gmt":"2024-11-04T19:37:55","slug":"elloween-des-bordes","status":"publish","type":"page","link":"https:\/\/shetlandsdesbordes.fr\/?page_id=150","title":{"rendered":"Elloween des Bordes"},"content":{"rendered":"\n<p><\/p>\n\n\n\n<div class=\"wp-block-group\"><div class=\"wp-block-group__inner-container is-layout-constrained wp-block-group-is-layout-constrained\">\n<div class=\"wp-block-group alignwide\"><div class=\"wp-block-group__inner-container is-layout-constrained wp-block-group-is-layout-constrained\">\n<div class=\"wp-block-columns is-layout-flex wp-container-core-columns-is-layout-1 wp-block-columns-is-layout-flex\">\n<div class=\"wp-block-column is-layout-flow wp-block-column-is-layout-flow\" style=\"flex-basis:100%\">\n<div class=\"wp-block-group alignwide is-vertical is-layout-flex wp-container-core-group-is-layout-1 wp-block-group-is-layout-flex\">\n<h1 class=\"wp-block-heading alignwide\"><span style=\"color: #000000;\"><span style=\"font-size: x-large;\">Elloween est une tr\u00e8s belle ponette noire, c&rsquo;est une fille de Paladin des Bordes et de Linka de Cottard (Hose Personality). Elle est n\u00e9e tr\u00e8s tardivement dans l&rsquo;ann\u00e9e, puisqu&rsquo;en novembre ! Elle n&rsquo;a donc pas particip\u00e9 aux concours des poulains en 2014. <\/span><\/span><\/h1>\n\n\n\n<p><span style=\"color: #000000;\"><span style=\"font-size: x-large;\">Son p\u00e8re est m\u00e9daille d&rsquo;argent, c&rsquo;est le propre fr\u00e8re de Tic-tac des Bordes, \u00e9talon performer en CSO A1 \u00e9lite, et le propre fr\u00e8re de Diabolo des Bordes, \u00e9talon champion r\u00e9gional des \u00e9talons et champion supr\u00eame r\u00e9serve avec la qualification TRES EXCELLENT en 2021 \u00e0 Landivisiau. Sa m\u00e8re est m\u00e9daille d&rsquo;or et qualifi\u00e9e TRES EXCELLENT, elle a en outre de tr\u00e8s bonnes origines anglaises (son p\u00e8re est le c\u00e9l\u00e8bre Hose Personality).<\/span><\/span><\/p>\n\n\n\n<p><span style=\"color: #000000;\"><span style=\"font-size: x-large;\">Elloween est vice-championne de France FSP des pouliches de 1 an en 2015 (alors qu&rsquo;elle n&rsquo;avait que 9 mois), elle est championne r\u00e9gionale FSP \u00e0 Chartres en 2017 des ponettes de 3 ans, championne junior et championne supr\u00eame r\u00e9serve. Elle se classe 4\u00e8me ex aequo au concours r\u00e9gional des pouliches de 2 ans \u00e0 Lamotte Beuvron, avec la note de 7,18\/10. Elloween remporte le concours inter-race des poneys A \u00e0 la ferme expo de Tours en 2019 avec la note de 8,35\/10. Elle est championne r\u00e9gionale des juments suit\u00e9es \u00e0 Saint-R\u00e9my en 2021, avec la mention EXCELLENT.<br>En 2023, elle se classe 2\u00e8me des juments suit\u00e9es \u00e0 Langon avec la mention EXCELLENT, elle termine 4\u00e8me au championnat de France la m\u00eame ann\u00e9e. En 2024, elle remporte la section des juments suit\u00e9es \u00e0 Langon, avec la mention TRES EXCELLENT et termine vice-championne des femelles standard. <br><\/span><\/span><\/p>\n<\/div>\n<\/div>\n<\/div>\n<\/div><\/div>\n<\/div><\/div>\n\n\n\n<figure class=\"wp-block-image\"><img loading=\"lazy\" decoding=\"async\" width=\"1024\" height=\"683\" src=\"http:\/\/shetlandsdesbordes.fr\/wp-content\/uploads\/2018\/10\/06.09-2-1024x683.jpg\" alt=\"\" class=\"wp-image-158\"\/><\/figure>\n\n\n\n<figure class=\"wp-block-image\"><img loading=\"lazy\" decoding=\"async\" width=\"1024\" height=\"929\" src=\"http:\/\/shetlandsdesbordes.fr\/wp-content\/uploads\/2018\/10\/06.09-9-1024x929.jpg\" alt=\"\" class=\"wp-image-163\"\/><\/figure>\n\n\n\n<p><span style=\"color: #000000;\"><span style=\"font-size: x-large;\">&nbsp;&nbsp;  <\/span><\/span><\/p>\n\n\n\n<figure class=\"wp-block-image size-large\"><img loading=\"lazy\" decoding=\"async\" width=\"1024\" height=\"638\" src=\"http:\/\/shetlandsdesbordes.fr\/wp-content\/uploads\/2020\/07\/elloween-2-ans-3-1024x638.jpg\" alt=\"\" class=\"wp-image-696\"\/><figcaption class=\"wp-element-caption\">\u00e0 2 ans<\/figcaption><\/figure>\n\n\n\n<figure class=\"wp-block-image size-large\"><img decoding=\"async\" src=\"http:\/\/shetlandsdesbordes.fr\/wp-content\/uploads\/2020\/07\/ligni\u00e8res-2019-4.jpg\" alt=\"\" class=\"wp-image-694\"\/><figcaption class=\"wp-element-caption\">finale r\u00e9gionale IFCE\/AECVL en 2019<br><\/figcaption><\/figure>\n\n\n\n<figure class=\"wp-block-image size-large\"><img loading=\"lazy\" decoding=\"async\" width=\"1024\" height=\"737\" src=\"http:\/\/shetlandsdesbordes.fr\/wp-content\/uploads\/2020\/07\/Chambord-45-1024x737.jpg\" alt=\"\" class=\"wp-image-695\"\/><figcaption class=\"wp-element-caption\">pour les 500 ans du ch\u00e2teau de Chambord, en 2019<\/figcaption><\/figure>\n\n\n\n<figure class=\"wp-block-image size-large\"><img loading=\"lazy\" decoding=\"async\" width=\"1024\" height=\"682\" src=\"http:\/\/shetlandsdesbordes.fr\/wp-content\/uploads\/2020\/07\/b\u00e9b\u00e9-elloween-5-jours-27-1024x682.jpg\" alt=\"\" class=\"wp-image-699\"\/><figcaption class=\"wp-element-caption\">Elloween et son poulain Jusd&rsquo;pom<br><\/figcaption><\/figure>\n\n\n\n<figure class=\"wp-block-image size-large\"><img loading=\"lazy\" decoding=\"async\" width=\"1024\" height=\"866\" src=\"http:\/\/shetlandsdesbordes.fr\/wp-content\/uploads\/2020\/07\/Kalinka-J2-12-1024x866.jpg\" alt=\"\" class=\"wp-image-698\"\/><figcaption class=\"wp-element-caption\">Elloween et sa pouliche Kalinka<br><\/figcaption><\/figure>\n","protected":false},"excerpt":{"rendered":"<p>Elloween est une tr\u00e8s belle ponette noire, c&rsquo;est une fille de Paladin des Bordes et de Linka de Cottard (Hose Personality). Elle est n\u00e9e tr\u00e8s tardivement dans l&rsquo;ann\u00e9e, puisqu&rsquo;en novembre ! Elle n&rsquo;a donc pas particip\u00e9 aux concours des poulains <a class=\"more-link\" href=\"https:\/\/shetlandsdesbordes.fr\/?page_id=150\">Lire plus &#8230;<\/a><\/p>\n","protected":false},"author":2,"featured_media":0,"parent":25,"menu_order":0,"comment_status":"closed","ping_status":"closed","template":"","meta":{"footnotes":""},"_links":{"self":[{"href":"https:\/\/shetlandsdesbordes.fr\/index.php?rest_route=\/wp\/v2\/pages\/150"}],"collection":[{"href":"https:\/\/shetlandsdesbordes.fr\/index.php?rest_route=\/wp\/v2\/pages"}],"about":[{"href":"https:\/\/shetlandsdesbordes.fr\/index.php?rest_route=\/wp\/v2\/types\/page"}],"author":[{"embeddable":true,"href":"https:\/\/shetlandsdesbordes.fr\/index.php?rest_route=\/wp\/v2\/users\/2"}],"replies":[{"embeddable":true,"href":"https:\/\/shetlandsdesbordes.fr\/index.php?rest_route=%2Fwp%2Fv2%2Fcomments&post=150"}],"version-history":[{"count":20,"href":"https:\/\/shetlandsdesbordes.fr\/index.php?rest_route=\/wp\/v2\/pages\/150\/revisions"}],"predecessor-version":[{"id":1704,"href":"https:\/\/shetlandsdesbordes.fr\/index.php?rest_route=\/wp\/v2\/pages\/150\/revisions\/1704"}],"up":[{"embeddable":true,"href":"https:\/\/shetlandsdesbordes.fr\/index.php?rest_route=\/wp\/v2\/pages\/25"}],"wp:attachment":[{"href":"https:\/\/shetlandsdesbordes.fr\/index.php?rest_route=%2Fwp%2Fv2%2Fmedia&parent=150"}],"curies":[{"name":"wp","href":"https:\/\/api.w.org\/{rel}","templated":true}]}}