{"id":1459,"date":"2023-06-01T00:55:09","date_gmt":"2023-05-31T22:55:09","guid":{"rendered":"http:\/\/shetlandsdesbordes.fr\/?page_id=1459"},"modified":"2024-11-04T19:39:43","modified_gmt":"2024-11-04T18:39:43","slug":"nenuphar-des-bordes","status":"publish","type":"page","link":"https:\/\/shetlandsdesbordes.fr\/?page_id=1459","title":{"rendered":"N\u00e9nuphar des Bordes"},"content":{"rendered":"\n<p><\/p>\n\n\n\n<p>N\u00e9nuphar est un tr\u00e8s beau poney noir. Il sera de taille standard.<\/p>\n\n\n\n<p>C&rsquo;est le fils de Jedi de M\u00e9ravilheta et de Fleur bleue des Bordes<br>Son p\u00e8re est champion r\u00e9gional et vice-champion de France des m\u00e2les de 3 ans en 2022, avec la qualification TRES PROMETTEUR, il est qualifi\u00e9 EXCELLENT \u00e0 5 ans \u00e0 Ligni\u00e8res avec une 3\u00e8me place sur 10 \u00e9talons.<br>Sa m\u00e8re est vice-championne r\u00e9gionale et vice-championne de France des pouliches de 2 ans, avec une m\u00e9daille d&rsquo;argent, championne de France des pouliches de 1 an.<\/p>\n\n\n\n<p>N\u00e9nuphar est castr\u00e9. c&rsquo;est un poney tr\u00e8s gentil.<\/p>\n\n\n\n<p><\/p>\n\n\n\n<figure class=\"wp-block-image size-large\"><img loading=\"lazy\" decoding=\"async\" width=\"950\" height=\"713\" src=\"http:\/\/shetlandsdesbordes.fr\/wp-content\/uploads\/2023\/08\/IMG_8437-950x713.jpeg\" alt=\"\" class=\"wp-image-1467\"\/><figcaption class=\"wp-element-caption\">N\u00e9nuphar \u00e0 1 semaine<\/figcaption><\/figure>\n\n\n\n<p><\/p>\n\n\n\n<figure class=\"wp-block-image size-large\"><img loading=\"lazy\" decoding=\"async\" width=\"950\" height=\"718\" src=\"http:\/\/shetlandsdesbordes.fr\/wp-content\/uploads\/2023\/09\/IMG_9034-950x718.jpeg\" alt=\"\" class=\"wp-image-1495\"\/><figcaption class=\"wp-element-caption\">N\u00e9nuphar \u00e0 2 mois<\/figcaption><\/figure>\n\n\n\n<figure class=\"wp-block-image size-large\"><img loading=\"lazy\" decoding=\"async\" width=\"950\" height=\"584\" src=\"http:\/\/shetlandsdesbordes.fr\/wp-content\/uploads\/2023\/09\/IMG_9043-950x584.jpeg\" alt=\"\" class=\"wp-image-1496\"\/><figcaption class=\"wp-element-caption\">N\u00e9nuphar \u00e0 2 mois<\/figcaption><\/figure>\n\n\n\n<figure class=\"wp-block-image size-large\"><img loading=\"lazy\" decoding=\"async\" width=\"1024\" height=\"683\" src=\"http:\/\/shetlandsdesbordes.fr\/wp-content\/uploads\/2023\/01\/D9A49DC1-2FD8-43E4-8835-362D3D0433A1_1_105_c-1024x683.jpeg\" alt=\"\" class=\"wp-image-1131\"\/><figcaption class=\"wp-element-caption\">Son p\u00e8re Jedi de M\u00e9ravilh\u00e9ta <\/figcaption><\/figure>\n\n\n\n<p><\/p>\n\n\n\n<figure class=\"wp-block-image size-large\"><img loading=\"lazy\" decoding=\"async\" width=\"1024\" height=\"785\" src=\"http:\/\/shetlandsdesbordes.fr\/wp-content\/uploads\/2020\/07\/P1180193-1024x785.jpg\" alt=\"\" class=\"wp-image-722\"\/><figcaption class=\"wp-element-caption\">Sa m\u00e8re Fleur bleue des Borde<\/figcaption><\/figure>\n\n\n\n<p><\/p>\n\n\n\n<p><\/p>\n\n\n\n<p><\/p>\n","protected":false},"excerpt":{"rendered":"<p>N\u00e9nuphar est un tr\u00e8s beau poney noir. Il sera de taille standard. C&rsquo;est le fils de Jedi de M\u00e9ravilheta et de Fleur bleue des BordesSon p\u00e8re est champion r\u00e9gional et vice-champion de France des m\u00e2les de 3 ans en 2022, <a class=\"more-link\" href=\"https:\/\/shetlandsdesbordes.fr\/?page_id=1459\">Lire plus &#8230;<\/a><\/p>\n","protected":false},"author":1,"featured_media":0,"parent":0,"menu_order":0,"comment_status":"closed","ping_status":"closed","template":"","meta":{"footnotes":""},"_links":{"self":[{"href":"https:\/\/shetlandsdesbordes.fr\/index.php?rest_route=\/wp\/v2\/pages\/1459"}],"collection":[{"href":"https:\/\/shetlandsdesbordes.fr\/index.php?rest_route=\/wp\/v2\/pages"}],"about":[{"href":"https:\/\/shetlandsdesbordes.fr\/index.php?rest_route=\/wp\/v2\/types\/page"}],"author":[{"embeddable":true,"href":"https:\/\/shetlandsdesbordes.fr\/index.php?rest_route=\/wp\/v2\/users\/1"}],"replies":[{"embeddable":true,"href":"https:\/\/shetlandsdesbordes.fr\/index.php?rest_route=%2Fwp%2Fv2%2Fcomments&post=1459"}],"version-history":[{"count":6,"href":"https:\/\/shetlandsdesbordes.fr\/index.php?rest_route=\/wp\/v2\/pages\/1459\/revisions"}],"predecessor-version":[{"id":1678,"href":"https:\/\/shetlandsdesbordes.fr\/index.php?rest_route=\/wp\/v2\/pages\/1459\/revisions\/1678"}],"wp:attachment":[{"href":"https:\/\/shetlandsdesbordes.fr\/index.php?rest_route=%2Fwp%2Fv2%2Fmedia&parent=1459"}],"curies":[{"name":"wp","href":"https:\/\/api.w.org\/{rel}","templated":true}]}}