{"id":1455,"date":"2023-06-01T00:52:40","date_gmt":"2023-05-31T22:52:40","guid":{"rendered":"http:\/\/shetlandsdesbordes.fr\/?page_id=1455"},"modified":"2026-03-11T20:34:39","modified_gmt":"2026-03-11T19:34:39","slug":"olympe-des-bordes","status":"publish","type":"page","link":"https:\/\/shetlandsdesbordes.fr\/?page_id=1455","title":{"rendered":"Olympe des Bordes"},"content":{"rendered":"\n<p><\/p>\n\n\n\n<p>olympe est une sublime pouliche noire.<\/p>\n\n\n\n<div class=\"wp-block-group is-nowrap is-layout-flex wp-container-core-group-is-layout-1 wp-block-group-is-layout-flex\">\n<p>C&rsquo;est la fille de Jedi de M\u00e9ravilheta et de Ile flottante des Bordes. <br>Son p\u00e8re est champion r\u00e9gional et vice-champion de France des m\u00e2les de 3 ans en 2022, avec la mention TRES PROMETTEUR. <br>sa m\u00e8re est championne r\u00e9gionale des pouliches de 3 ans avec la mention PROMETTEUR.<\/p>\n<\/div>\n\n\n\n<p>Olympe est une tr\u00e8s belle pouliche, adorable et curieuse, elle a de belles allures.<\/p>\n\n\n\n<p>Olympe est partie avec Marjolaine dans un \u00e9levage en Bourgogne, bonne continuation \u00e0 ces belles juments !<\/p>\n\n\n\n<figure class=\"wp-block-image size-large\"><img loading=\"lazy\" decoding=\"async\" width=\"950\" height=\"719\" src=\"http:\/\/shetlandsdesbordes.fr\/wp-content\/uploads\/2024\/08\/IMG_0945-950x719.jpeg\" alt=\"\" class=\"wp-image-1593\" srcset=\"https:\/\/shetlandsdesbordes.fr\/wp-content\/uploads\/2024\/08\/IMG_0945-950x719.jpeg 950w, https:\/\/shetlandsdesbordes.fr\/wp-content\/uploads\/2024\/08\/IMG_0945-300x227.jpeg 300w, https:\/\/shetlandsdesbordes.fr\/wp-content\/uploads\/2024\/08\/IMG_0945-768x581.jpeg 768w, https:\/\/shetlandsdesbordes.fr\/wp-content\/uploads\/2024\/08\/IMG_0945-1536x1163.jpeg 1536w, https:\/\/shetlandsdesbordes.fr\/wp-content\/uploads\/2024\/08\/IMG_0945-2048x1550.jpeg 2048w\" sizes=\"(max-width: 950px) 100vw, 950px\" \/><\/figure>\n\n\n\n<p>Orchid\u00e9e \u00e0 la naissance<\/p>\n\n\n\n<figure class=\"wp-block-image size-large\"><img loading=\"lazy\" decoding=\"async\" width=\"950\" height=\"665\" src=\"http:\/\/shetlandsdesbordes.fr\/wp-content\/uploads\/2024\/08\/IMG_0983-scaled-e1724862246966-950x665.jpeg\" alt=\"\" class=\"wp-image-1595\" srcset=\"https:\/\/shetlandsdesbordes.fr\/wp-content\/uploads\/2024\/08\/IMG_0983-scaled-e1724862246966-950x665.jpeg 950w, https:\/\/shetlandsdesbordes.fr\/wp-content\/uploads\/2024\/08\/IMG_0983-scaled-e1724862246966-300x210.jpeg 300w, https:\/\/shetlandsdesbordes.fr\/wp-content\/uploads\/2024\/08\/IMG_0983-scaled-e1724862246966-768x537.jpeg 768w, https:\/\/shetlandsdesbordes.fr\/wp-content\/uploads\/2024\/08\/IMG_0983-scaled-e1724862246966.jpeg 1262w\" sizes=\"(max-width: 950px) 100vw, 950px\" \/><\/figure>\n\n\n\n<figure class=\"wp-block-image size-large\"><img loading=\"lazy\" decoding=\"async\" width=\"950\" height=\"713\" src=\"http:\/\/shetlandsdesbordes.fr\/wp-content\/uploads\/2024\/08\/IMG_0982-950x713.jpeg\" alt=\"\" class=\"wp-image-1594\" srcset=\"https:\/\/shetlandsdesbordes.fr\/wp-content\/uploads\/2024\/08\/IMG_0982-950x713.jpeg 950w, https:\/\/shetlandsdesbordes.fr\/wp-content\/uploads\/2024\/08\/IMG_0982-300x225.jpeg 300w, https:\/\/shetlandsdesbordes.fr\/wp-content\/uploads\/2024\/08\/IMG_0982-768x576.jpeg 768w, https:\/\/shetlandsdesbordes.fr\/wp-content\/uploads\/2024\/08\/IMG_0982-1536x1152.jpeg 1536w, https:\/\/shetlandsdesbordes.fr\/wp-content\/uploads\/2024\/08\/IMG_0982-2048x1536.jpeg 2048w\" sizes=\"(max-width: 950px) 100vw, 950px\" \/><\/figure>\n\n\n\n<p><\/p>\n\n\n\n<p><\/p>\n\n\n\n<p><\/p>\n\n\n\n<p><\/p>\n","protected":false},"excerpt":{"rendered":"<p>olympe est une sublime pouliche noire. C&rsquo;est la fille de Jedi de M\u00e9ravilheta et de Ile flottante des Bordes. Son p\u00e8re est champion r\u00e9gional et vice-champion de France des m\u00e2les de 3 ans en 2022, avec la mention TRES PROMETTEUR. <a class=\"more-link\" href=\"https:\/\/shetlandsdesbordes.fr\/?page_id=1455\">Lire plus &#8230;<\/a><\/p>\n","protected":false},"author":1,"featured_media":0,"parent":10,"menu_order":0,"comment_status":"closed","ping_status":"closed","template":"","meta":{"footnotes":""},"_links":{"self":[{"href":"https:\/\/shetlandsdesbordes.fr\/index.php?rest_route=\/wp\/v2\/pages\/1455"}],"collection":[{"href":"https:\/\/shetlandsdesbordes.fr\/index.php?rest_route=\/wp\/v2\/pages"}],"about":[{"href":"https:\/\/shetlandsdesbordes.fr\/index.php?rest_route=\/wp\/v2\/types\/page"}],"author":[{"embeddable":true,"href":"https:\/\/shetlandsdesbordes.fr\/index.php?rest_route=\/wp\/v2\/users\/1"}],"replies":[{"embeddable":true,"href":"https:\/\/shetlandsdesbordes.fr\/index.php?rest_route=%2Fwp%2Fv2%2Fcomments&post=1455"}],"version-history":[{"count":6,"href":"https:\/\/shetlandsdesbordes.fr\/index.php?rest_route=\/wp\/v2\/pages\/1455\/revisions"}],"predecessor-version":[{"id":1811,"href":"https:\/\/shetlandsdesbordes.fr\/index.php?rest_route=\/wp\/v2\/pages\/1455\/revisions\/1811"}],"up":[{"embeddable":true,"href":"https:\/\/shetlandsdesbordes.fr\/index.php?rest_route=\/wp\/v2\/pages\/10"}],"wp:attachment":[{"href":"https:\/\/shetlandsdesbordes.fr\/index.php?rest_route=%2Fwp%2Fv2%2Fmedia&parent=1455"}],"curies":[{"name":"wp","href":"https:\/\/api.w.org\/{rel}","templated":true}]}}