{"id":1451,"date":"2023-06-01T00:49:20","date_gmt":"2023-05-31T22:49:20","guid":{"rendered":"http:\/\/shetlandsdesbordes.fr\/?page_id=1451"},"modified":"2024-04-26T00:13:26","modified_gmt":"2024-04-25T22:13:26","slug":"nirvana-des-bordes","status":"publish","type":"page","link":"https:\/\/shetlandsdesbordes.fr\/?page_id=1451","title":{"rendered":"Nirvana des Bordes"},"content":{"rendered":"\n<p>Nirvana est un magnifique m\u00e2le alezan avec une pelote en t\u00eate. <br>C&rsquo;est le fils de Sharptor Lithium Red et de Elloween des Bordes.<\/p>\n\n\n\n<p>Son p\u00e8re est champion de France FSP des \u00e9talons et champion supr\u00eame en 2014, avec une m\u00e9daille d&rsquo;or. <br>Sa m\u00e8re est vice-championne de France des pouliches de 1 an, 4\u00e8me \u00e0 la finale r\u00e9gionale des pouliches de 2 ans, championne r\u00e9gionale, vice-championne de France des pouliches de 3 ans et championne supr\u00eame r\u00e9serve du concours r\u00e9gional. En 2019, elle remporte sa section \u00e0 la ferme expo de Tours et est championne des poneys A. en 2021 elle est championne r\u00e9gionale des poulini\u00e8res suit\u00e9es avec la mention EXCELLENT, en 2023 elle est vice-championne r\u00e9gionale des poulini\u00e8res suit\u00e9es avec de nouveau une qualification EXCELLENT. Elloween termine \u00e0 la 4\u00e8me place des poulini\u00e8res suit\u00e9es au championnat de France \u00e0 Ligni\u00e8res en 2023.<\/p>\n\n\n\n<p>Nirvana est champion des foals \u00e0 Langon en juillet 2023. Nirvana est \u00e9galement champion de France des foals \u00e0 Ligni\u00e8res en septembre 2023, la juge angalise a dit qu&rsquo;il ressemblait aux poulains anglais, nous sommes plus que satisfaits de cette belle remarque !!<\/p>\n\n\n\n<p><\/p>\n\n\n\n<p><\/p>\n\n\n\n<figure class=\"wp-block-image size-large\"><img loading=\"lazy\" decoding=\"async\" width=\"950\" height=\"839\" src=\"http:\/\/shetlandsdesbordes.fr\/wp-content\/uploads\/2023\/08\/IMG_8349-950x839.jpeg\" alt=\"\" class=\"wp-image-1466\"\/><figcaption class=\"wp-element-caption\">Nirvana \u00e0 la naissance<\/figcaption><\/figure>\n\n\n\n<p><\/p>\n\n\n\n<p><\/p>\n\n\n\n<figure class=\"wp-block-image size-large\"><img loading=\"lazy\" decoding=\"async\" width=\"633\" height=\"950\" src=\"http:\/\/shetlandsdesbordes.fr\/wp-content\/uploads\/2023\/09\/MA-212_1054253095-633x950.jpg\" alt=\"\" class=\"wp-image-1481\"\/><figcaption class=\"wp-element-caption\">Nirvana champion r\u00e9gional <br>des foals<\/figcaption><\/figure>\n\n\n\n<figure class=\"wp-block-image size-large\"><img decoding=\"async\" src=\"http:\/\/shetlandsdesbordes.fr\/wp-content\/uploads\/2023\/09\/IMG_8823-copie-891x950.jpeg\" alt=\"\" class=\"wp-image-1480\"\/><figcaption class=\"wp-element-caption\">Nirvana champion r\u00e9gional !<\/figcaption><\/figure>\n\n\n\n<p><\/p>\n\n\n\n<p><\/p>\n\n\n\n<figure class=\"wp-block-image size-large is-resized\"><img loading=\"lazy\" decoding=\"async\" width=\"950\" height=\"633\" src=\"http:\/\/shetlandsdesbordes.fr\/wp-content\/uploads\/2023\/09\/MA-278_1054253727-950x633.jpg\" alt=\"\" class=\"wp-image-1510\" style=\"width:540px;height:auto\" srcset=\"https:\/\/shetlandsdesbordes.fr\/wp-content\/uploads\/2023\/09\/MA-278_1054253727-950x633.jpg 950w, https:\/\/shetlandsdesbordes.fr\/wp-content\/uploads\/2023\/09\/MA-278_1054253727-300x200.jpg 300w, https:\/\/shetlandsdesbordes.fr\/wp-content\/uploads\/2023\/09\/MA-278_1054253727-768x512.jpg 768w, https:\/\/shetlandsdesbordes.fr\/wp-content\/uploads\/2023\/09\/MA-278_1054253727-1536x1024.jpg 1536w\" sizes=\"(max-width: 950px) 100vw, 950px\" \/><figcaption class=\"wp-element-caption\">Nirvana champion des foals !<\/figcaption><\/figure>\n\n\n\n<figure class=\"wp-block-image size-large\"><img loading=\"lazy\" decoding=\"async\" width=\"950\" height=\"633\" src=\"https:\/\/shetlandsdesbordes.fr\/wp-content\/uploads\/2024\/04\/387853190_10232675222649256_8820619698333988596_n-950x633.jpg\" alt=\"\" class=\"wp-image-1524\" srcset=\"https:\/\/shetlandsdesbordes.fr\/wp-content\/uploads\/2024\/04\/387853190_10232675222649256_8820619698333988596_n-950x633.jpg 950w, https:\/\/shetlandsdesbordes.fr\/wp-content\/uploads\/2024\/04\/387853190_10232675222649256_8820619698333988596_n-300x200.jpg 300w, https:\/\/shetlandsdesbordes.fr\/wp-content\/uploads\/2024\/04\/387853190_10232675222649256_8820619698333988596_n-768x512.jpg 768w, https:\/\/shetlandsdesbordes.fr\/wp-content\/uploads\/2024\/04\/387853190_10232675222649256_8820619698333988596_n-1536x1024.jpg 1536w, https:\/\/shetlandsdesbordes.fr\/wp-content\/uploads\/2024\/04\/387853190_10232675222649256_8820619698333988596_n.jpg 2048w\" sizes=\"(max-width: 950px) 100vw, 950px\" \/><\/figure>\n\n\n\n<p>Nirvana champion de France  !<\/p>\n\n\n\n<figure class=\"wp-block-image size-large\"><img loading=\"lazy\" decoding=\"async\" width=\"950\" height=\"618\" src=\"https:\/\/shetlandsdesbordes.fr\/wp-content\/uploads\/2024\/04\/11-nirvana-lignieres23IMG_2862-950x618.jpg\" alt=\"\" class=\"wp-image-1527\" srcset=\"https:\/\/shetlandsdesbordes.fr\/wp-content\/uploads\/2024\/04\/11-nirvana-lignieres23IMG_2862-950x618.jpg 950w, https:\/\/shetlandsdesbordes.fr\/wp-content\/uploads\/2024\/04\/11-nirvana-lignieres23IMG_2862-300x195.jpg 300w, https:\/\/shetlandsdesbordes.fr\/wp-content\/uploads\/2024\/04\/11-nirvana-lignieres23IMG_2862-768x500.jpg 768w, https:\/\/shetlandsdesbordes.fr\/wp-content\/uploads\/2024\/04\/11-nirvana-lignieres23IMG_2862-1536x1000.jpg 1536w, https:\/\/shetlandsdesbordes.fr\/wp-content\/uploads\/2024\/04\/11-nirvana-lignieres23IMG_2862-2048x1333.jpg 2048w\" sizes=\"(max-width: 950px) 100vw, 950px\" \/><\/figure>\n\n\n\n<p>Nirvana champion de France <\/p>\n\n\n\n<figure class=\"wp-block-image size-large\"><img loading=\"lazy\" decoding=\"async\" width=\"950\" height=\"682\" src=\"https:\/\/shetlandsdesbordes.fr\/wp-content\/uploads\/2024\/04\/380364280_10232437241019864_7090951374435519961_n-950x682.jpg\" alt=\"\" class=\"wp-image-1525\" srcset=\"https:\/\/shetlandsdesbordes.fr\/wp-content\/uploads\/2024\/04\/380364280_10232437241019864_7090951374435519961_n-950x682.jpg 950w, https:\/\/shetlandsdesbordes.fr\/wp-content\/uploads\/2024\/04\/380364280_10232437241019864_7090951374435519961_n-300x215.jpg 300w, https:\/\/shetlandsdesbordes.fr\/wp-content\/uploads\/2024\/04\/380364280_10232437241019864_7090951374435519961_n-768x552.jpg 768w, https:\/\/shetlandsdesbordes.fr\/wp-content\/uploads\/2024\/04\/380364280_10232437241019864_7090951374435519961_n-1536x1103.jpg 1536w, https:\/\/shetlandsdesbordes.fr\/wp-content\/uploads\/2024\/04\/380364280_10232437241019864_7090951374435519961_n.jpg 1860w\" sizes=\"(max-width: 950px) 100vw, 950px\" \/><\/figure>\n","protected":false},"excerpt":{"rendered":"<p>Nirvana est un magnifique m\u00e2le alezan avec une pelote en t\u00eate. C&rsquo;est le fils de Sharptor Lithium Red et de Elloween des Bordes. Son p\u00e8re est champion de France FSP des \u00e9talons et champion supr\u00eame en 2014, avec une m\u00e9daille <a class=\"more-link\" href=\"https:\/\/shetlandsdesbordes.fr\/?page_id=1451\">Lire plus &#8230;<\/a><\/p>\n","protected":false},"author":1,"featured_media":0,"parent":10,"menu_order":0,"comment_status":"closed","ping_status":"closed","template":"","meta":{"footnotes":""},"_links":{"self":[{"href":"https:\/\/shetlandsdesbordes.fr\/index.php?rest_route=\/wp\/v2\/pages\/1451"}],"collection":[{"href":"https:\/\/shetlandsdesbordes.fr\/index.php?rest_route=\/wp\/v2\/pages"}],"about":[{"href":"https:\/\/shetlandsdesbordes.fr\/index.php?rest_route=\/wp\/v2\/types\/page"}],"author":[{"embeddable":true,"href":"https:\/\/shetlandsdesbordes.fr\/index.php?rest_route=\/wp\/v2\/users\/1"}],"replies":[{"embeddable":true,"href":"https:\/\/shetlandsdesbordes.fr\/index.php?rest_route=%2Fwp%2Fv2%2Fcomments&post=1451"}],"version-history":[{"count":5,"href":"https:\/\/shetlandsdesbordes.fr\/index.php?rest_route=\/wp\/v2\/pages\/1451\/revisions"}],"predecessor-version":[{"id":1528,"href":"https:\/\/shetlandsdesbordes.fr\/index.php?rest_route=\/wp\/v2\/pages\/1451\/revisions\/1528"}],"up":[{"embeddable":true,"href":"https:\/\/shetlandsdesbordes.fr\/index.php?rest_route=\/wp\/v2\/pages\/10"}],"wp:attachment":[{"href":"https:\/\/shetlandsdesbordes.fr\/index.php?rest_route=%2Fwp%2Fv2%2Fmedia&parent=1451"}],"curies":[{"name":"wp","href":"https:\/\/api.w.org\/{rel}","templated":true}]}}