{"id":1338,"date":"2023-01-30T01:22:57","date_gmt":"2023-01-30T00:22:57","guid":{"rendered":"http:\/\/shetlandsdesbordes.fr\/?page_id=1338"},"modified":"2024-04-26T01:13:43","modified_gmt":"2024-04-25T23:13:43","slug":"epepsa-des-bordes","status":"publish","type":"page","link":"https:\/\/shetlandsdesbordes.fr\/?page_id=1338","title":{"rendered":"Epeps&rsquo;a des Bordes"},"content":{"rendered":"\n<p><\/p>\n\n\n\n<p>Epeps&rsquo;a des Bordes est une tr\u00e8s belle ponette alezane. C&rsquo;est la fille de Paladin des Bordes et de Vanille des Bordes (Max de bois guilbert)<\/p>\n\n\n\n<p>Epeps&rsquo;a est partie avec Ell&rsquo;a Ella des Bordes pour devenir poulini\u00e8re, chez une \u00e9leveuse de la r\u00e9gion parisienne.<\/p>\n\n\n\n<figure class=\"wp-block-image size-full\"><img loading=\"lazy\" decoding=\"async\" width=\"484\" height=\"363\" src=\"https:\/\/shetlandsdesbordes.fr\/wp-content\/uploads\/2024\/04\/epsa.23.jpg\" alt=\"\" class=\"wp-image-1564\" srcset=\"https:\/\/shetlandsdesbordes.fr\/wp-content\/uploads\/2024\/04\/epsa.23.jpg 484w, https:\/\/shetlandsdesbordes.fr\/wp-content\/uploads\/2024\/04\/epsa.23-300x225.jpg 300w\" sizes=\"(max-width: 484px) 100vw, 484px\" \/><\/figure>\n","protected":false},"excerpt":{"rendered":"<p>Epeps&rsquo;a des Bordes est une tr\u00e8s belle ponette alezane. C&rsquo;est la fille de Paladin des Bordes et de Vanille des Bordes (Max de bois guilbert) Epeps&rsquo;a est partie avec Ell&rsquo;a Ella des Bordes pour devenir poulini\u00e8re, chez une \u00e9leveuse de <a class=\"more-link\" href=\"https:\/\/shetlandsdesbordes.fr\/?page_id=1338\">Lire plus &#8230;<\/a><\/p>\n","protected":false},"author":1,"featured_media":0,"parent":0,"menu_order":0,"comment_status":"closed","ping_status":"closed","template":"","meta":{"footnotes":""},"_links":{"self":[{"href":"https:\/\/shetlandsdesbordes.fr\/index.php?rest_route=\/wp\/v2\/pages\/1338"}],"collection":[{"href":"https:\/\/shetlandsdesbordes.fr\/index.php?rest_route=\/wp\/v2\/pages"}],"about":[{"href":"https:\/\/shetlandsdesbordes.fr\/index.php?rest_route=\/wp\/v2\/types\/page"}],"author":[{"embeddable":true,"href":"https:\/\/shetlandsdesbordes.fr\/index.php?rest_route=\/wp\/v2\/users\/1"}],"replies":[{"embeddable":true,"href":"https:\/\/shetlandsdesbordes.fr\/index.php?rest_route=%2Fwp%2Fv2%2Fcomments&post=1338"}],"version-history":[{"count":2,"href":"https:\/\/shetlandsdesbordes.fr\/index.php?rest_route=\/wp\/v2\/pages\/1338\/revisions"}],"predecessor-version":[{"id":1565,"href":"https:\/\/shetlandsdesbordes.fr\/index.php?rest_route=\/wp\/v2\/pages\/1338\/revisions\/1565"}],"wp:attachment":[{"href":"https:\/\/shetlandsdesbordes.fr\/index.php?rest_route=%2Fwp%2Fv2%2Fmedia&parent=1338"}],"curies":[{"name":"wp","href":"https:\/\/api.w.org\/{rel}","templated":true}]}}