{"id":1334,"date":"2023-01-30T01:15:49","date_gmt":"2023-01-30T00:15:49","guid":{"rendered":"http:\/\/shetlandsdesbordes.fr\/?page_id=1334"},"modified":"2024-04-26T01:21:47","modified_gmt":"2024-04-25T23:21:47","slug":"karadoc-des-bordes","status":"publish","type":"page","link":"https:\/\/shetlandsdesbordes.fr\/?page_id=1334","title":{"rendered":"Karadoc des Bordes"},"content":{"rendered":"\n<p><\/p>\n\n\n\n<p>Karadoc est un magnifique poney alezan cuivr\u00e9. C&rsquo;est le fils de Sharptor Lithium Red et de Rachna v&rsquo;t Kampje (Leopold v&rsquo;d Lienden)<\/p>\n\n\n\n<p>Karadoc a \u00e9t\u00e9 vendu poulain avec sa m\u00e8re, ils sont partis en Camargue dans un \u00e9levage de poneys shetlands et de chevaux camarguais<\/p>\n\n\n\n<figure class=\"wp-block-image size-large\"><img loading=\"lazy\" decoding=\"async\" width=\"950\" height=\"617\" src=\"https:\/\/shetlandsdesbordes.fr\/wp-content\/uploads\/2024\/04\/DSC09206-950x617.jpg\" alt=\"\" class=\"wp-image-1577\" srcset=\"https:\/\/shetlandsdesbordes.fr\/wp-content\/uploads\/2024\/04\/DSC09206-950x617.jpg 950w, https:\/\/shetlandsdesbordes.fr\/wp-content\/uploads\/2024\/04\/DSC09206-300x195.jpg 300w, https:\/\/shetlandsdesbordes.fr\/wp-content\/uploads\/2024\/04\/DSC09206-768x499.jpg 768w, https:\/\/shetlandsdesbordes.fr\/wp-content\/uploads\/2024\/04\/DSC09206-1536x998.jpg 1536w, https:\/\/shetlandsdesbordes.fr\/wp-content\/uploads\/2024\/04\/DSC09206-2048x1331.jpg 2048w\" sizes=\"(max-width: 950px) 100vw, 950px\" \/><\/figure>\n","protected":false},"excerpt":{"rendered":"<p>Karadoc est un magnifique poney alezan cuivr\u00e9. C&rsquo;est le fils de Sharptor Lithium Red et de Rachna v&rsquo;t Kampje (Leopold v&rsquo;d Lienden) Karadoc a \u00e9t\u00e9 vendu poulain avec sa m\u00e8re, ils sont partis en Camargue dans un \u00e9levage de poneys <a class=\"more-link\" href=\"https:\/\/shetlandsdesbordes.fr\/?page_id=1334\">Lire plus &#8230;<\/a><\/p>\n","protected":false},"author":1,"featured_media":0,"parent":0,"menu_order":0,"comment_status":"closed","ping_status":"closed","template":"","meta":{"footnotes":""},"_links":{"self":[{"href":"https:\/\/shetlandsdesbordes.fr\/index.php?rest_route=\/wp\/v2\/pages\/1334"}],"collection":[{"href":"https:\/\/shetlandsdesbordes.fr\/index.php?rest_route=\/wp\/v2\/pages"}],"about":[{"href":"https:\/\/shetlandsdesbordes.fr\/index.php?rest_route=\/wp\/v2\/types\/page"}],"author":[{"embeddable":true,"href":"https:\/\/shetlandsdesbordes.fr\/index.php?rest_route=\/wp\/v2\/users\/1"}],"replies":[{"embeddable":true,"href":"https:\/\/shetlandsdesbordes.fr\/index.php?rest_route=%2Fwp%2Fv2%2Fcomments&post=1334"}],"version-history":[{"count":2,"href":"https:\/\/shetlandsdesbordes.fr\/index.php?rest_route=\/wp\/v2\/pages\/1334\/revisions"}],"predecessor-version":[{"id":1578,"href":"https:\/\/shetlandsdesbordes.fr\/index.php?rest_route=\/wp\/v2\/pages\/1334\/revisions\/1578"}],"wp:attachment":[{"href":"https:\/\/shetlandsdesbordes.fr\/index.php?rest_route=%2Fwp%2Fv2%2Fmedia&parent=1334"}],"curies":[{"name":"wp","href":"https:\/\/api.w.org\/{rel}","templated":true}]}}