{"id":1295,"date":"2023-01-29T19:39:43","date_gmt":"2023-01-29T18:39:43","guid":{"rendered":"http:\/\/shetlandsdesbordes.fr\/?page_id=1295"},"modified":"2023-01-30T00:42:15","modified_gmt":"2023-01-29T23:42:15","slug":"enigme-des-pres-de-la-chaussee","status":"publish","type":"page","link":"https:\/\/shetlandsdesbordes.fr\/?page_id=1295","title":{"rendered":"Enigme des Pr\u00e8s de la chauss\u00e9e"},"content":{"rendered":"\n<p><\/p>\n\n\n\n<p>Enigme est la premi\u00e8re poulini\u00e8re que nous avons acquis en 2000, quand nous avons commenc\u00e9 l&rsquo;\u00e9levage, C&rsquo;est la fille de Adagio de Villeneuve et de Ratz des Vanneaux (Sorell of Houland). <br>Ce sont de vieilles origines fran\u00e7aises, hollandaises et anglaises. <\/p>\n\n\n\n<p>Enigme est qualifi\u00e9e EXCELLENT, elle a produit de nombreux poulains, parmi lesquels Paladin des Bordes que nous avons gard\u00e9 comme \u00e9talon, Tic tac des Bordes qui a encha\u00een\u00e9 plusieurs CSO dont 2 finales sans faute \u00e0 Lamotte-Beuvron, Diabolo des Bordes son dernier poulain est un \u00e9talon qualifi\u00e9 TRES EXCELLENT et champion supr\u00eame r\u00e9serve en 2022 \u00e0 Landivisiau. <\/p>\n\n\n\n<p>Enigme nous a quitt\u00e9 \u00e0 l&rsquo;\u00e2ge de 29 ans, elle nous laisse un grand vide&#8230;<\/p>\n\n\n\n<figure class=\"wp-block-image size-large\"><img decoding=\"async\" src=\"http:\/\/shetlandsdesbordes.fr\/wp-content\/uploads\/2023\/01\/enigme-a-blois-1024x675.jpg\" alt=\"\" class=\"wp-image-1307\"\/><\/figure>\n\n\n\n<figure class=\"wp-block-image size-full\"><img decoding=\"async\" src=\"http:\/\/shetlandsdesbordes.fr\/wp-content\/uploads\/2023\/01\/1470377_10202962298284717_469659029_n.jpg\" alt=\"\" class=\"wp-image-1304\"\/><\/figure>\n","protected":false},"excerpt":{"rendered":"<p>Enigme est la premi\u00e8re poulini\u00e8re que nous avons acquis en 2000, quand nous avons commenc\u00e9 l&rsquo;\u00e9levage, C&rsquo;est la fille de Adagio de Villeneuve et de Ratz des Vanneaux (Sorell of Houland). Ce sont de vieilles origines fran\u00e7aises, hollandaises et anglaises. <a class=\"more-link\" href=\"https:\/\/shetlandsdesbordes.fr\/?page_id=1295\">Lire plus &#8230;<\/a><\/p>\n","protected":false},"author":1,"featured_media":0,"parent":25,"menu_order":0,"comment_status":"closed","ping_status":"closed","template":"","meta":{"footnotes":""},"_links":{"self":[{"href":"https:\/\/shetlandsdesbordes.fr\/index.php?rest_route=\/wp\/v2\/pages\/1295"}],"collection":[{"href":"https:\/\/shetlandsdesbordes.fr\/index.php?rest_route=\/wp\/v2\/pages"}],"about":[{"href":"https:\/\/shetlandsdesbordes.fr\/index.php?rest_route=\/wp\/v2\/types\/page"}],"author":[{"embeddable":true,"href":"https:\/\/shetlandsdesbordes.fr\/index.php?rest_route=\/wp\/v2\/users\/1"}],"replies":[{"embeddable":true,"href":"https:\/\/shetlandsdesbordes.fr\/index.php?rest_route=%2Fwp%2Fv2%2Fcomments&post=1295"}],"version-history":[{"count":2,"href":"https:\/\/shetlandsdesbordes.fr\/index.php?rest_route=\/wp\/v2\/pages\/1295\/revisions"}],"predecessor-version":[{"id":1311,"href":"https:\/\/shetlandsdesbordes.fr\/index.php?rest_route=\/wp\/v2\/pages\/1295\/revisions\/1311"}],"up":[{"embeddable":true,"href":"https:\/\/shetlandsdesbordes.fr\/index.php?rest_route=\/wp\/v2\/pages\/25"}],"wp:attachment":[{"href":"https:\/\/shetlandsdesbordes.fr\/index.php?rest_route=%2Fwp%2Fv2%2Fmedia&parent=1295"}],"curies":[{"name":"wp","href":"https:\/\/api.w.org\/{rel}","templated":true}]}}