{"id":1289,"date":"2023-01-29T19:28:57","date_gmt":"2023-01-29T18:28:57","guid":{"rendered":"http:\/\/shetlandsdesbordes.fr\/?page_id=1289"},"modified":"2023-01-30T00:41:32","modified_gmt":"2023-01-29T23:41:32","slug":"janet-de-la-picherie","status":"publish","type":"page","link":"https:\/\/shetlandsdesbordes.fr\/?page_id=1289","title":{"rendered":"Janet de la Picherie"},"content":{"rendered":"\n<p><\/p>\n\n\n\n<p>Janet est une magnifique jument au palmar\u00e8s incroyable ! C&rsquo;est la fille de Volcan de la Clairi\u00e8re et de Eb\u00e8ne de Bois Guilbert (Navajo de Bois Guilbert)<br>Janet est qualifi\u00e9e TRES EXCELLENT, ELITE, et est championne de FRance FSP des juments suit\u00e9es en 2013 !<br>Janet a produit plusieurs poneys qui s&rsquo;illustrent \u00e9galement en concours, comme Utopie Commanderie que nous avons gard\u00e9e \u00e0 l&rsquo;\u00e9levage.<\/p>\n\n\n\n<p>Janet nous a quitt\u00e9e \u00e0 l&rsquo;\u00e2ge de 23 ans. <\/p>\n\n\n\n<figure class=\"wp-block-image size-large\"><img loading=\"lazy\" decoding=\"async\" width=\"1024\" height=\"756\" src=\"http:\/\/shetlandsdesbordes.fr\/wp-content\/uploads\/2023\/01\/janet-2-1024x756.jpg\" alt=\"\" class=\"wp-image-1305\"\/><\/figure>\n\n\n\n<figure class=\"wp-block-image size-full\"><img decoding=\"async\" src=\"http:\/\/shetlandsdesbordes.fr\/wp-content\/uploads\/2023\/01\/janet-blois-2010-2.jpg\" alt=\"\" class=\"wp-image-1306\"\/><figcaption class=\"wp-element-caption\">IM000160.JPG<\/figcaption><\/figure>\n","protected":false},"excerpt":{"rendered":"<p>Janet est une magnifique jument au palmar\u00e8s incroyable ! C&rsquo;est la fille de Volcan de la Clairi\u00e8re et de Eb\u00e8ne de Bois Guilbert (Navajo de Bois Guilbert)Janet est qualifi\u00e9e TRES EXCELLENT, ELITE, et est championne de FRance FSP des juments <a class=\"more-link\" href=\"https:\/\/shetlandsdesbordes.fr\/?page_id=1289\">Lire plus &#8230;<\/a><\/p>\n","protected":false},"author":1,"featured_media":0,"parent":25,"menu_order":0,"comment_status":"closed","ping_status":"closed","template":"","meta":{"footnotes":""},"_links":{"self":[{"href":"https:\/\/shetlandsdesbordes.fr\/index.php?rest_route=\/wp\/v2\/pages\/1289"}],"collection":[{"href":"https:\/\/shetlandsdesbordes.fr\/index.php?rest_route=\/wp\/v2\/pages"}],"about":[{"href":"https:\/\/shetlandsdesbordes.fr\/index.php?rest_route=\/wp\/v2\/types\/page"}],"author":[{"embeddable":true,"href":"https:\/\/shetlandsdesbordes.fr\/index.php?rest_route=\/wp\/v2\/users\/1"}],"replies":[{"embeddable":true,"href":"https:\/\/shetlandsdesbordes.fr\/index.php?rest_route=%2Fwp%2Fv2%2Fcomments&post=1289"}],"version-history":[{"count":4,"href":"https:\/\/shetlandsdesbordes.fr\/index.php?rest_route=\/wp\/v2\/pages\/1289\/revisions"}],"predecessor-version":[{"id":1310,"href":"https:\/\/shetlandsdesbordes.fr\/index.php?rest_route=\/wp\/v2\/pages\/1289\/revisions\/1310"}],"up":[{"embeddable":true,"href":"https:\/\/shetlandsdesbordes.fr\/index.php?rest_route=\/wp\/v2\/pages\/25"}],"wp:attachment":[{"href":"https:\/\/shetlandsdesbordes.fr\/index.php?rest_route=%2Fwp%2Fv2%2Fmedia&parent=1289"}],"curies":[{"name":"wp","href":"https:\/\/api.w.org\/{rel}","templated":true}]}}