{"id":127,"date":"2018-10-23T15:20:17","date_gmt":"2018-10-23T13:20:17","guid":{"rendered":"http:\/\/shetlandsdesbordes.fr\/?page_id=127"},"modified":"2023-01-31T20:11:50","modified_gmt":"2023-01-31T19:11:50","slug":"sharptor-lithium-red","status":"publish","type":"page","link":"https:\/\/shetlandsdesbordes.fr\/?page_id=127","title":{"rendered":"Sharptor Lithium Red"},"content":{"rendered":"<p><span style=\"color: #000000;\"><span style=\"font-size: large;\">Sharptor Lithium Red est un magnifique \u00e9talon alezan br\u00fbl\u00e9 agr\u00e9\u00e9 n\u00e9 en Angleterre, au sein du c\u00e9l\u00e8bre \u00e9levage Sharptor\/Southley. Cet \u00e9talon nous a \u00e9t\u00e9 confi\u00e9 par l&rsquo;\u00e9levage de La Commanderie. Cet \u00e9talon toise 100 cm, il poss\u00e8de de magnifiques allures, a des crins tr\u00e8s fournis, il correspond parfaitement aux standards attendus de la race shetland !<br \/><\/span><\/span><\/p>\n<p><span style=\"color: #000000;\"><span style=\"font-size: large;\">Son p\u00e8re est Newbarn Piran et sa m\u00e8re Tangies Lily (Southley Maurice). <\/span><\/span><\/p>\n<p><span style=\"color: #000000;\"><span style=\"font-size: large;\">Lithium est champion de France FSP 2014, m\u00e9daille d&rsquo;or et Champion supr\u00eame ! Cet \u00e9talon transmet bien sa g\u00e9n\u00e9tique, que ce soit pour sa robe ou son physique. Plusieurs de ses produits se sont illustr\u00e9s en concours de mod\u00e8les et allures : ainsi\u00a0 Arobase des Bordes est m\u00e9daille d&rsquo;or des poulini\u00e8res suit\u00e9es,\u00a0 Etincell Commanderie est championne de France des foals en 2014, Goldorac des Bordes est champion de France des foals en 2016, Illico des Bordes est champion de France des foals en 2018, Jolie M\u00f4me des Bordes est vice-championne de France en 2019, Flambeau B est vice-champion de France des hongres en 2022 !!<br \/><\/span><\/span><\/p>\n<p>\u00a0<\/p>\n<p><img loading=\"lazy\" decoding=\"async\" class=\"alignnone size-large wp-image-128\" src=\"http:\/\/shetlandsdesbordes.fr\/wp-content\/uploads\/2018\/10\/14.06-4-1024x683.jpg\" alt=\"\" width=\"540\" height=\"360\" \/> <img loading=\"lazy\" decoding=\"async\" class=\"alignnone size-large wp-image-129\" src=\"http:\/\/shetlandsdesbordes.fr\/wp-content\/uploads\/2018\/10\/30.05-1-841x1024.jpg\" alt=\"\" width=\"540\" height=\"658\" \/><\/p>\n<p>\u00a0<\/p>\n<p>\u00a0 <img loading=\"lazy\" decoding=\"async\" class=\"alignnone size-large wp-image-133\" src=\"http:\/\/shetlandsdesbordes.fr\/wp-content\/uploads\/2018\/10\/IMG_0836-957x1024.jpg\" alt=\"\" width=\"540\" height=\"578\" \/> <img loading=\"lazy\" decoding=\"async\" class=\"alignnone size-large wp-image-134\" src=\"http:\/\/shetlandsdesbordes.fr\/wp-content\/uploads\/2018\/10\/IMG_0837-875x1024.jpg\" alt=\"\" width=\"540\" height=\"632\" \/> <img loading=\"lazy\" decoding=\"async\" class=\"alignnone size-large wp-image-136\" src=\"http:\/\/shetlandsdesbordes.fr\/wp-content\/uploads\/2018\/10\/IMG_0851-1024x683.jpg\" alt=\"\" width=\"540\" height=\"360\" \/>\u00a0\u00a0<\/p>\n\n\n<figure class=\"wp-block-image size-large\"><img decoding=\"async\" src=\"http:\/\/shetlandsdesbordes.fr\/wp-content\/uploads\/2020\/07\/lithium-2019-7-1024x768.jpg\" alt=\"\" class=\"wp-image-685\"\/><\/figure>\n\n\n\n<figure class=\"wp-block-image size-large\"><img loading=\"lazy\" decoding=\"async\" width=\"1024\" height=\"656\" src=\"http:\/\/shetlandsdesbordes.fr\/wp-content\/uploads\/2020\/07\/lithium-7-1024x656.jpg\" alt=\"\" class=\"wp-image-687\"\/><\/figure>\n\n\n\n<figure class=\"wp-block-image size-large\"><img loading=\"lazy\" decoding=\"async\" width=\"1024\" height=\"768\" src=\"http:\/\/shetlandsdesbordes.fr\/wp-content\/uploads\/2020\/07\/lithium-20-1024x768.jpg\" alt=\"\" class=\"wp-image-688\"\/><figcaption class=\"wp-element-caption\">Lithium champion supr\u00eame !!<br><\/figcaption><\/figure>\n\n\n","protected":false},"excerpt":{"rendered":"<p>Sharptor Lithium Red est un magnifique \u00e9talon alezan br\u00fbl\u00e9 agr\u00e9\u00e9 n\u00e9 en Angleterre, au sein du c\u00e9l\u00e8bre \u00e9levage Sharptor\/Southley. Cet \u00e9talon nous a \u00e9t\u00e9 confi\u00e9 par l&rsquo;\u00e9levage de La Commanderie. Cet \u00e9talon toise 100 cm, il poss\u00e8de de magnifiques allures, <a class=\"more-link\" href=\"https:\/\/shetlandsdesbordes.fr\/?page_id=127\">Lire plus &#8230;<\/a><\/p>\n","protected":false},"author":2,"featured_media":0,"parent":22,"menu_order":0,"comment_status":"closed","ping_status":"closed","template":"","meta":{"footnotes":""},"_links":{"self":[{"href":"https:\/\/shetlandsdesbordes.fr\/index.php?rest_route=\/wp\/v2\/pages\/127"}],"collection":[{"href":"https:\/\/shetlandsdesbordes.fr\/index.php?rest_route=\/wp\/v2\/pages"}],"about":[{"href":"https:\/\/shetlandsdesbordes.fr\/index.php?rest_route=\/wp\/v2\/types\/page"}],"author":[{"embeddable":true,"href":"https:\/\/shetlandsdesbordes.fr\/index.php?rest_route=\/wp\/v2\/users\/2"}],"replies":[{"embeddable":true,"href":"https:\/\/shetlandsdesbordes.fr\/index.php?rest_route=%2Fwp%2Fv2%2Fcomments&post=127"}],"version-history":[{"count":5,"href":"https:\/\/shetlandsdesbordes.fr\/index.php?rest_route=\/wp\/v2\/pages\/127\/revisions"}],"predecessor-version":[{"id":1370,"href":"https:\/\/shetlandsdesbordes.fr\/index.php?rest_route=\/wp\/v2\/pages\/127\/revisions\/1370"}],"up":[{"embeddable":true,"href":"https:\/\/shetlandsdesbordes.fr\/index.php?rest_route=\/wp\/v2\/pages\/22"}],"wp:attachment":[{"href":"https:\/\/shetlandsdesbordes.fr\/index.php?rest_route=%2Fwp%2Fv2%2Fmedia&parent=127"}],"curies":[{"name":"wp","href":"https:\/\/api.w.org\/{rel}","templated":true}]}}