{"id":1244,"date":"2023-01-31T19:55:38","date_gmt":"2023-01-31T18:55:38","guid":{"rendered":"http:\/\/shetlandsdesbordes.fr\/?page_id=1244"},"modified":"2023-01-31T19:55:39","modified_gmt":"2023-01-31T18:55:39","slug":"sonate-des-bordes","status":"publish","type":"page","link":"https:\/\/shetlandsdesbordes.fr\/?page_id=1244","title":{"rendered":"Sonate des Bordes"},"content":{"rendered":"\n<p><\/p>\n\n\n\n<p>Sonate est une magnifique jument palomino. C&rsquo;est la fille de Bibilolo de Villeneuve et de Enigme des pr\u00e8s de la chauss\u00e9e (Adagio de Villeneuve)<\/p>\n\n\n\n<p>Sonate est typ\u00e9e sport, elle toise 107 cm, elle est tr\u00e8s qualiteuse sur les barres. <br>Cependant, c&rsquo;est une carri\u00e8re de poulini\u00e8re qu&rsquo;elle m\u00e8ne avec succ\u00e8s, au sein de l&rsquo;\u00e9levage des Volts de Mathieu Papegay en Normandie. <\/p>\n\n\n\n<p><\/p>\n\n\n\n<p><\/p>\n\n\n\n<p><\/p>\n\n\n\n<p><\/p>\n\n\n","protected":false},"excerpt":{"rendered":"<p>Sonate est une magnifique jument palomino. C&rsquo;est la fille de Bibilolo de Villeneuve et de Enigme des pr\u00e8s de la chauss\u00e9e (Adagio de Villeneuve) Sonate est typ\u00e9e sport, elle toise 107 cm, elle est tr\u00e8s qualiteuse sur les barres. Cependant, <a class=\"more-link\" href=\"https:\/\/shetlandsdesbordes.fr\/?page_id=1244\">Lire plus &#8230;<\/a><\/p>\n","protected":false},"author":1,"featured_media":0,"parent":0,"menu_order":0,"comment_status":"closed","ping_status":"closed","template":"","meta":{"footnotes":""},"_links":{"self":[{"href":"https:\/\/shetlandsdesbordes.fr\/index.php?rest_route=\/wp\/v2\/pages\/1244"}],"collection":[{"href":"https:\/\/shetlandsdesbordes.fr\/index.php?rest_route=\/wp\/v2\/pages"}],"about":[{"href":"https:\/\/shetlandsdesbordes.fr\/index.php?rest_route=\/wp\/v2\/types\/page"}],"author":[{"embeddable":true,"href":"https:\/\/shetlandsdesbordes.fr\/index.php?rest_route=\/wp\/v2\/users\/1"}],"replies":[{"embeddable":true,"href":"https:\/\/shetlandsdesbordes.fr\/index.php?rest_route=%2Fwp%2Fv2%2Fcomments&post=1244"}],"version-history":[{"count":1,"href":"https:\/\/shetlandsdesbordes.fr\/index.php?rest_route=\/wp\/v2\/pages\/1244\/revisions"}],"predecessor-version":[{"id":1362,"href":"https:\/\/shetlandsdesbordes.fr\/index.php?rest_route=\/wp\/v2\/pages\/1244\/revisions\/1362"}],"wp:attachment":[{"href":"https:\/\/shetlandsdesbordes.fr\/index.php?rest_route=%2Fwp%2Fv2%2Fmedia&parent=1244"}],"curies":[{"name":"wp","href":"https:\/\/api.w.org\/{rel}","templated":true}]}}