{"id":1243,"date":"2023-01-31T19:58:25","date_gmt":"2023-01-31T18:58:25","guid":{"rendered":"http:\/\/shetlandsdesbordes.fr\/?page_id=1243"},"modified":"2023-01-31T19:58:26","modified_gmt":"2023-01-31T18:58:26","slug":"tic-tac-des-bordes","status":"publish","type":"page","link":"https:\/\/shetlandsdesbordes.fr\/?page_id=1243","title":{"rendered":"Tic Tac des Bordes"},"content":{"rendered":"\n<p><\/p>\n\n\n\n<p>Tic Tac est un sublime poney de sport palomino ! C&rsquo;est le fils de Bibilolo de Villeneuve et de Enigme des pr\u00e8s de la chauss\u00e9e (Adagio de Villeneuve)<\/p>\n\n\n\n<p>Tic tac a \u00e9t\u00e9 vendu \u00e0 une monitrice d&rsquo;\u00e9quiation dans la r\u00e9gion de Lyon, il a fait plusieurs ann\u00e9es de CSO et est double finaliste 2 ann\u00e9es de suite au championnat de France \u00e0 Lamotte-Beuvron !! Nous sommes tr\u00e8s fiers du beau parcours de ce poney !<\/p>\n","protected":false},"excerpt":{"rendered":"<p>Tic Tac est un sublime poney de sport palomino ! C&rsquo;est le fils de Bibilolo de Villeneuve et de Enigme des pr\u00e8s de la chauss\u00e9e (Adagio de Villeneuve) Tic tac a \u00e9t\u00e9 vendu \u00e0 une monitrice d&rsquo;\u00e9quiation dans la r\u00e9gion <a class=\"more-link\" href=\"https:\/\/shetlandsdesbordes.fr\/?page_id=1243\">Lire plus &#8230;<\/a><\/p>\n","protected":false},"author":1,"featured_media":0,"parent":0,"menu_order":0,"comment_status":"closed","ping_status":"closed","template":"","meta":{"footnotes":""},"_links":{"self":[{"href":"https:\/\/shetlandsdesbordes.fr\/index.php?rest_route=\/wp\/v2\/pages\/1243"}],"collection":[{"href":"https:\/\/shetlandsdesbordes.fr\/index.php?rest_route=\/wp\/v2\/pages"}],"about":[{"href":"https:\/\/shetlandsdesbordes.fr\/index.php?rest_route=\/wp\/v2\/types\/page"}],"author":[{"embeddable":true,"href":"https:\/\/shetlandsdesbordes.fr\/index.php?rest_route=\/wp\/v2\/users\/1"}],"replies":[{"embeddable":true,"href":"https:\/\/shetlandsdesbordes.fr\/index.php?rest_route=%2Fwp%2Fv2%2Fcomments&post=1243"}],"version-history":[{"count":1,"href":"https:\/\/shetlandsdesbordes.fr\/index.php?rest_route=\/wp\/v2\/pages\/1243\/revisions"}],"predecessor-version":[{"id":1363,"href":"https:\/\/shetlandsdesbordes.fr\/index.php?rest_route=\/wp\/v2\/pages\/1243\/revisions\/1363"}],"wp:attachment":[{"href":"https:\/\/shetlandsdesbordes.fr\/index.php?rest_route=%2Fwp%2Fv2%2Fmedia&parent=1243"}],"curies":[{"name":"wp","href":"https:\/\/api.w.org\/{rel}","templated":true}]}}