{"id":1239,"date":"2023-01-25T20:51:09","date_gmt":"2023-01-25T19:51:09","guid":{"rendered":"http:\/\/shetlandsdesbordes.fr\/?page_id=1239"},"modified":"2023-01-30T00:56:01","modified_gmt":"2023-01-29T23:56:01","slug":"diabolo-des-bordes","status":"publish","type":"page","link":"https:\/\/shetlandsdesbordes.fr\/?page_id=1239","title":{"rendered":"Diabolo des Bordes"},"content":{"rendered":"\n<p><\/p>\n\n\n\n<p>Diabolo est un sublime \u00e9talon palomino, de taille grand standard. C&rsquo;est le fils de Bibilolo des Bordes et de Enigme des pr\u00e8s de la chauss\u00e9e. <br>Diabolo est qualifi\u00e9 TRES EXCELLENT, il remporte la section des \u00e9talons \u00e0 Landvisiau en 2022 \u00e0 l&rsquo;\u00e2ge de 9 ans, et est sacr\u00e9 champion supr\u00eame r\u00e9serve !<\/p>\n\n\n\n<p>Diabolo a eu plusieurs propri\u00e9taires diff\u00e9rents, il a beaucoup voyag\u00e9, puisqu&rsquo;il est parti dans le sud-est et vit d\u00e9sormais en Bretagne chez une \u00e9leveuse.<\/p>\n\n\n\n<figure class=\"wp-block-image size-full\"><img decoding=\"async\" src=\"http:\/\/shetlandsdesbordes.fr\/wp-content\/uploads\/2023\/01\/3.jpg\" alt=\"\" class=\"wp-image-1256\"\/><figcaption class=\"wp-element-caption\">Diabolo \u00e0 l&rsquo;\u00e2ge de 2 ans <\/figcaption><\/figure>\n","protected":false},"excerpt":{"rendered":"<p>Diabolo est un sublime \u00e9talon palomino, de taille grand standard. C&rsquo;est le fils de Bibilolo des Bordes et de Enigme des pr\u00e8s de la chauss\u00e9e. Diabolo est qualifi\u00e9 TRES EXCELLENT, il remporte la section des \u00e9talons \u00e0 Landvisiau en 2022 <a class=\"more-link\" href=\"https:\/\/shetlandsdesbordes.fr\/?page_id=1239\">Lire plus &#8230;<\/a><\/p>\n","protected":false},"author":1,"featured_media":0,"parent":31,"menu_order":0,"comment_status":"closed","ping_status":"closed","template":"","meta":{"footnotes":""},"_links":{"self":[{"href":"https:\/\/shetlandsdesbordes.fr\/index.php?rest_route=\/wp\/v2\/pages\/1239"}],"collection":[{"href":"https:\/\/shetlandsdesbordes.fr\/index.php?rest_route=\/wp\/v2\/pages"}],"about":[{"href":"https:\/\/shetlandsdesbordes.fr\/index.php?rest_route=\/wp\/v2\/types\/page"}],"author":[{"embeddable":true,"href":"https:\/\/shetlandsdesbordes.fr\/index.php?rest_route=\/wp\/v2\/users\/1"}],"replies":[{"embeddable":true,"href":"https:\/\/shetlandsdesbordes.fr\/index.php?rest_route=%2Fwp%2Fv2%2Fcomments&post=1239"}],"version-history":[{"count":1,"href":"https:\/\/shetlandsdesbordes.fr\/index.php?rest_route=\/wp\/v2\/pages\/1239\/revisions"}],"predecessor-version":[{"id":1257,"href":"https:\/\/shetlandsdesbordes.fr\/index.php?rest_route=\/wp\/v2\/pages\/1239\/revisions\/1257"}],"up":[{"embeddable":true,"href":"https:\/\/shetlandsdesbordes.fr\/index.php?rest_route=\/wp\/v2\/pages\/31"}],"wp:attachment":[{"href":"https:\/\/shetlandsdesbordes.fr\/index.php?rest_route=%2Fwp%2Fv2%2Fmedia&parent=1239"}],"curies":[{"name":"wp","href":"https:\/\/api.w.org\/{rel}","templated":true}]}}