{"id":1233,"date":"2023-01-25T20:37:26","date_gmt":"2023-01-25T19:37:26","guid":{"rendered":"http:\/\/shetlandsdesbordes.fr\/?page_id=1233"},"modified":"2024-04-26T01:18:50","modified_gmt":"2024-04-25T23:18:50","slug":"gatsby-des-bordes","status":"publish","type":"page","link":"https:\/\/shetlandsdesbordes.fr\/?page_id=1233","title":{"rendered":"Gatsby des Bordes"},"content":{"rendered":"\n<p><\/p>\n\n\n\n<p>Gatsby est un sublime poney noir, avec des origines 100% anglaises ! C&rsquo;est en effet le fils de Sharptor Lithium Red et de Linka de Cottard (Hose Personality). Ses 2 parents sont m\u00e9daille d&rsquo;or et champions de France FSP, sa m\u00e8re est qualifi\u00e9e TRES EXCELLENT. <br>Gatsby a \u00e9t\u00e9 achet\u00e9 par notre v\u00e9t\u00e9rinaire, qui l&rsquo;utilise pour l&rsquo;attelage, nul doute qu&rsquo;il a un suivi de sant\u00e9 tr\u00e8s strict !<\/p>\n\n\n\n<figure class=\"wp-block-image size-full\"><img decoding=\"async\" src=\"http:\/\/shetlandsdesbordes.fr\/wp-content\/uploads\/2023\/01\/gatsby-11.jpg\" alt=\"\" class=\"wp-image-1252\"\/><figcaption class=\"wp-element-caption\">Gatsby \u00e0 la naissance<\/figcaption><\/figure>\n\n\n\n<p><\/p>\n\n\n\n<figure class=\"wp-block-image size-large\"><img decoding=\"async\" src=\"http:\/\/shetlandsdesbordes.fr\/wp-content\/uploads\/2023\/01\/gatsby-44-1024x607.jpg\" alt=\"\" class=\"wp-image-1253\"\/><figcaption class=\"wp-element-caption\">Gatsby avec sa m\u00e8re<\/figcaption><\/figure>\n\n\n\n<p><\/p>\n","protected":false},"excerpt":{"rendered":"<p>Gatsby est un sublime poney noir, avec des origines 100% anglaises ! C&rsquo;est en effet le fils de Sharptor Lithium Red et de Linka de Cottard (Hose Personality). Ses 2 parents sont m\u00e9daille d&rsquo;or et champions de France FSP, sa <a class=\"more-link\" href=\"https:\/\/shetlandsdesbordes.fr\/?page_id=1233\">Lire plus &#8230;<\/a><\/p>\n","protected":false},"author":1,"featured_media":0,"parent":31,"menu_order":0,"comment_status":"closed","ping_status":"closed","template":"","meta":{"footnotes":""},"_links":{"self":[{"href":"https:\/\/shetlandsdesbordes.fr\/index.php?rest_route=\/wp\/v2\/pages\/1233"}],"collection":[{"href":"https:\/\/shetlandsdesbordes.fr\/index.php?rest_route=\/wp\/v2\/pages"}],"about":[{"href":"https:\/\/shetlandsdesbordes.fr\/index.php?rest_route=\/wp\/v2\/types\/page"}],"author":[{"embeddable":true,"href":"https:\/\/shetlandsdesbordes.fr\/index.php?rest_route=\/wp\/v2\/users\/1"}],"replies":[{"embeddable":true,"href":"https:\/\/shetlandsdesbordes.fr\/index.php?rest_route=%2Fwp%2Fv2%2Fcomments&post=1233"}],"version-history":[{"count":3,"href":"https:\/\/shetlandsdesbordes.fr\/index.php?rest_route=\/wp\/v2\/pages\/1233\/revisions"}],"predecessor-version":[{"id":1575,"href":"https:\/\/shetlandsdesbordes.fr\/index.php?rest_route=\/wp\/v2\/pages\/1233\/revisions\/1575"}],"up":[{"embeddable":true,"href":"https:\/\/shetlandsdesbordes.fr\/index.php?rest_route=\/wp\/v2\/pages\/31"}],"wp:attachment":[{"href":"https:\/\/shetlandsdesbordes.fr\/index.php?rest_route=%2Fwp%2Fv2%2Fmedia&parent=1233"}],"curies":[{"name":"wp","href":"https:\/\/api.w.org\/{rel}","templated":true}]}}